{"id":3586,"date":"2025-09-07T09:08:27","date_gmt":"2025-09-07T07:08:27","guid":{"rendered":"https:\/\/rrunning.tribalt.agency\/?post_type=product&#038;p=3586"},"modified":"2025-09-16T19:26:37","modified_gmt":"2025-09-16T17:26:37","slug":"gravity-10-bleu","status":"publish","type":"product","link":"https:\/\/rrunning.tribalt.agency\/?product=gravity-10-bleu","title":{"rendered":"GRAVITY 10 BLEU"},"content":{"rendered":"<p>Le gilet d\u2019hydratation GRAVITY 10 est l\u2019\u00e9quipement id\u00e9al pour les sportifs \u00e0 la recherche de performance et de confort. L\u00e9ger, respirant et con\u00e7u pour s\u2019adapter \u00e0 toutes les morphologies, il offre une organisation optimale gr\u00e2ce \u00e0 ses nombreuses poches et son syst\u00e8me de serrage ajustable. Parfait pour vos activit\u00e9s Outdoor, il vous garantit un maintien stable, une hydratation facile et une visibilit\u00e9 accrue lors de vos sorties.<\/p>\n<h4><strong>Caract\u00e9ristiques principales GRAVITY 10 :<\/strong><\/h4>\n<ul>\n<li><strong>Capacit\u00e9 :<\/strong>\u00a010 Litres<\/li>\n<li><strong>Poches pratiques :<\/strong>\n<ul>\n<li><strong>Poches zipp\u00e9es avant et bas de sac<\/strong>, r\u00e9sistantes \u00e0 l\u2019eau.<\/li>\n<li><strong>Poches extensibles ajour\u00e9es<\/strong>\u00a0\u00e0 l\u2019avant et \u00e0 l\u2019arri\u00e8re pour ranger facilement des objets suppl\u00e9mentaires.<\/li>\n<li><strong>Poche carquois dorsale\u00a0<\/strong>pour b\u00e2tons et accessoires.<\/li>\n<li><strong>Poche horizontale au bas du sac<\/strong>\u00a0pour b\u00e2tons ou autres \u00e9quipements.<\/li>\n<\/ul>\n<\/li>\n<li><strong>Confort et ajustement :<\/strong>\n<ul>\n<li><strong>Syst\u00e8me de serrage ventral et pectoral<\/strong>\u00a0pour un ajustement pr\u00e9cis et personnalis\u00e9.<\/li>\n<li><strong>Syst\u00e8me de serrage lat\u00e9ral<\/strong>\u00a0permettant de r\u00e9gler le volume du sac en fonction de vos besoins.<\/li>\n<li><strong>Tissu mesh 3D tr\u00e8s respirant<\/strong>, avec s\u00e9chage rapide pour un confort maximal pendant l\u2019effort.<\/li>\n<li><strong>Tissu extensible<\/strong>\u00a0pour s\u2019adapter \u00e0 vos mouvements et garantir une libert\u00e9 totale.<\/li>\n<\/ul>\n<\/li>\n<li><strong>Visibilit\u00e9 et s\u00e9curit\u00e9 :<\/strong>\n<ul>\n<li><strong>\u00c9l\u00e9ments r\u00e9fl\u00e9chissants<\/strong>\u00a0pour une meilleure visibilit\u00e9 en conditions de faible luminosit\u00e9.<\/li>\n<\/ul>\n<\/li>\n<li><strong>Accessoires inclus :<\/strong>\n<ul>\n<li><strong>2 flasks de 500 ml<\/strong>\u00a0pour une hydratation rapide et efficace pendant vos courses ou randonn\u00e9es.<\/li>\n<\/ul>\n<\/li>\n<li><strong>Disponibilit\u00e9 coloris :<\/strong>\n<ul>\n<li>Mod\u00e8le mixte : Bleu, Vert<\/li>\n<li>Mod\u00e8le femme : Rose, light blue<\/li>\n<\/ul>\n<\/li>\n<li><strong>Con\u00e7u pour les femmes<\/strong>\u00a0: Con\u00e7u sp\u00e9cifiquement pour les coureuses, le Gravity 10 pr\u00e9sente des\u00a0<strong>bretelles redessin\u00e9es<\/strong>\u00a0avec une\u00a0<strong>\u00e9chancrure plus marqu\u00e9e<\/strong>, pour \u00e9viter les frottements au niveau du cou et de la nuque. Enfin, la tige du dos a \u00e9t\u00e9 raccourcie pour r\u00e9duire les \u00e9chauffements et les irritations au niveau des lombaires. Le positionnement des flasques est pens\u00e9 pour \u00e9viter tout contact avec la poitrine.<\/li>\n<\/ul>\n<p><strong>Avantages :<\/strong><\/p>\n<ul>\n<li>Confort ajustable gr\u00e2ce aux syst\u00e8mes de serrage ventral, pectoral et lat\u00e9ral.<\/li>\n<li>Design l\u00e9ger et respirant avec des mat\u00e9riaux \u00e0 s\u00e9chage rapide.<\/li>\n<li>Pratique avec des poches fonctionnelles et des flasques incluses.<\/li>\n<li>Haute visibilit\u00e9 et s\u00e9curit\u00e9 gr\u00e2ce aux \u00e9l\u00e9ments r\u00e9fl\u00e9chissants.<\/li>\n<\/ul>\n","protected":false},"excerpt":{"rendered":"<p>Le gilet d\u2019hydratation GRAVITY 10 est l\u2019\u00e9quipement id\u00e9al pour les sportifs \u00e0 la recherche de performance et de confort. L\u00e9ger, respirant et con\u00e7u pour s\u2019adapter \u00e0 toutes les morphologies, il offre une organisation optimale gr\u00e2ce \u00e0 ses nombreuses poches et son syst\u00e8me de serrage ajustable. Parfait pour vos activit\u00e9s Outdoor, il vous garantit un maintien [&hellip;]<\/p>\n","protected":false},"featured_media":3589,"template":"","meta":[],"pwb-brand":[153],"product_brand":[],"product_cat":[34],"product_tag":[],"class_list":{"0":"post-3586","1":"product","2":"type-product","3":"status-publish","4":"has-post-thumbnail","6":"pwb-brand-oxsitis","7":"product_cat-sac-dhydratation-poche-a-eau","9":"first","10":"instock","11":"shipping-taxable","12":"purchasable","13":"product-type-simple"},"brands":[{"id":153,"name":"OXSITIS","slug":"oxsitis"}],"_links":{"self":[{"href":"https:\/\/rrunning.tribalt.agency\/index.php?rest_route=\/wp\/v2\/product\/3586","targetHints":{"allow":["GET"]}}],"collection":[{"href":"https:\/\/rrunning.tribalt.agency\/index.php?rest_route=\/wp\/v2\/product"}],"about":[{"href":"https:\/\/rrunning.tribalt.agency\/index.php?rest_route=\/wp\/v2\/types\/product"}],"wp:featuredmedia":[{"embeddable":true,"href":"https:\/\/rrunning.tribalt.agency\/index.php?rest_route=\/wp\/v2\/media\/3589"}],"wp:attachment":[{"href":"https:\/\/rrunning.tribalt.agency\/index.php?rest_route=%2Fwp%2Fv2%2Fmedia&parent=3586"}],"wp:term":[{"taxonomy":"pwb-brand","embeddable":true,"href":"https:\/\/rrunning.tribalt.agency\/index.php?rest_route=%2Fwp%2Fv2%2Fpwb-brand&post=3586"},{"taxonomy":"product_brand","embeddable":true,"href":"https:\/\/rrunning.tribalt.agency\/index.php?rest_route=%2Fwp%2Fv2%2Fproduct_brand&post=3586"},{"taxonomy":"product_cat","embeddable":true,"href":"https:\/\/rrunning.tribalt.agency\/index.php?rest_route=%2Fwp%2Fv2%2Fproduct_cat&post=3586"},{"taxonomy":"product_tag","embeddable":true,"href":"https:\/\/rrunning.tribalt.agency\/index.php?rest_route=%2Fwp%2Fv2%2Fproduct_tag&post=3586"}],"curies":[{"name":"wp","href":"https:\/\/api.w.org\/{rel}","templated":true}]}}