{"id":3567,"date":"2025-09-07T08:49:57","date_gmt":"2025-09-07T06:49:57","guid":{"rendered":"https:\/\/rrunning.tribalt.agency\/?post_type=product&#038;p=3567"},"modified":"2025-09-16T19:23:41","modified_gmt":"2025-09-16T17:23:41","slug":"gants-wp","status":"publish","type":"product","link":"https:\/\/rrunning.tribalt.agency\/?product=gants-wp","title":{"rendered":"GANTS WP"},"content":{"rendered":"<p>D\u00e9couvrez les\u00a0<strong>gants WP<\/strong>\u00a0(<em>Windproof<\/em>)\u00a0<strong>Oxsitis<\/strong>, l\u2019accessoire incontournable pour garder vos\u00a0<strong>mains<\/strong>\u00a0au chaud durant vos activit\u00e9s sportives hivernales. Gr\u00e2ce \u00e0 leur conception sp\u00e9ciale, ces gants\u00a0<strong>minimisent la perte de chaleur<\/strong>, qui s\u2019effectue principalement par les extr\u00e9mit\u00e9s, optimisant ainsi vos performances sans compromettre votre Energie.<\/p>\n<p><strong>Caract\u00e9ristiques principales<\/strong>\u00a0:<\/p>\n<ul>\n<li><strong>Propri\u00e9t\u00e9s coupe-vent<\/strong>\u00a0: Prot\u00e9gez vous efficacement du froid pour des s\u00e9ances prolong\u00e9es.<\/li>\n<li><strong>Tissu antid\u00e9rapant<\/strong>\u00a0: Les paumes sont con\u00e7ues pour offrir une adh\u00e9rence maximale. Ainsi vous pourrez saisir des objets ou manipuler vos b\u00e2tons.<\/li>\n<li><strong>Eponge absorbante<\/strong>\u00a0: La partie sup\u00e9rieure des pouces en mati\u00e8re \u00e9ponge vous permet d\u2019essuyer la transpiration de votre visage, pratique lors des efforts intenses.<\/li>\n<li><strong>Visibilit\u00e9 accrue<\/strong>\u00a0: Dot\u00e9s de d\u00e9tails r\u00e9fl\u00e9chissants, ces gants garantissent votre s\u00e9curit\u00e9. Rendez-vous visible aux autres usagers des sentiers et des routes.<\/li>\n<li><strong>Compatibilit\u00e9 tactile<\/strong>\u00a0: Restez connect\u00e9 ! Utilisez votre t\u00e9l\u00e9phone sans avoir \u00e0 retirer vos gants.<\/li>\n<\/ul>\n<p>Ne laissez pas le froid vous freiner dans votre pratique du trail running. Optez pour les gants WP Oxsitis et profitez pleinement de votre passion, quelles que soient les conditions.<\/p>\n","protected":false},"excerpt":{"rendered":"<p>D\u00e9couvrez les\u00a0gants WP\u00a0(Windproof)\u00a0Oxsitis, l\u2019accessoire incontournable pour garder vos\u00a0mains\u00a0au chaud durant vos activit\u00e9s sportives hivernales. Gr\u00e2ce \u00e0 leur conception sp\u00e9ciale, ces gants\u00a0minimisent la perte de chaleur, qui s\u2019effectue principalement par les extr\u00e9mit\u00e9s, optimisant ainsi vos performances sans compromettre votre Energie. Caract\u00e9ristiques principales\u00a0: Propri\u00e9t\u00e9s coupe-vent\u00a0: Prot\u00e9gez vous efficacement du froid pour des s\u00e9ances prolong\u00e9es. Tissu antid\u00e9rapant\u00a0: Les [&hellip;]<\/p>\n","protected":false},"featured_media":3568,"template":"","meta":[],"pwb-brand":[153],"product_brand":[],"product_cat":[31],"product_tag":[],"class_list":{"0":"post-3567","1":"product","2":"type-product","3":"status-publish","4":"has-post-thumbnail","6":"pwb-brand-oxsitis","7":"product_cat-gants","9":"first","10":"instock","11":"shipping-taxable","12":"purchasable","13":"product-type-simple"},"brands":[{"id":153,"name":"OXSITIS","slug":"oxsitis"}],"_links":{"self":[{"href":"https:\/\/rrunning.tribalt.agency\/index.php?rest_route=\/wp\/v2\/product\/3567","targetHints":{"allow":["GET"]}}],"collection":[{"href":"https:\/\/rrunning.tribalt.agency\/index.php?rest_route=\/wp\/v2\/product"}],"about":[{"href":"https:\/\/rrunning.tribalt.agency\/index.php?rest_route=\/wp\/v2\/types\/product"}],"wp:featuredmedia":[{"embeddable":true,"href":"https:\/\/rrunning.tribalt.agency\/index.php?rest_route=\/wp\/v2\/media\/3568"}],"wp:attachment":[{"href":"https:\/\/rrunning.tribalt.agency\/index.php?rest_route=%2Fwp%2Fv2%2Fmedia&parent=3567"}],"wp:term":[{"taxonomy":"pwb-brand","embeddable":true,"href":"https:\/\/rrunning.tribalt.agency\/index.php?rest_route=%2Fwp%2Fv2%2Fpwb-brand&post=3567"},{"taxonomy":"product_brand","embeddable":true,"href":"https:\/\/rrunning.tribalt.agency\/index.php?rest_route=%2Fwp%2Fv2%2Fproduct_brand&post=3567"},{"taxonomy":"product_cat","embeddable":true,"href":"https:\/\/rrunning.tribalt.agency\/index.php?rest_route=%2Fwp%2Fv2%2Fproduct_cat&post=3567"},{"taxonomy":"product_tag","embeddable":true,"href":"https:\/\/rrunning.tribalt.agency\/index.php?rest_route=%2Fwp%2Fv2%2Fproduct_tag&post=3567"}],"curies":[{"name":"wp","href":"https:\/\/api.w.org\/{rel}","templated":true}]}}