{"id":3559,"date":"2025-09-06T18:04:57","date_gmt":"2025-09-06T16:04:57","guid":{"rendered":"https:\/\/rrunning.tribalt.agency\/?post_type=product&#038;p=3559"},"modified":"2025-09-06T18:06:36","modified_gmt":"2025-09-06T16:06:36","slug":"energy-drink-watermelon-sachet-individuel","status":"publish","type":"product","link":"https:\/\/rrunning.tribalt.agency\/?product=energy-drink-watermelon-sachet-individuel","title":{"rendered":"ENERGY DRINK WATERMELON SACHET INDIVIDUEL"},"content":{"rendered":"<p>Alimentez votre ultra avec une nutrition compl\u00e8te sous forme liquide.<\/p>\n<p>Rafra\u00eechissante, facile \u00e0 dig\u00e9rer et \u00e0 absorption rapide, notre boisson d'effort vous fournit une \u00e9nergie longue dur\u00e9e et tous les nutriments n\u00e9cessaires pour vos d\u00e9fis d'endurance et ultra-endurance.<\/p>\n<p>Compos\u00e9 de 11% d'ingr\u00e9dients revaloris\u00e9s, un sachet individuel de boisson d'effort N\u00e4ak Ultra Energy\u2122 vous apporte 250 calories pour 500ml d'eau.<\/p>\n","protected":false},"excerpt":{"rendered":"<p>Alimentez votre ultra avec une nutrition compl\u00e8te sous forme liquide. Rafra\u00eechissante, facile \u00e0 dig\u00e9rer et \u00e0 absorption rapide, notre boisson d'effort vous fournit une \u00e9nergie longue dur\u00e9e et tous les nutriments n\u00e9cessaires pour vos d\u00e9fis d'endurance et ultra-endurance. Compos\u00e9 de 11% d'ingr\u00e9dients revaloris\u00e9s, un sachet individuel de boisson d'effort N\u00e4ak Ultra Energy\u2122 vous apporte 250 [&hellip;]<\/p>\n","protected":false},"featured_media":3560,"template":"","meta":[],"pwb-brand":[110],"product_brand":[],"product_cat":[84],"product_tag":[],"class_list":{"0":"post-3559","1":"product","2":"type-product","3":"status-publish","4":"has-post-thumbnail","6":"pwb-brand-naak","7":"product_cat-nutrition","9":"first","10":"instock","11":"shipping-taxable","12":"purchasable","13":"product-type-simple"},"brands":[{"id":110,"name":"NAAK","slug":"naak"}],"_links":{"self":[{"href":"https:\/\/rrunning.tribalt.agency\/index.php?rest_route=\/wp\/v2\/product\/3559","targetHints":{"allow":["GET"]}}],"collection":[{"href":"https:\/\/rrunning.tribalt.agency\/index.php?rest_route=\/wp\/v2\/product"}],"about":[{"href":"https:\/\/rrunning.tribalt.agency\/index.php?rest_route=\/wp\/v2\/types\/product"}],"wp:featuredmedia":[{"embeddable":true,"href":"https:\/\/rrunning.tribalt.agency\/index.php?rest_route=\/wp\/v2\/media\/3560"}],"wp:attachment":[{"href":"https:\/\/rrunning.tribalt.agency\/index.php?rest_route=%2Fwp%2Fv2%2Fmedia&parent=3559"}],"wp:term":[{"taxonomy":"pwb-brand","embeddable":true,"href":"https:\/\/rrunning.tribalt.agency\/index.php?rest_route=%2Fwp%2Fv2%2Fpwb-brand&post=3559"},{"taxonomy":"product_brand","embeddable":true,"href":"https:\/\/rrunning.tribalt.agency\/index.php?rest_route=%2Fwp%2Fv2%2Fproduct_brand&post=3559"},{"taxonomy":"product_cat","embeddable":true,"href":"https:\/\/rrunning.tribalt.agency\/index.php?rest_route=%2Fwp%2Fv2%2Fproduct_cat&post=3559"},{"taxonomy":"product_tag","embeddable":true,"href":"https:\/\/rrunning.tribalt.agency\/index.php?rest_route=%2Fwp%2Fv2%2Fproduct_tag&post=3559"}],"curies":[{"name":"wp","href":"https:\/\/api.w.org\/{rel}","templated":true}]}}