{"id":3557,"date":"2025-09-06T17:55:47","date_gmt":"2025-09-06T15:55:47","guid":{"rendered":"https:\/\/rrunning.tribalt.agency\/?post_type=product&#038;p=3557"},"modified":"2025-09-16T19:15:55","modified_gmt":"2025-09-16T17:15:55","slug":"wave-walker-femme","status":"publish","type":"product","link":"https:\/\/rrunning.tribalt.agency\/?product=wave-walker-femme","title":{"rendered":"WAVE WALKER FEMME"},"content":{"rendered":"<p>Fort de nos 15 ans d'exp\u00e9rience en fabrication de combinaisons , Mako est fier de vous pr\u00e9senter sa nouvelle gamme pour le longe c\u00f4te : IROISE .<\/p>\n<p>Premi\u00e8re combinaison de la collection, la Wave Walker est un mod\u00e8le premium pour vos activit\u00e9s de longe c\u00f4te. Combinaison polyvalente , la Wave Walker est \u00e9galement adapt\u00e9e pour la natation et le stand-up paddle.<\/p>\n<p>Les combinaisons Iroise se d\u00e9marquent en utilisant uniquement des n\u00e9opr\u00e8ne \u00e0 base de calcaire offrant l\u00e9g\u00e8ret\u00e9, souplesse, facilit\u00e9 d'enfilage et confort .<\/p>\n","protected":false},"excerpt":{"rendered":"<p>Fort de nos 15 ans d'exp\u00e9rience en fabrication de combinaisons , Mako est fier de vous pr\u00e9senter sa nouvelle gamme pour le longe c\u00f4te : IROISE . Premi\u00e8re combinaison de la collection, la Wave Walker est un mod\u00e8le premium pour vos activit\u00e9s de longe c\u00f4te. Combinaison polyvalente , la Wave Walker est \u00e9galement adapt\u00e9e pour [&hellip;]<\/p>\n","protected":false},"featured_media":3554,"template":"","meta":[],"pwb-brand":[107],"product_brand":[],"product_cat":[81],"product_tag":[],"class_list":{"0":"post-3557","1":"product","2":"type-product","3":"status-publish","4":"has-post-thumbnail","6":"pwb-brand-mako","7":"product_cat-combinaisons","9":"first","10":"instock","11":"shipping-taxable","12":"purchasable","13":"product-type-simple"},"brands":[{"id":107,"name":"MAKO","slug":"mako"}],"_links":{"self":[{"href":"https:\/\/rrunning.tribalt.agency\/index.php?rest_route=\/wp\/v2\/product\/3557","targetHints":{"allow":["GET"]}}],"collection":[{"href":"https:\/\/rrunning.tribalt.agency\/index.php?rest_route=\/wp\/v2\/product"}],"about":[{"href":"https:\/\/rrunning.tribalt.agency\/index.php?rest_route=\/wp\/v2\/types\/product"}],"wp:featuredmedia":[{"embeddable":true,"href":"https:\/\/rrunning.tribalt.agency\/index.php?rest_route=\/wp\/v2\/media\/3554"}],"wp:attachment":[{"href":"https:\/\/rrunning.tribalt.agency\/index.php?rest_route=%2Fwp%2Fv2%2Fmedia&parent=3557"}],"wp:term":[{"taxonomy":"pwb-brand","embeddable":true,"href":"https:\/\/rrunning.tribalt.agency\/index.php?rest_route=%2Fwp%2Fv2%2Fpwb-brand&post=3557"},{"taxonomy":"product_brand","embeddable":true,"href":"https:\/\/rrunning.tribalt.agency\/index.php?rest_route=%2Fwp%2Fv2%2Fproduct_brand&post=3557"},{"taxonomy":"product_cat","embeddable":true,"href":"https:\/\/rrunning.tribalt.agency\/index.php?rest_route=%2Fwp%2Fv2%2Fproduct_cat&post=3557"},{"taxonomy":"product_tag","embeddable":true,"href":"https:\/\/rrunning.tribalt.agency\/index.php?rest_route=%2Fwp%2Fv2%2Fproduct_tag&post=3557"}],"curies":[{"name":"wp","href":"https:\/\/api.w.org\/{rel}","templated":true}]}}