{"id":3549,"date":"2025-09-06T17:49:21","date_gmt":"2025-09-06T15:49:21","guid":{"rendered":"https:\/\/rrunning.tribalt.agency\/?post_type=product&#038;p=3549"},"modified":"2025-09-16T19:16:28","modified_gmt":"2025-09-16T17:16:28","slug":"ultimate-torrent-2024-homme","status":"publish","type":"product","link":"https:\/\/rrunning.tribalt.agency\/?product=ultimate-torrent-2024-homme","title":{"rendered":"ULTIMATE TORRENT 2024 HOMME"},"content":{"rendered":"<p>La combinaison choisie par Dorian Coninx (Champion du Monde 2023),\u00a0L\u00e9onie P\u00e9riault (5\u00e8me au JO de Tokyo) et Jeanne Lehair (1ere World Champ Series Yokohama 2025)<\/p>\n<p>L\u2019Ultimate Torrent est, comme le sugg\u00e8re son nom, l\u2019apog\u00e9e de nos 15 ans d\u2019exp\u00e9rience dans la fabrication de combinaisons n\u00e9opr\u00e8nes haut de gamme.<\/p>\n<p>Des mat\u00e9riaux premiums, des rotations d\u2019\u00e9paules totalement lib\u00e9r\u00e9es, une flottaison extr\u00eame\u2026 La vitesse tout simplement\u00a0!<\/p>\n","protected":false},"excerpt":{"rendered":"<p>La combinaison choisie par Dorian Coninx (Champion du Monde 2023),\u00a0L\u00e9onie P\u00e9riault (5\u00e8me au JO de Tokyo) et Jeanne Lehair (1ere World Champ Series Yokohama 2025) L\u2019Ultimate Torrent est, comme le sugg\u00e8re son nom, l\u2019apog\u00e9e de nos 15 ans d\u2019exp\u00e9rience dans la fabrication de combinaisons n\u00e9opr\u00e8nes haut de gamme. Des mat\u00e9riaux premiums, des rotations d\u2019\u00e9paules totalement [&hellip;]<\/p>\n","protected":false},"featured_media":3550,"template":"","meta":[],"pwb-brand":[107],"product_brand":[],"product_cat":[81],"product_tag":[],"class_list":{"0":"post-3549","1":"product","2":"type-product","3":"status-publish","4":"has-post-thumbnail","6":"pwb-brand-mako","7":"product_cat-combinaisons","9":"first","10":"instock","11":"shipping-taxable","12":"purchasable","13":"product-type-simple"},"brands":[{"id":107,"name":"MAKO","slug":"mako"}],"_links":{"self":[{"href":"https:\/\/rrunning.tribalt.agency\/index.php?rest_route=\/wp\/v2\/product\/3549","targetHints":{"allow":["GET"]}}],"collection":[{"href":"https:\/\/rrunning.tribalt.agency\/index.php?rest_route=\/wp\/v2\/product"}],"about":[{"href":"https:\/\/rrunning.tribalt.agency\/index.php?rest_route=\/wp\/v2\/types\/product"}],"wp:featuredmedia":[{"embeddable":true,"href":"https:\/\/rrunning.tribalt.agency\/index.php?rest_route=\/wp\/v2\/media\/3550"}],"wp:attachment":[{"href":"https:\/\/rrunning.tribalt.agency\/index.php?rest_route=%2Fwp%2Fv2%2Fmedia&parent=3549"}],"wp:term":[{"taxonomy":"pwb-brand","embeddable":true,"href":"https:\/\/rrunning.tribalt.agency\/index.php?rest_route=%2Fwp%2Fv2%2Fpwb-brand&post=3549"},{"taxonomy":"product_brand","embeddable":true,"href":"https:\/\/rrunning.tribalt.agency\/index.php?rest_route=%2Fwp%2Fv2%2Fproduct_brand&post=3549"},{"taxonomy":"product_cat","embeddable":true,"href":"https:\/\/rrunning.tribalt.agency\/index.php?rest_route=%2Fwp%2Fv2%2Fproduct_cat&post=3549"},{"taxonomy":"product_tag","embeddable":true,"href":"https:\/\/rrunning.tribalt.agency\/index.php?rest_route=%2Fwp%2Fv2%2Fproduct_tag&post=3549"}],"curies":[{"name":"wp","href":"https:\/\/api.w.org\/{rel}","templated":true}]}}