{"id":3537,"date":"2025-09-06T17:39:37","date_gmt":"2025-09-06T15:39:37","guid":{"rendered":"https:\/\/rrunning.tribalt.agency\/?post_type=product&#038;p=3537"},"modified":"2025-09-06T17:45:51","modified_gmt":"2025-09-06T15:45:51","slug":"trifonction-team-set-in-labyrinth","status":"publish","type":"product","link":"https:\/\/rrunning.tribalt.agency\/?product=trifonction-team-set-in-labyrinth","title":{"rendered":"TRIFONCTION TEAM-SET-IN LABYRINTH HOMME"},"content":{"rendered":"<p>Un produit haut de gamme \u00e0 un prix entr\u00e9e de gamme.<\/p>\n<p>Tissu Europ\u00e9en.<\/p>\n<p>Zip d\u00e9perlant avec curseur auto-bloquant<\/p>\n<p>Tri-pad pr\u00e9mium italien Elastic Interface.<\/p>\n<p>Grip Powerband en bas de jambes.<\/p>\n<p>Traitement d\u00e9perlant derni\u00e8re g\u00e9n\u00e9ration PFC-free (sans\u00a0perfluor\u00e9s).<\/p>\n","protected":false},"excerpt":{"rendered":"<p>Un produit haut de gamme \u00e0 un prix entr\u00e9e de gamme. Tissu Europ\u00e9en. Zip d\u00e9perlant avec curseur auto-bloquant Tri-pad pr\u00e9mium italien Elastic Interface. Grip Powerband en bas de jambes. Traitement d\u00e9perlant derni\u00e8re g\u00e9n\u00e9ration PFC-free (sans\u00a0perfluor\u00e9s).<\/p>\n","protected":false},"featured_media":3538,"template":"","meta":[],"pwb-brand":[107],"product_brand":[],"product_cat":[83],"product_tag":[],"class_list":{"0":"post-3537","1":"product","2":"type-product","3":"status-publish","4":"has-post-thumbnail","6":"pwb-brand-mako","7":"product_cat-trifonctions","9":"first","10":"instock","11":"shipping-taxable","12":"purchasable","13":"product-type-simple"},"brands":[{"id":107,"name":"MAKO","slug":"mako"}],"_links":{"self":[{"href":"https:\/\/rrunning.tribalt.agency\/index.php?rest_route=\/wp\/v2\/product\/3537","targetHints":{"allow":["GET"]}}],"collection":[{"href":"https:\/\/rrunning.tribalt.agency\/index.php?rest_route=\/wp\/v2\/product"}],"about":[{"href":"https:\/\/rrunning.tribalt.agency\/index.php?rest_route=\/wp\/v2\/types\/product"}],"wp:featuredmedia":[{"embeddable":true,"href":"https:\/\/rrunning.tribalt.agency\/index.php?rest_route=\/wp\/v2\/media\/3538"}],"wp:attachment":[{"href":"https:\/\/rrunning.tribalt.agency\/index.php?rest_route=%2Fwp%2Fv2%2Fmedia&parent=3537"}],"wp:term":[{"taxonomy":"pwb-brand","embeddable":true,"href":"https:\/\/rrunning.tribalt.agency\/index.php?rest_route=%2Fwp%2Fv2%2Fpwb-brand&post=3537"},{"taxonomy":"product_brand","embeddable":true,"href":"https:\/\/rrunning.tribalt.agency\/index.php?rest_route=%2Fwp%2Fv2%2Fproduct_brand&post=3537"},{"taxonomy":"product_cat","embeddable":true,"href":"https:\/\/rrunning.tribalt.agency\/index.php?rest_route=%2Fwp%2Fv2%2Fproduct_cat&post=3537"},{"taxonomy":"product_tag","embeddable":true,"href":"https:\/\/rrunning.tribalt.agency\/index.php?rest_route=%2Fwp%2Fv2%2Fproduct_tag&post=3537"}],"curies":[{"name":"wp","href":"https:\/\/api.w.org\/{rel}","templated":true}]}}