{"id":3520,"date":"2025-09-06T17:24:06","date_gmt":"2025-09-06T15:24:06","guid":{"rendered":"https:\/\/rrunning.tribalt.agency\/?post_type=product&#038;p=3520"},"modified":"2025-09-06T17:35:46","modified_gmt":"2025-09-06T15:35:46","slug":"trifonction-pro-set-in-shadow","status":"publish","type":"product","link":"https:\/\/rrunning.tribalt.agency\/?product=trifonction-pro-set-in-shadow","title":{"rendered":"TRIFONCTION PRO SET-IN SHADOW HOMME"},"content":{"rendered":"<p>Choix de tissus optimis\u00e9s pour chaque panneau:<\/p>\n<p>- mesh ultra-respirant sur les c\u00f4t\u00e9s<\/p>\n<p>- tissu a\u00e9rodynamique sur les \u00e9paules et le dos trait\u00e9 d\u00e9perlant et cold black (contre les UV)<\/p>\n<p>- tissu tr\u00e8s respirant sur le devant<\/p>\n<p>- tissu offrant un bon maintien et excellent confort sur les cuisses<\/p>\n<p>Tissus Europ\u00e9ens.<\/p>\n<p>Zip d\u00e9perlant\u00a0\u00e0 ouverture int\u00e9grale sur le devant, avec curseur auto-bloquant.<\/p>\n<p>Tri-pad pr\u00e9mium italien Elastic Interface, \u00e9lastique et respirante.<\/p>\n<p>Grip Powerband 70mm en finition cuisses.<\/p>\n<p>Double Poche arri\u00e8re invisible.<\/p>\n<p>Traitement d\u00e9perlant derni\u00e8re g\u00e9n\u00e9ration PFC-free (sans\u00a0perfluor\u00e9s).<\/p>\n","protected":false},"excerpt":{"rendered":"<p>Choix de tissus optimis\u00e9s pour chaque panneau: - mesh ultra-respirant sur les c\u00f4t\u00e9s - tissu a\u00e9rodynamique sur les \u00e9paules et le dos trait\u00e9 d\u00e9perlant et cold black (contre les UV) - tissu tr\u00e8s respirant sur le devant - tissu offrant un bon maintien et excellent confort sur les cuisses Tissus Europ\u00e9ens. Zip d\u00e9perlant\u00a0\u00e0 ouverture int\u00e9grale [&hellip;]<\/p>\n","protected":false},"featured_media":3523,"template":"","meta":[],"pwb-brand":[107],"product_brand":[],"product_cat":[83],"product_tag":[],"class_list":{"0":"post-3520","1":"product","2":"type-product","3":"status-publish","4":"has-post-thumbnail","6":"pwb-brand-mako","7":"product_cat-trifonctions","9":"first","10":"instock","11":"shipping-taxable","12":"purchasable","13":"product-type-simple"},"brands":[{"id":107,"name":"MAKO","slug":"mako"}],"_links":{"self":[{"href":"https:\/\/rrunning.tribalt.agency\/index.php?rest_route=\/wp\/v2\/product\/3520","targetHints":{"allow":["GET"]}}],"collection":[{"href":"https:\/\/rrunning.tribalt.agency\/index.php?rest_route=\/wp\/v2\/product"}],"about":[{"href":"https:\/\/rrunning.tribalt.agency\/index.php?rest_route=\/wp\/v2\/types\/product"}],"wp:featuredmedia":[{"embeddable":true,"href":"https:\/\/rrunning.tribalt.agency\/index.php?rest_route=\/wp\/v2\/media\/3523"}],"wp:attachment":[{"href":"https:\/\/rrunning.tribalt.agency\/index.php?rest_route=%2Fwp%2Fv2%2Fmedia&parent=3520"}],"wp:term":[{"taxonomy":"pwb-brand","embeddable":true,"href":"https:\/\/rrunning.tribalt.agency\/index.php?rest_route=%2Fwp%2Fv2%2Fpwb-brand&post=3520"},{"taxonomy":"product_brand","embeddable":true,"href":"https:\/\/rrunning.tribalt.agency\/index.php?rest_route=%2Fwp%2Fv2%2Fproduct_brand&post=3520"},{"taxonomy":"product_cat","embeddable":true,"href":"https:\/\/rrunning.tribalt.agency\/index.php?rest_route=%2Fwp%2Fv2%2Fproduct_cat&post=3520"},{"taxonomy":"product_tag","embeddable":true,"href":"https:\/\/rrunning.tribalt.agency\/index.php?rest_route=%2Fwp%2Fv2%2Fproduct_tag&post=3520"}],"curies":[{"name":"wp","href":"https:\/\/api.w.org\/{rel}","templated":true}]}}