{"id":3504,"date":"2025-09-06T17:13:12","date_gmt":"2025-09-06T15:13:12","guid":{"rendered":"https:\/\/rrunning.tribalt.agency\/?post_type=product&#038;p=3504"},"modified":"2025-09-06T17:15:56","modified_gmt":"2025-09-06T15:15:56","slug":"sac-a-dos-manga","status":"publish","type":"product","link":"https:\/\/rrunning.tribalt.agency\/?product=sac-a-dos-manga","title":{"rendered":"Sac \u00e0 dos Manga"},"content":{"rendered":"<div class=\"content_prices clearfix\">\n<div><\/div>\n<\/div>\n<p id=\"product_condition\"><strong>35 Litres<\/strong>\u00a0- le volume et l\u2019agencement du sac sont id\u00e9aux pour vos entra\u00eenements et d\u00e9placements quotidiens.<\/p>\n<div id=\"short_description_block\">\n<div id=\"short_description_content\" class=\"rte align_justify\">\n<div><\/div>\n<div><strong>Poche \u00e9tanche et s\u00e9par\u00e9e<\/strong>\u00a0pour stocker vos affaires humides ou vos chaussures.<\/div>\n<div><\/div>\n<div><strong>Poche bidon<\/strong>\u00a0- une poche lat\u00e9rale mesh est propos\u00e9e pour stocker votre bouteille.<\/div>\n<div><\/div>\n<div><strong>Dos et anses rembourr\u00e9s<\/strong>\u00a0et attache poitrine pour un maximum de confort m\u00eame avec un sac lourd sur le dos.<\/div>\n<div><\/div>\n<div><strong>Attache cl\u00e9s<\/strong>\u00a0- ne passez plus 5 minutes \u00e0 chercher au fond de toutes les poches.<\/div>\n<div><\/div>\n<div><strong>2 petites poches zipp\u00e9es<\/strong>\u00a0lat\u00e9rales et une poche zipp\u00e9e sur le devant pour mettre toutes vos affaires sans devoir m\u00e9langer le d\u00e9o avec l\u2019agenda !<\/div>\n<div><\/div>\n<div><strong>Grande poche principale<\/strong>\u00a0avec poche ordinateur int\u00e9gr\u00e9e.<\/div>\n<div><\/div>\n<div><strong>Style \u201cMade in Mako\u201d<\/strong>\u00a0- graphisme int\u00e9rieur Manga.<\/div>\n<div><\/div>\n<div><strong>2 mousquetons<\/strong>\u00a0pour accrocher tout ce que vous voudrez !<\/div>\n<\/div>\n<\/div>\n","protected":false},"excerpt":{"rendered":"<p>35 Litres\u00a0- le volume et l\u2019agencement du sac sont id\u00e9aux pour vos entra\u00eenements et d\u00e9placements quotidiens. Poche \u00e9tanche et s\u00e9par\u00e9e\u00a0pour stocker vos affaires humides ou vos chaussures. Poche bidon\u00a0- une poche lat\u00e9rale mesh est propos\u00e9e pour stocker votre bouteille. Dos et anses rembourr\u00e9s\u00a0et attache poitrine pour un maximum de confort m\u00eame avec un sac lourd [&hellip;]<\/p>\n","protected":false},"featured_media":3510,"template":"","meta":[],"pwb-brand":[107],"product_brand":[],"product_cat":[80],"product_tag":[],"class_list":{"0":"post-3504","1":"product","2":"type-product","3":"status-publish","4":"has-post-thumbnail","6":"pwb-brand-mako","7":"product_cat-accessoires-triathlon","9":"first","10":"instock","11":"shipping-taxable","12":"purchasable","13":"product-type-simple"},"brands":[{"id":107,"name":"MAKO","slug":"mako"}],"_links":{"self":[{"href":"https:\/\/rrunning.tribalt.agency\/index.php?rest_route=\/wp\/v2\/product\/3504","targetHints":{"allow":["GET"]}}],"collection":[{"href":"https:\/\/rrunning.tribalt.agency\/index.php?rest_route=\/wp\/v2\/product"}],"about":[{"href":"https:\/\/rrunning.tribalt.agency\/index.php?rest_route=\/wp\/v2\/types\/product"}],"wp:featuredmedia":[{"embeddable":true,"href":"https:\/\/rrunning.tribalt.agency\/index.php?rest_route=\/wp\/v2\/media\/3510"}],"wp:attachment":[{"href":"https:\/\/rrunning.tribalt.agency\/index.php?rest_route=%2Fwp%2Fv2%2Fmedia&parent=3504"}],"wp:term":[{"taxonomy":"pwb-brand","embeddable":true,"href":"https:\/\/rrunning.tribalt.agency\/index.php?rest_route=%2Fwp%2Fv2%2Fpwb-brand&post=3504"},{"taxonomy":"product_brand","embeddable":true,"href":"https:\/\/rrunning.tribalt.agency\/index.php?rest_route=%2Fwp%2Fv2%2Fproduct_brand&post=3504"},{"taxonomy":"product_cat","embeddable":true,"href":"https:\/\/rrunning.tribalt.agency\/index.php?rest_route=%2Fwp%2Fv2%2Fproduct_cat&post=3504"},{"taxonomy":"product_tag","embeddable":true,"href":"https:\/\/rrunning.tribalt.agency\/index.php?rest_route=%2Fwp%2Fv2%2Fproduct_tag&post=3504"}],"curies":[{"name":"wp","href":"https:\/\/api.w.org\/{rel}","templated":true}]}}