{"id":3476,"date":"2025-09-06T16:50:31","date_gmt":"2025-09-06T14:50:31","guid":{"rendered":"https:\/\/rrunning.tribalt.agency\/?post_type=product&#038;p=3476"},"modified":"2025-09-06T16:52:20","modified_gmt":"2025-09-06T14:52:20","slug":"naiad-3-0-2024-femme","status":"publish","type":"product","link":"https:\/\/rrunning.tribalt.agency\/?product=naiad-3-0-2024-femme","title":{"rendered":"NAIAD 3.0 2024 FEMME"},"content":{"rendered":"<p>Les mod\u00e8les Nami et Naiad 3.0 profitent de plusieurs des technologies pr\u00e9sentes sur nos combinaisons haut de gamme. L\u2019int\u00e9rieur est enti\u00e8rement en Lycra\u00a0Stretch\u00a0pour un tr\u00e8s grand confort. Un panneau Power Stretch sur le torse lib\u00e8re le thorax et les \u00e9paules. Sur les cuisses, les 2 panneaux en AeroNeo offrent un effet \u00abPull Buoy\u00a0\u00bb. Cette combinaison s'adresse aussi bien aux triathl\u00e8tes d\u00e9butant.es qu'aux plus exp\u00e9riment\u00e9.es.<\/p>\n<p>C'est sa polyvalence qui fait la force de cette combinaison.\u00a0Elle donne les sensations du haut niveau pour un budget ma\u00eetris\u00e9 !<\/p>\n","protected":false},"excerpt":{"rendered":"<p>Les mod\u00e8les Nami et Naiad 3.0 profitent de plusieurs des technologies pr\u00e9sentes sur nos combinaisons haut de gamme. L\u2019int\u00e9rieur est enti\u00e8rement en Lycra\u00a0Stretch\u00a0pour un tr\u00e8s grand confort. Un panneau Power Stretch sur le torse lib\u00e8re le thorax et les \u00e9paules. Sur les cuisses, les 2 panneaux en AeroNeo offrent un effet \u00abPull Buoy\u00a0\u00bb. Cette combinaison [&hellip;]<\/p>\n","protected":false},"featured_media":3477,"template":"","meta":[],"pwb-brand":[107],"product_brand":[],"product_cat":[81],"product_tag":[],"class_list":{"0":"post-3476","1":"product","2":"type-product","3":"status-publish","4":"has-post-thumbnail","6":"pwb-brand-mako","7":"product_cat-combinaisons","9":"first","10":"instock","11":"shipping-taxable","12":"purchasable","13":"product-type-simple"},"brands":[{"id":107,"name":"MAKO","slug":"mako"}],"_links":{"self":[{"href":"https:\/\/rrunning.tribalt.agency\/index.php?rest_route=\/wp\/v2\/product\/3476","targetHints":{"allow":["GET"]}}],"collection":[{"href":"https:\/\/rrunning.tribalt.agency\/index.php?rest_route=\/wp\/v2\/product"}],"about":[{"href":"https:\/\/rrunning.tribalt.agency\/index.php?rest_route=\/wp\/v2\/types\/product"}],"wp:featuredmedia":[{"embeddable":true,"href":"https:\/\/rrunning.tribalt.agency\/index.php?rest_route=\/wp\/v2\/media\/3477"}],"wp:attachment":[{"href":"https:\/\/rrunning.tribalt.agency\/index.php?rest_route=%2Fwp%2Fv2%2Fmedia&parent=3476"}],"wp:term":[{"taxonomy":"pwb-brand","embeddable":true,"href":"https:\/\/rrunning.tribalt.agency\/index.php?rest_route=%2Fwp%2Fv2%2Fpwb-brand&post=3476"},{"taxonomy":"product_brand","embeddable":true,"href":"https:\/\/rrunning.tribalt.agency\/index.php?rest_route=%2Fwp%2Fv2%2Fproduct_brand&post=3476"},{"taxonomy":"product_cat","embeddable":true,"href":"https:\/\/rrunning.tribalt.agency\/index.php?rest_route=%2Fwp%2Fv2%2Fproduct_cat&post=3476"},{"taxonomy":"product_tag","embeddable":true,"href":"https:\/\/rrunning.tribalt.agency\/index.php?rest_route=%2Fwp%2Fv2%2Fproduct_tag&post=3476"}],"curies":[{"name":"wp","href":"https:\/\/api.w.org\/{rel}","templated":true}]}}