{"id":3472,"date":"2025-09-06T16:48:16","date_gmt":"2025-09-06T14:48:16","guid":{"rendered":"https:\/\/rrunning.tribalt.agency\/?post_type=product&#038;p=3472"},"modified":"2025-09-06T16:50:10","modified_gmt":"2025-09-06T14:50:10","slug":"longe-swimrun","status":"publish","type":"product","link":"https:\/\/rrunning.tribalt.agency\/?product=longe-swimrun","title":{"rendered":"LONGE SWIMRUN"},"content":{"rendered":"<p>Corde de traction \u00e9lastique - longueur 2.5m.<\/p>\n<div>2 ceintures ajustages avec 3 \u201cD-rings\u201d par ceinture permettent d\u2019accrocher vos accessoires (plaquettes \/ pull buoy).<\/div>\n<div><\/div>\n<div>Longe de couleur orange pour de la visibilit\u00e9 et de la s\u00e9curit\u00e9 dans l\u2019eau.<\/div>\n<div><\/div>\n<div>Parfait pour vos entra\u00eenements et comp\u00e9titions Swimrun.<\/div>\n<div><\/div>\n<div>Tr\u00e8s pratique pour vous attacher \u00e0 votre bin\u00f4me pour un maximum de s\u00e9curit\u00e9 et pour vous aider \u00e0 optimiser la vitesse de votre bin\u00f4me dans l\u2019eau et \u00e0 pied.<\/div>\n","protected":false},"excerpt":{"rendered":"<p>Corde de traction \u00e9lastique - longueur 2.5m. 2 ceintures ajustages avec 3 \u201cD-rings\u201d par ceinture permettent d\u2019accrocher vos accessoires (plaquettes \/ pull buoy). Longe de couleur orange pour de la visibilit\u00e9 et de la s\u00e9curit\u00e9 dans l\u2019eau. Parfait pour vos entra\u00eenements et comp\u00e9titions Swimrun. Tr\u00e8s pratique pour vous attacher \u00e0 votre bin\u00f4me pour un maximum [&hellip;]<\/p>\n","protected":false},"featured_media":3473,"template":"","meta":[],"pwb-brand":[107],"product_brand":[],"product_cat":[80],"product_tag":[],"class_list":{"0":"post-3472","1":"product","2":"type-product","3":"status-publish","4":"has-post-thumbnail","6":"pwb-brand-mako","7":"product_cat-accessoires-triathlon","9":"first","10":"instock","11":"shipping-taxable","12":"purchasable","13":"product-type-simple"},"brands":[{"id":107,"name":"MAKO","slug":"mako"}],"_links":{"self":[{"href":"https:\/\/rrunning.tribalt.agency\/index.php?rest_route=\/wp\/v2\/product\/3472","targetHints":{"allow":["GET"]}}],"collection":[{"href":"https:\/\/rrunning.tribalt.agency\/index.php?rest_route=\/wp\/v2\/product"}],"about":[{"href":"https:\/\/rrunning.tribalt.agency\/index.php?rest_route=\/wp\/v2\/types\/product"}],"wp:featuredmedia":[{"embeddable":true,"href":"https:\/\/rrunning.tribalt.agency\/index.php?rest_route=\/wp\/v2\/media\/3473"}],"wp:attachment":[{"href":"https:\/\/rrunning.tribalt.agency\/index.php?rest_route=%2Fwp%2Fv2%2Fmedia&parent=3472"}],"wp:term":[{"taxonomy":"pwb-brand","embeddable":true,"href":"https:\/\/rrunning.tribalt.agency\/index.php?rest_route=%2Fwp%2Fv2%2Fpwb-brand&post=3472"},{"taxonomy":"product_brand","embeddable":true,"href":"https:\/\/rrunning.tribalt.agency\/index.php?rest_route=%2Fwp%2Fv2%2Fproduct_brand&post=3472"},{"taxonomy":"product_cat","embeddable":true,"href":"https:\/\/rrunning.tribalt.agency\/index.php?rest_route=%2Fwp%2Fv2%2Fproduct_cat&post=3472"},{"taxonomy":"product_tag","embeddable":true,"href":"https:\/\/rrunning.tribalt.agency\/index.php?rest_route=%2Fwp%2Fv2%2Fproduct_tag&post=3472"}],"curies":[{"name":"wp","href":"https:\/\/api.w.org\/{rel}","templated":true}]}}