{"id":3466,"date":"2025-09-06T16:42:17","date_gmt":"2025-09-06T14:42:17","guid":{"rendered":"https:\/\/rrunning.tribalt.agency\/?post_type=product&#038;p=3466"},"modified":"2025-09-06T16:45:10","modified_gmt":"2025-09-06T14:45:10","slug":"hali-plus-homme","status":"publish","type":"product","link":"https:\/\/rrunning.tribalt.agency\/?product=hali-plus-homme","title":{"rendered":"HALI PLUS HOMME"},"content":{"rendered":"<p>Hali \u2013 \u00ab\u00a0la mer\u00a0\u00bb en grec \u2013 propose l\u2019exp\u00e9rience parfaite pour ceux et celles qui commencent leur aventure en eau libre et en triathlon.<\/p>\n<p>Pour un prix abordable, vous profiterez de nos 15 ans d\u2019exp\u00e9rience en fabrication de combinaisons, ainsi que des coupes utilis\u00e9es sur l\u2019ensemble de notre gamme. Un col coup\u00e9 bas pour \u00e9viter des zones de frottement, un jersey int\u00e9rieur doux et extensible, c\u2019est la combinaison id\u00e9ale pour votre prochain d\u00e9fi\u00a0!<\/p>\n<p>La Hali Plus , a une construction 100% GBS (coll\u00e9- cousu) avec des n\u00e9opr\u00e8nes \u00e0 base de calcaire.<\/p>\n","protected":false},"excerpt":{"rendered":"<p>Hali \u2013 \u00ab\u00a0la mer\u00a0\u00bb en grec \u2013 propose l\u2019exp\u00e9rience parfaite pour ceux et celles qui commencent leur aventure en eau libre et en triathlon. Pour un prix abordable, vous profiterez de nos 15 ans d\u2019exp\u00e9rience en fabrication de combinaisons, ainsi que des coupes utilis\u00e9es sur l\u2019ensemble de notre gamme. Un col coup\u00e9 bas pour \u00e9viter [&hellip;]<\/p>\n","protected":false},"featured_media":3467,"template":"","meta":[],"pwb-brand":[107],"product_brand":[],"product_cat":[81],"product_tag":[],"class_list":{"0":"post-3466","1":"product","2":"type-product","3":"status-publish","4":"has-post-thumbnail","6":"pwb-brand-mako","7":"product_cat-combinaisons","9":"first","10":"instock","11":"shipping-taxable","12":"purchasable","13":"product-type-simple"},"brands":[{"id":107,"name":"MAKO","slug":"mako"}],"_links":{"self":[{"href":"https:\/\/rrunning.tribalt.agency\/index.php?rest_route=\/wp\/v2\/product\/3466","targetHints":{"allow":["GET"]}}],"collection":[{"href":"https:\/\/rrunning.tribalt.agency\/index.php?rest_route=\/wp\/v2\/product"}],"about":[{"href":"https:\/\/rrunning.tribalt.agency\/index.php?rest_route=\/wp\/v2\/types\/product"}],"wp:featuredmedia":[{"embeddable":true,"href":"https:\/\/rrunning.tribalt.agency\/index.php?rest_route=\/wp\/v2\/media\/3467"}],"wp:attachment":[{"href":"https:\/\/rrunning.tribalt.agency\/index.php?rest_route=%2Fwp%2Fv2%2Fmedia&parent=3466"}],"wp:term":[{"taxonomy":"pwb-brand","embeddable":true,"href":"https:\/\/rrunning.tribalt.agency\/index.php?rest_route=%2Fwp%2Fv2%2Fpwb-brand&post=3466"},{"taxonomy":"product_brand","embeddable":true,"href":"https:\/\/rrunning.tribalt.agency\/index.php?rest_route=%2Fwp%2Fv2%2Fproduct_brand&post=3466"},{"taxonomy":"product_cat","embeddable":true,"href":"https:\/\/rrunning.tribalt.agency\/index.php?rest_route=%2Fwp%2Fv2%2Fproduct_cat&post=3466"},{"taxonomy":"product_tag","embeddable":true,"href":"https:\/\/rrunning.tribalt.agency\/index.php?rest_route=%2Fwp%2Fv2%2Fproduct_tag&post=3466"}],"curies":[{"name":"wp","href":"https:\/\/api.w.org\/{rel}","templated":true}]}}