{"id":3459,"date":"2025-09-06T09:02:45","date_gmt":"2025-09-06T07:02:45","guid":{"rendered":"https:\/\/rrunning.tribalt.agency\/?post_type=product&#038;p=3459"},"modified":"2025-09-06T09:04:00","modified_gmt":"2025-09-06T07:04:00","slug":"combinaison-swimrun-homme","status":"publish","type":"product","link":"https:\/\/rrunning.tribalt.agency\/?product=combinaison-swimrun-homme","title":{"rendered":"COMBINAISON SWIMRUN HOMME"},"content":{"rendered":"<p>Avec notre combinaison pour Swimrun - la LS2 - nous compl\u00e9tons notre\u00a0\u00a0gamme avec un produit parfait et accessible.<\/p>\n<p>Sur la LS2 vous trouverez des zones anti frottements sous les bras et sur les fesses ainsi que notre c\u00e9l\u00e8bre\u00a0coupe Ultra-Stretch shoulders au niveau des \u00e9paules.<\/p>\n<p>Les plus de notre combinaison LS2 incluent :<\/p>\n<p>- Construction 100% n\u00e9opr\u00e8nes \u00e0 base de calcaire<\/p>\n<p>- Des zips avant ET arri\u00e8re, pour vous donner toutes les possibilit\u00e9s d\u2019ouverture et d'a\u00e9ration pendant la course \u00e0 pied. Ce syst\u00e8me facilite l'enfilage et permet d'\u00eatre autonome compar\u00e9 \u00e0 une combinaison avec un unique zip avant.<\/p>\n<p>- Une grande poche sur les lombaires pour y mettre vos produits nutrition par exemple.<\/p>\n<p>- Construction flatlock.<\/p>\n<p>- Vous trouverez \u00e9galement un sifflet attach\u00e9 au curseur du zip avant.<\/p>\n<p>Poids 818g en taille L Homme<\/p>\n","protected":false},"excerpt":{"rendered":"<p>Avec notre combinaison pour Swimrun - la LS2 - nous compl\u00e9tons notre\u00a0\u00a0gamme avec un produit parfait et accessible. Sur la LS2 vous trouverez des zones anti frottements sous les bras et sur les fesses ainsi que notre c\u00e9l\u00e8bre\u00a0coupe Ultra-Stretch shoulders au niveau des \u00e9paules. Les plus de notre combinaison LS2 incluent : - Construction 100% [&hellip;]<\/p>\n","protected":false},"featured_media":3460,"template":"","meta":[],"pwb-brand":[107],"product_brand":[],"product_cat":[81],"product_tag":[],"class_list":{"0":"post-3459","1":"product","2":"type-product","3":"status-publish","4":"has-post-thumbnail","6":"pwb-brand-mako","7":"product_cat-combinaisons","9":"first","10":"instock","11":"shipping-taxable","12":"purchasable","13":"product-type-simple"},"brands":[{"id":107,"name":"MAKO","slug":"mako"}],"_links":{"self":[{"href":"https:\/\/rrunning.tribalt.agency\/index.php?rest_route=\/wp\/v2\/product\/3459","targetHints":{"allow":["GET"]}}],"collection":[{"href":"https:\/\/rrunning.tribalt.agency\/index.php?rest_route=\/wp\/v2\/product"}],"about":[{"href":"https:\/\/rrunning.tribalt.agency\/index.php?rest_route=\/wp\/v2\/types\/product"}],"wp:featuredmedia":[{"embeddable":true,"href":"https:\/\/rrunning.tribalt.agency\/index.php?rest_route=\/wp\/v2\/media\/3460"}],"wp:attachment":[{"href":"https:\/\/rrunning.tribalt.agency\/index.php?rest_route=%2Fwp%2Fv2%2Fmedia&parent=3459"}],"wp:term":[{"taxonomy":"pwb-brand","embeddable":true,"href":"https:\/\/rrunning.tribalt.agency\/index.php?rest_route=%2Fwp%2Fv2%2Fpwb-brand&post=3459"},{"taxonomy":"product_brand","embeddable":true,"href":"https:\/\/rrunning.tribalt.agency\/index.php?rest_route=%2Fwp%2Fv2%2Fproduct_brand&post=3459"},{"taxonomy":"product_cat","embeddable":true,"href":"https:\/\/rrunning.tribalt.agency\/index.php?rest_route=%2Fwp%2Fv2%2Fproduct_cat&post=3459"},{"taxonomy":"product_tag","embeddable":true,"href":"https:\/\/rrunning.tribalt.agency\/index.php?rest_route=%2Fwp%2Fv2%2Fproduct_tag&post=3459"}],"curies":[{"name":"wp","href":"https:\/\/api.w.org\/{rel}","templated":true}]}}