{"id":3448,"date":"2025-09-06T08:53:14","date_gmt":"2025-09-06T06:53:14","guid":{"rendered":"https:\/\/rrunning.tribalt.agency\/?post_type=product&#038;p=3448"},"modified":"2025-09-06T08:56:04","modified_gmt":"2025-09-06T06:56:04","slug":"bouee-de-natation","status":"publish","type":"product","link":"https:\/\/rrunning.tribalt.agency\/?product=bouee-de-natation","title":{"rendered":"BOUEE DE NATATION"},"content":{"rendered":"<p>-Bou\u00e9e de natation (20l)<\/p>\n<p>- poche imperm\u00e9able int\u00e9gr\u00e9e<\/p>\n<p>- longueur de la ceinture ajustable<\/p>\n<p>- couleur tr\u00e8s visible de loin<\/p>\n","protected":false},"excerpt":{"rendered":"<p>-Bou\u00e9e de natation (20l) - poche imperm\u00e9able int\u00e9gr\u00e9e - longueur de la ceinture ajustable - couleur tr\u00e8s visible de loin<\/p>\n","protected":false},"featured_media":3449,"template":"","meta":[],"pwb-brand":[107],"product_brand":[],"product_cat":[80],"product_tag":[],"class_list":{"0":"post-3448","1":"product","2":"type-product","3":"status-publish","4":"has-post-thumbnail","6":"pwb-brand-mako","7":"product_cat-accessoires-triathlon","9":"first","10":"instock","11":"shipping-taxable","12":"purchasable","13":"product-type-simple"},"brands":[{"id":107,"name":"MAKO","slug":"mako"}],"_links":{"self":[{"href":"https:\/\/rrunning.tribalt.agency\/index.php?rest_route=\/wp\/v2\/product\/3448","targetHints":{"allow":["GET"]}}],"collection":[{"href":"https:\/\/rrunning.tribalt.agency\/index.php?rest_route=\/wp\/v2\/product"}],"about":[{"href":"https:\/\/rrunning.tribalt.agency\/index.php?rest_route=\/wp\/v2\/types\/product"}],"wp:featuredmedia":[{"embeddable":true,"href":"https:\/\/rrunning.tribalt.agency\/index.php?rest_route=\/wp\/v2\/media\/3449"}],"wp:attachment":[{"href":"https:\/\/rrunning.tribalt.agency\/index.php?rest_route=%2Fwp%2Fv2%2Fmedia&parent=3448"}],"wp:term":[{"taxonomy":"pwb-brand","embeddable":true,"href":"https:\/\/rrunning.tribalt.agency\/index.php?rest_route=%2Fwp%2Fv2%2Fpwb-brand&post=3448"},{"taxonomy":"product_brand","embeddable":true,"href":"https:\/\/rrunning.tribalt.agency\/index.php?rest_route=%2Fwp%2Fv2%2Fproduct_brand&post=3448"},{"taxonomy":"product_cat","embeddable":true,"href":"https:\/\/rrunning.tribalt.agency\/index.php?rest_route=%2Fwp%2Fv2%2Fproduct_cat&post=3448"},{"taxonomy":"product_tag","embeddable":true,"href":"https:\/\/rrunning.tribalt.agency\/index.php?rest_route=%2Fwp%2Fv2%2Fproduct_tag&post=3448"}],"curies":[{"name":"wp","href":"https:\/\/api.w.org\/{rel}","templated":true}]}}