{"id":3390,"date":"2025-06-05T15:49:25","date_gmt":"2025-06-05T13:49:25","guid":{"rendered":"https:\/\/rrunning.tribalt.agency\/?post_type=product&#038;p=3390"},"modified":"2025-09-05T15:50:15","modified_gmt":"2025-09-05T13:50:15","slug":"rocket-x-2","status":"publish","type":"product","link":"https:\/\/rrunning.tribalt.agency\/?product=rocket-x-2","title":{"rendered":"Rocket X 2"},"content":{"rendered":"<p>La route, revisit\u00e9e. La Rocket\u00a0X\u00a02 est un produit de pointe con\u00e7u pour les coureurs d\u2019\u00e9lite, elle a \u00e9t\u00e9 amplifi\u00e9e gr\u00e2ce \u00e0 une attention particuli\u00e8re port\u00e9e \u00e0 la construction. Nous avons retravaill\u00e9 la g\u00e9om\u00e9trie de notre plaque en fibre de carbone, en la logeant entre deux couches d\u2019une toute nouvelle mousse haute performance et ultra r\u00e9active. Dot\u00e9e d\u2019une tige en mesh synth\u00e9tique technique pour un ajustement parfait, cette chaussure de pointe est \u00e9quip\u00e9e d\u2019un soufflet \u00e9l\u00e9gant et d\u2019une cage au niveau du cou-de-pied pour un maintien adapt\u00e9 au running.<\/p>\n<p>Poids : 236.00 g<br \/>\nInclinaison talon-orteils:5.00 mm<\/p>\n","protected":false},"excerpt":{"rendered":"<p>La route, revisit\u00e9e. La Rocket\u00a0X\u00a02 est un produit de pointe con\u00e7u pour les coureurs d\u2019\u00e9lite, elle a \u00e9t\u00e9 amplifi\u00e9e gr\u00e2ce \u00e0 une attention particuli\u00e8re port\u00e9e \u00e0 la construction. Nous avons retravaill\u00e9 la g\u00e9om\u00e9trie de notre plaque en fibre de carbone, en la logeant entre deux couches d\u2019une toute nouvelle mousse haute performance et ultra r\u00e9active. [&hellip;]<\/p>\n","protected":false},"featured_media":3391,"template":"","meta":[],"pwb-brand":[102],"product_brand":[],"product_cat":[42],"product_tag":[],"class_list":{"0":"post-3390","1":"product","2":"type-product","3":"status-publish","4":"has-post-thumbnail","6":"pwb-brand-hoka","7":"product_cat-route-chaussures-hommes","9":"first","10":"instock","11":"sale","12":"shipping-taxable","13":"purchasable","14":"product-type-simple"},"brands":[{"id":102,"name":"HOKA","slug":"hoka"}],"_links":{"self":[{"href":"https:\/\/rrunning.tribalt.agency\/index.php?rest_route=\/wp\/v2\/product\/3390","targetHints":{"allow":["GET"]}}],"collection":[{"href":"https:\/\/rrunning.tribalt.agency\/index.php?rest_route=\/wp\/v2\/product"}],"about":[{"href":"https:\/\/rrunning.tribalt.agency\/index.php?rest_route=\/wp\/v2\/types\/product"}],"wp:featuredmedia":[{"embeddable":true,"href":"https:\/\/rrunning.tribalt.agency\/index.php?rest_route=\/wp\/v2\/media\/3391"}],"wp:attachment":[{"href":"https:\/\/rrunning.tribalt.agency\/index.php?rest_route=%2Fwp%2Fv2%2Fmedia&parent=3390"}],"wp:term":[{"taxonomy":"pwb-brand","embeddable":true,"href":"https:\/\/rrunning.tribalt.agency\/index.php?rest_route=%2Fwp%2Fv2%2Fpwb-brand&post=3390"},{"taxonomy":"product_brand","embeddable":true,"href":"https:\/\/rrunning.tribalt.agency\/index.php?rest_route=%2Fwp%2Fv2%2Fproduct_brand&post=3390"},{"taxonomy":"product_cat","embeddable":true,"href":"https:\/\/rrunning.tribalt.agency\/index.php?rest_route=%2Fwp%2Fv2%2Fproduct_cat&post=3390"},{"taxonomy":"product_tag","embeddable":true,"href":"https:\/\/rrunning.tribalt.agency\/index.php?rest_route=%2Fwp%2Fv2%2Fproduct_tag&post=3390"}],"curies":[{"name":"wp","href":"https:\/\/api.w.org\/{rel}","templated":true}]}}