{"id":3375,"date":"2025-09-05T10:34:54","date_gmt":"2025-09-05T08:34:54","guid":{"rendered":"https:\/\/rrunning.tribalt.agency\/?post_type=product&#038;p=3375"},"modified":"2025-09-05T10:39:52","modified_gmt":"2025-09-05T08:39:52","slug":"ghost-max-3-2","status":"publish","type":"product","link":"https:\/\/rrunning.tribalt.agency\/?product=ghost-max-3-2","title":{"rendered":"Ghost Max 3"},"content":{"rendered":"<p class=\"m-long-description-text\">La Ghost\u00a0Max\u00a03 pour homme offre une sensation de douceur et de protection gr\u00e2ce \u00e0 un amorti ultraconfortable, une forme \u00e0 bascule qui t\u2019apporte des transitions douces du talon aux orteils, et une large base pour plus de stabilit\u00e9.<\/p>\n<div class=\"m-long-description__sustainability\">\n<div class=\"m-long-description__sustainability--container\">\n<p class=\"t-subtitle t-subtitle--medium t-subtitle--highlight\">Caract\u00e9ristiques<\/p>\n<\/div>\n<\/div>\n<ul class=\"m-long-description__features\">\n<li class=\"m-long-description__feature\">\n<div class=\"m-long-description__feature-text\">Amorti protecteur<\/div>\n<\/li>\n<li class=\"m-long-description__feature\">\n<div class=\"m-long-description__feature-text\">Transitions faciles et assist\u00e9es<\/div>\n<\/li>\n<li class=\"m-long-description__feature\">\n<div class=\"m-long-description__feature-text\">Stabilit\u00e9<\/div>\n<\/li>\n<\/ul>\n<p>Con\u00e7ue pour : Route<br \/>\nDrop De La Semelle Interm\u00e9diaire : 6mm<br \/>\nPoids : 11,2oz \/ 317,5g<\/p>\n","protected":false},"excerpt":{"rendered":"<p>La Ghost\u00a0Max\u00a03 pour homme offre une sensation de douceur et de protection gr\u00e2ce \u00e0 un amorti ultraconfortable, une forme \u00e0 bascule qui t\u2019apporte des transitions douces du talon aux orteils, et une large base pour plus de stabilit\u00e9. Caract\u00e9ristiques Amorti protecteur Transitions faciles et assist\u00e9es Stabilit\u00e9 Con\u00e7ue pour : Route Drop De La Semelle Interm\u00e9diaire [&hellip;]<\/p>\n","protected":false},"featured_media":3376,"template":"","meta":[],"pwb-brand":[92],"product_brand":[],"product_cat":[42],"product_tag":[],"class_list":{"0":"post-3375","1":"product","2":"type-product","3":"status-publish","4":"has-post-thumbnail","6":"pwb-brand-brooks","7":"product_cat-route-chaussures-hommes","9":"first","10":"instock","11":"shipping-taxable","12":"purchasable","13":"product-type-simple"},"brands":[{"id":92,"name":"BROOKS","slug":"brooks"}],"_links":{"self":[{"href":"https:\/\/rrunning.tribalt.agency\/index.php?rest_route=\/wp\/v2\/product\/3375","targetHints":{"allow":["GET"]}}],"collection":[{"href":"https:\/\/rrunning.tribalt.agency\/index.php?rest_route=\/wp\/v2\/product"}],"about":[{"href":"https:\/\/rrunning.tribalt.agency\/index.php?rest_route=\/wp\/v2\/types\/product"}],"wp:featuredmedia":[{"embeddable":true,"href":"https:\/\/rrunning.tribalt.agency\/index.php?rest_route=\/wp\/v2\/media\/3376"}],"wp:attachment":[{"href":"https:\/\/rrunning.tribalt.agency\/index.php?rest_route=%2Fwp%2Fv2%2Fmedia&parent=3375"}],"wp:term":[{"taxonomy":"pwb-brand","embeddable":true,"href":"https:\/\/rrunning.tribalt.agency\/index.php?rest_route=%2Fwp%2Fv2%2Fpwb-brand&post=3375"},{"taxonomy":"product_brand","embeddable":true,"href":"https:\/\/rrunning.tribalt.agency\/index.php?rest_route=%2Fwp%2Fv2%2Fproduct_brand&post=3375"},{"taxonomy":"product_cat","embeddable":true,"href":"https:\/\/rrunning.tribalt.agency\/index.php?rest_route=%2Fwp%2Fv2%2Fproduct_cat&post=3375"},{"taxonomy":"product_tag","embeddable":true,"href":"https:\/\/rrunning.tribalt.agency\/index.php?rest_route=%2Fwp%2Fv2%2Fproduct_tag&post=3375"}],"curies":[{"name":"wp","href":"https:\/\/api.w.org\/{rel}","templated":true}]}}