{"id":3365,"date":"2025-09-05T10:22:04","date_gmt":"2025-09-05T08:22:04","guid":{"rendered":"https:\/\/rrunning.tribalt.agency\/?post_type=product&#038;p=3365"},"modified":"2025-09-05T10:22:04","modified_gmt":"2025-09-05T08:22:04","slug":"hyperion-elite-5","status":"publish","type":"product","link":"https:\/\/rrunning.tribalt.agency\/?product=hyperion-elite-5","title":{"rendered":"Hyperion Elite 5"},"content":{"rendered":"<p class=\"m-long-description-text\">Cours en toute confiance avec l\u2019Hyperion\u00a0Elite\u00a05. Dot\u00e9e d\u2019une technologie test\u00e9e et d\u00e9velopp\u00e9e avec des athl\u00e8tes professionnels, cette chaussure est con\u00e7ue pour t\u2019aider \u00e0 donner le meilleur de toi-m\u00eame le jour de la comp\u00e9tition.<\/p>\n<h3 class=\"a-type-h6--big m-long-description__label u-spacing-x-small--bottom\">Caract\u00e9ristiques<\/h3>\n<ul class=\"m-long-description__features\">\n<li class=\"m-long-description__feature\">\n<div class=\"m-long-description__feature-text\">Amorti PEBA ultral\u00e9ger<\/div>\n<\/li>\n<li class=\"m-long-description__feature\">\n<div class=\"m-long-description__feature-text\">Plaque de propulsion am\u00e9lior\u00e9e<\/div>\n<\/li>\n<li class=\"m-long-description__feature\">\n<div class=\"m-long-description__feature-text\">Chaussant fait pour la comp\u00e9tition<\/div>\n<\/li>\n<\/ul>\n<p>Drop De La Semelle Interm\u00e9diaire : 8mm<br \/>\nPoids : 6,9oz \/ 195,6g<\/p>\n","protected":false},"excerpt":{"rendered":"<p>Cours en toute confiance avec l\u2019Hyperion\u00a0Elite\u00a05. Dot\u00e9e d\u2019une technologie test\u00e9e et d\u00e9velopp\u00e9e avec des athl\u00e8tes professionnels, cette chaussure est con\u00e7ue pour t\u2019aider \u00e0 donner le meilleur de toi-m\u00eame le jour de la comp\u00e9tition. Caract\u00e9ristiques Amorti PEBA ultral\u00e9ger Plaque de propulsion am\u00e9lior\u00e9e Chaussant fait pour la comp\u00e9tition Drop De La Semelle Interm\u00e9diaire : 8mm Poids : [&hellip;]<\/p>\n","protected":false},"featured_media":3366,"template":"","meta":[],"pwb-brand":[92],"product_brand":[],"product_cat":[42],"product_tag":[],"class_list":{"0":"post-3365","1":"product","2":"type-product","3":"status-publish","4":"has-post-thumbnail","6":"pwb-brand-brooks","7":"product_cat-route-chaussures-hommes","9":"first","10":"instock","11":"shipping-taxable","12":"purchasable","13":"product-type-simple"},"brands":[{"id":92,"name":"BROOKS","slug":"brooks"}],"_links":{"self":[{"href":"https:\/\/rrunning.tribalt.agency\/index.php?rest_route=\/wp\/v2\/product\/3365","targetHints":{"allow":["GET"]}}],"collection":[{"href":"https:\/\/rrunning.tribalt.agency\/index.php?rest_route=\/wp\/v2\/product"}],"about":[{"href":"https:\/\/rrunning.tribalt.agency\/index.php?rest_route=\/wp\/v2\/types\/product"}],"wp:featuredmedia":[{"embeddable":true,"href":"https:\/\/rrunning.tribalt.agency\/index.php?rest_route=\/wp\/v2\/media\/3366"}],"wp:attachment":[{"href":"https:\/\/rrunning.tribalt.agency\/index.php?rest_route=%2Fwp%2Fv2%2Fmedia&parent=3365"}],"wp:term":[{"taxonomy":"pwb-brand","embeddable":true,"href":"https:\/\/rrunning.tribalt.agency\/index.php?rest_route=%2Fwp%2Fv2%2Fpwb-brand&post=3365"},{"taxonomy":"product_brand","embeddable":true,"href":"https:\/\/rrunning.tribalt.agency\/index.php?rest_route=%2Fwp%2Fv2%2Fproduct_brand&post=3365"},{"taxonomy":"product_cat","embeddable":true,"href":"https:\/\/rrunning.tribalt.agency\/index.php?rest_route=%2Fwp%2Fv2%2Fproduct_cat&post=3365"},{"taxonomy":"product_tag","embeddable":true,"href":"https:\/\/rrunning.tribalt.agency\/index.php?rest_route=%2Fwp%2Fv2%2Fproduct_tag&post=3365"}],"curies":[{"name":"wp","href":"https:\/\/api.w.org\/{rel}","templated":true}]}}