{"id":3360,"date":"2025-09-05T10:10:40","date_gmt":"2025-09-05T08:10:40","guid":{"rendered":"https:\/\/rrunning.tribalt.agency\/?post_type=product&#038;p=3360"},"modified":"2025-09-05T10:15:30","modified_gmt":"2025-09-05T08:15:30","slug":"homme-hurricane-25","status":"publish","type":"product","link":"https:\/\/rrunning.tribalt.agency\/?product=homme-hurricane-25","title":{"rendered":"Homme Hurricane 25"},"content":{"rendered":"<div class=\"highlight\"><strong>Amorti maximal<\/strong><\/div>\n<div class=\"highlight\">Une couche moelleuse de super mousse PWRUN PB recouvre une couche r\u00e9active de mousse PWRRUN pour offrir un \u00e9quilibre parfait entre souplesse et maintien.<\/div>\n<div><\/div>\n<div class=\"highlight\"><strong>Transitions guid\u00e9es<\/strong><\/div>\n<div class=\"highlight\">La g\u00e9om\u00e9trie redessin\u00e9e s'associe \u00e0 la Center\u00a0Path Technology\u2122 pour vous aider \u00e0 rester align\u00e9 et \u00e0 progresser en douceur.<\/div>\n<div><\/div>\n<div class=\"highlight\"><strong>Confort optimal<\/strong><\/div>\n<div class=\"highlight\">Une mesh douce et respirante enveloppe votre pied pour une sensation de s\u00e9curit\u00e9 et de maintien optimal, de la pointe des orteils jusqu'au talon.<\/div>\n<div><\/div>\n<div>Poids: Homme 10.0oz (285g)<br \/>\nDrop:6mm (38\/32mm)<\/div>\n","protected":false},"excerpt":{"rendered":"<p>Amorti maximal Une couche moelleuse de super mousse PWRUN PB recouvre une couche r\u00e9active de mousse PWRRUN pour offrir un \u00e9quilibre parfait entre souplesse et maintien. Transitions guid\u00e9es La g\u00e9om\u00e9trie redessin\u00e9e s'associe \u00e0 la Center\u00a0Path Technology\u2122 pour vous aider \u00e0 rester align\u00e9 et \u00e0 progresser en douceur. Confort optimal Une mesh douce et respirante enveloppe [&hellip;]<\/p>\n","protected":false},"featured_media":3361,"template":"","meta":[],"pwb-brand":[120],"product_brand":[],"product_cat":[42],"product_tag":[],"class_list":{"0":"post-3360","1":"product","2":"type-product","3":"status-publish","4":"has-post-thumbnail","6":"pwb-brand-saucony","7":"product_cat-route-chaussures-hommes","9":"first","10":"instock","11":"shipping-taxable","12":"purchasable","13":"product-type-simple"},"brands":[{"id":120,"name":"SAUCONY","slug":"saucony"}],"_links":{"self":[{"href":"https:\/\/rrunning.tribalt.agency\/index.php?rest_route=\/wp\/v2\/product\/3360","targetHints":{"allow":["GET"]}}],"collection":[{"href":"https:\/\/rrunning.tribalt.agency\/index.php?rest_route=\/wp\/v2\/product"}],"about":[{"href":"https:\/\/rrunning.tribalt.agency\/index.php?rest_route=\/wp\/v2\/types\/product"}],"wp:featuredmedia":[{"embeddable":true,"href":"https:\/\/rrunning.tribalt.agency\/index.php?rest_route=\/wp\/v2\/media\/3361"}],"wp:attachment":[{"href":"https:\/\/rrunning.tribalt.agency\/index.php?rest_route=%2Fwp%2Fv2%2Fmedia&parent=3360"}],"wp:term":[{"taxonomy":"pwb-brand","embeddable":true,"href":"https:\/\/rrunning.tribalt.agency\/index.php?rest_route=%2Fwp%2Fv2%2Fpwb-brand&post=3360"},{"taxonomy":"product_brand","embeddable":true,"href":"https:\/\/rrunning.tribalt.agency\/index.php?rest_route=%2Fwp%2Fv2%2Fproduct_brand&post=3360"},{"taxonomy":"product_cat","embeddable":true,"href":"https:\/\/rrunning.tribalt.agency\/index.php?rest_route=%2Fwp%2Fv2%2Fproduct_cat&post=3360"},{"taxonomy":"product_tag","embeddable":true,"href":"https:\/\/rrunning.tribalt.agency\/index.php?rest_route=%2Fwp%2Fv2%2Fproduct_tag&post=3360"}],"curies":[{"name":"wp","href":"https:\/\/api.w.org\/{rel}","templated":true}]}}