{"id":3351,"date":"2025-09-05T09:56:16","date_gmt":"2025-09-05T07:56:16","guid":{"rendered":"https:\/\/rrunning.tribalt.agency\/?post_type=product&#038;p=3351"},"modified":"2025-09-05T10:03:16","modified_gmt":"2025-09-05T08:03:16","slug":"homme-endorphin-speed-5","status":"publish","type":"product","link":"https:\/\/rrunning.tribalt.agency\/?product=homme-endorphin-speed-5","title":{"rendered":"Homme Endorphin Speed 5"},"content":{"rendered":"<div class=\"highlight\"><strong>Con\u00e7ue pour la vitesse<\/strong><\/div>\n<div class=\"highlight\">Une nouvelle mesh l\u00e9g\u00e8re pour un ajustement encore plus confortable, id\u00e9ale pour les courses rapides et un usage quotidien.<\/div>\n<div><\/div>\n<div class=\"highlight\"><strong>Une semelle ext\u00e9rieure optimis\u00e9e<\/strong><\/div>\n<div class=\"highlight\">Une semelle ext\u00e9rieure pens\u00e9e avec une couverture plus \u00e9tendue au niveau du talon pour une plus grande durabilit\u00e9 lors de vos foul\u00e9es les plus rapides. Une rainure sur toute la longueur pour une allure plus naturelle.<\/div>\n<div><\/div>\n<div class=\"highlight\"><strong>Plus d'\u00e9nergie<\/strong><\/div>\n<div class=\"highlight\">Une plaque semi-rigide en nylon sur toute la longueur, plac\u00e9e entre deux couches de mousse PWRRUN PB r\u00e9active, vous offre un \u00e9quilibre parfait entre propulsion et amorti \u00e0 chaque foul\u00e9e.<\/div>\n<div><\/div>\n<div class=\"highlight\"><strong>Une course naturelle<\/strong><\/div>\n<div class=\"highlight\">La rainure sur toute la longueur optimise votre allure pour une transition plus fluide entre l'attaque du pied et la pouss\u00e9e.<\/div>\n<div><\/div>\n<div>Poids : Homme 8.3oz (237g)<br \/>\nDrop: 8mm (36mm\/28mm)<\/div>\n","protected":false},"excerpt":{"rendered":"<p>Con\u00e7ue pour la vitesse Une nouvelle mesh l\u00e9g\u00e8re pour un ajustement encore plus confortable, id\u00e9ale pour les courses rapides et un usage quotidien. Une semelle ext\u00e9rieure optimis\u00e9e Une semelle ext\u00e9rieure pens\u00e9e avec une couverture plus \u00e9tendue au niveau du talon pour une plus grande durabilit\u00e9 lors de vos foul\u00e9es les plus rapides. Une rainure sur [&hellip;]<\/p>\n","protected":false},"featured_media":3352,"template":"","meta":[],"pwb-brand":[120],"product_brand":[],"product_cat":[42],"product_tag":[],"class_list":{"0":"post-3351","1":"product","2":"type-product","3":"status-publish","4":"has-post-thumbnail","6":"pwb-brand-saucony","7":"product_cat-route-chaussures-hommes","9":"first","10":"instock","11":"shipping-taxable","12":"purchasable","13":"product-type-simple"},"brands":[{"id":120,"name":"SAUCONY","slug":"saucony"}],"_links":{"self":[{"href":"https:\/\/rrunning.tribalt.agency\/index.php?rest_route=\/wp\/v2\/product\/3351","targetHints":{"allow":["GET"]}}],"collection":[{"href":"https:\/\/rrunning.tribalt.agency\/index.php?rest_route=\/wp\/v2\/product"}],"about":[{"href":"https:\/\/rrunning.tribalt.agency\/index.php?rest_route=\/wp\/v2\/types\/product"}],"wp:featuredmedia":[{"embeddable":true,"href":"https:\/\/rrunning.tribalt.agency\/index.php?rest_route=\/wp\/v2\/media\/3352"}],"wp:attachment":[{"href":"https:\/\/rrunning.tribalt.agency\/index.php?rest_route=%2Fwp%2Fv2%2Fmedia&parent=3351"}],"wp:term":[{"taxonomy":"pwb-brand","embeddable":true,"href":"https:\/\/rrunning.tribalt.agency\/index.php?rest_route=%2Fwp%2Fv2%2Fpwb-brand&post=3351"},{"taxonomy":"product_brand","embeddable":true,"href":"https:\/\/rrunning.tribalt.agency\/index.php?rest_route=%2Fwp%2Fv2%2Fproduct_brand&post=3351"},{"taxonomy":"product_cat","embeddable":true,"href":"https:\/\/rrunning.tribalt.agency\/index.php?rest_route=%2Fwp%2Fv2%2Fproduct_cat&post=3351"},{"taxonomy":"product_tag","embeddable":true,"href":"https:\/\/rrunning.tribalt.agency\/index.php?rest_route=%2Fwp%2Fv2%2Fproduct_tag&post=3351"}],"curies":[{"name":"wp","href":"https:\/\/api.w.org\/{rel}","templated":true}]}}