{"id":3339,"date":"2025-09-04T12:05:12","date_gmt":"2025-09-04T10:05:12","guid":{"rendered":"https:\/\/rrunning.tribalt.agency\/?post_type=product&#038;p=3339"},"modified":"2025-09-04T12:08:18","modified_gmt":"2025-09-04T10:08:18","slug":"bondi-9-4","status":"publish","type":"product","link":"https:\/\/rrunning.tribalt.agency\/?product=bondi-9-4","title":{"rendered":"Bondi 9"},"content":{"rendered":"<p>La r\u00e9volution de l\u2019amorti. Chaussure parmi les plus robustes de la gamme HOKA, la Bondi\u00a09 offre le summum du confort moelleux pour le running au quotidien. Enti\u00e8rement repens\u00e9e de A\u00a0\u00e0\u00a0Z, cette nouvelle version est dot\u00e9e d\u2019une hauteur de semelle augment\u00e9e, d\u2019une nouvelle semelle interm\u00e9diaire suppl\u00e9mentaire en mousse de qualit\u00e9 sup\u00e9rieure pour procurer cette foul\u00e9e douce et r\u00e9siliente d\u00e9sormais synonyme du mod\u00e8le Bondi. D\u00e9sormais dot\u00e9e d\u2019un bracelet moul\u00e9 en\u00a03D et d\u2019une tige en maille avec tricotage zonal respirant, cette chaussure culte ultra-amortie a \u00e9t\u00e9 finie avec du caoutchouc Durabrasion Rubber pour combattre l\u2019usure dans les zones \u00e0 risques.<\/p>\n<p>Poids : 297.00 g<br \/>\nInclinaison talon-orteils : 5.00 mm<\/p>\n","protected":false},"excerpt":{"rendered":"<p>La r\u00e9volution de l\u2019amorti. Chaussure parmi les plus robustes de la gamme HOKA, la Bondi\u00a09 offre le summum du confort moelleux pour le running au quotidien. Enti\u00e8rement repens\u00e9e de A\u00a0\u00e0\u00a0Z, cette nouvelle version est dot\u00e9e d\u2019une hauteur de semelle augment\u00e9e, d\u2019une nouvelle semelle interm\u00e9diaire suppl\u00e9mentaire en mousse de qualit\u00e9 sup\u00e9rieure pour procurer cette foul\u00e9e douce [&hellip;]<\/p>\n","protected":false},"featured_media":3340,"template":"","meta":[],"pwb-brand":[102],"product_brand":[],"product_cat":[42],"product_tag":[],"class_list":{"0":"post-3339","1":"product","2":"type-product","3":"status-publish","4":"has-post-thumbnail","6":"pwb-brand-hoka","7":"product_cat-route-chaussures-hommes","9":"first","10":"instock","11":"shipping-taxable","12":"purchasable","13":"product-type-simple"},"brands":[{"id":102,"name":"HOKA","slug":"hoka"}],"_links":{"self":[{"href":"https:\/\/rrunning.tribalt.agency\/index.php?rest_route=\/wp\/v2\/product\/3339","targetHints":{"allow":["GET"]}}],"collection":[{"href":"https:\/\/rrunning.tribalt.agency\/index.php?rest_route=\/wp\/v2\/product"}],"about":[{"href":"https:\/\/rrunning.tribalt.agency\/index.php?rest_route=\/wp\/v2\/types\/product"}],"wp:featuredmedia":[{"embeddable":true,"href":"https:\/\/rrunning.tribalt.agency\/index.php?rest_route=\/wp\/v2\/media\/3340"}],"wp:attachment":[{"href":"https:\/\/rrunning.tribalt.agency\/index.php?rest_route=%2Fwp%2Fv2%2Fmedia&parent=3339"}],"wp:term":[{"taxonomy":"pwb-brand","embeddable":true,"href":"https:\/\/rrunning.tribalt.agency\/index.php?rest_route=%2Fwp%2Fv2%2Fpwb-brand&post=3339"},{"taxonomy":"product_brand","embeddable":true,"href":"https:\/\/rrunning.tribalt.agency\/index.php?rest_route=%2Fwp%2Fv2%2Fproduct_brand&post=3339"},{"taxonomy":"product_cat","embeddable":true,"href":"https:\/\/rrunning.tribalt.agency\/index.php?rest_route=%2Fwp%2Fv2%2Fproduct_cat&post=3339"},{"taxonomy":"product_tag","embeddable":true,"href":"https:\/\/rrunning.tribalt.agency\/index.php?rest_route=%2Fwp%2Fv2%2Fproduct_tag&post=3339"}],"curies":[{"name":"wp","href":"https:\/\/api.w.org\/{rel}","templated":true}]}}