{"id":3329,"date":"2025-09-03T14:14:40","date_gmt":"2025-09-03T12:14:40","guid":{"rendered":"https:\/\/rrunning.tribalt.agency\/?post_type=product&#038;p=3329"},"modified":"2025-09-03T14:16:47","modified_gmt":"2025-09-03T12:16:47","slug":"skyflow-4","status":"publish","type":"product","link":"https:\/\/rrunning.tribalt.agency\/?product=skyflow-4","title":{"rendered":"Skyflow"},"content":{"rendered":"<p>Le quotidien am\u00e9lior\u00e9. Con\u00e7ue pour sublimer votre run quotidien, la Skyflow associe technologie inspir\u00e9e de la Skyflow\u00a0X premium et mousse am\u00e9lior\u00e9e, et fait passer votre pratique au niveau sup\u00e9rieur. La mousse EVA supercritique offre une exp\u00e9rience ultra-amortie et r\u00e9active, le si\u00e8ge baquet ax\u00e9 sur le talon enveloppe le pied et le design incurv\u00e9 de l\u2019avant-pied permet une foul\u00e9e fluide. R\u00e9alis\u00e9e avec une tige \u00e9pur\u00e9e et une semelle ext\u00e9rieure ultrar\u00e9sistante, cette chaussure red\u00e9finit les codes du running au quotidien.<\/p>\n<p>Poids : 280.00 g<br \/>\nInclinaison talon-orteils : 5.00 mm<\/p>\n","protected":false},"excerpt":{"rendered":"<p>Le quotidien am\u00e9lior\u00e9. Con\u00e7ue pour sublimer votre run quotidien, la Skyflow associe technologie inspir\u00e9e de la Skyflow\u00a0X premium et mousse am\u00e9lior\u00e9e, et fait passer votre pratique au niveau sup\u00e9rieur. La mousse EVA supercritique offre une exp\u00e9rience ultra-amortie et r\u00e9active, le si\u00e8ge baquet ax\u00e9 sur le talon enveloppe le pied et le design incurv\u00e9 de l\u2019avant-pied [&hellip;]<\/p>\n","protected":false},"featured_media":3330,"template":"","meta":[],"pwb-brand":[102],"product_brand":[],"product_cat":[42],"product_tag":[],"class_list":{"0":"post-3329","1":"product","2":"type-product","3":"status-publish","4":"has-post-thumbnail","6":"pwb-brand-hoka","7":"product_cat-route-chaussures-hommes","9":"first","10":"instock","11":"shipping-taxable","12":"purchasable","13":"product-type-simple"},"brands":[{"id":102,"name":"HOKA","slug":"hoka"}],"_links":{"self":[{"href":"https:\/\/rrunning.tribalt.agency\/index.php?rest_route=\/wp\/v2\/product\/3329","targetHints":{"allow":["GET"]}}],"collection":[{"href":"https:\/\/rrunning.tribalt.agency\/index.php?rest_route=\/wp\/v2\/product"}],"about":[{"href":"https:\/\/rrunning.tribalt.agency\/index.php?rest_route=\/wp\/v2\/types\/product"}],"wp:featuredmedia":[{"embeddable":true,"href":"https:\/\/rrunning.tribalt.agency\/index.php?rest_route=\/wp\/v2\/media\/3330"}],"wp:attachment":[{"href":"https:\/\/rrunning.tribalt.agency\/index.php?rest_route=%2Fwp%2Fv2%2Fmedia&parent=3329"}],"wp:term":[{"taxonomy":"pwb-brand","embeddable":true,"href":"https:\/\/rrunning.tribalt.agency\/index.php?rest_route=%2Fwp%2Fv2%2Fpwb-brand&post=3329"},{"taxonomy":"product_brand","embeddable":true,"href":"https:\/\/rrunning.tribalt.agency\/index.php?rest_route=%2Fwp%2Fv2%2Fproduct_brand&post=3329"},{"taxonomy":"product_cat","embeddable":true,"href":"https:\/\/rrunning.tribalt.agency\/index.php?rest_route=%2Fwp%2Fv2%2Fproduct_cat&post=3329"},{"taxonomy":"product_tag","embeddable":true,"href":"https:\/\/rrunning.tribalt.agency\/index.php?rest_route=%2Fwp%2Fv2%2Fproduct_tag&post=3329"}],"curies":[{"name":"wp","href":"https:\/\/api.w.org\/{rel}","templated":true}]}}