{"id":3249,"date":"2025-09-02T10:54:24","date_gmt":"2025-09-02T08:54:24","guid":{"rendered":"https:\/\/rrunning.tribalt.agency\/?post_type=product&#038;p=3249"},"modified":"2025-09-02T10:56:47","modified_gmt":"2025-09-02T08:56:47","slug":"femme-ride-tr2","status":"publish","type":"product","link":"https:\/\/rrunning.tribalt.agency\/?product=femme-ride-tr2","title":{"rendered":"Femme Ride TR2"},"content":{"rendered":"<p data-start=\"40\" data-end=\"129\"><strong data-start=\"40\" data-end=\"64\">Con\u00e7ue sans limites.<\/strong><br data-start=\"64\" data-end=\"67\" \/>Elle vous m\u00e8nera partout, que ce soit sur route ou en sentier.<\/p>\n<h3 data-start=\"131\" data-end=\"171\"><strong data-start=\"135\" data-end=\"169\">Pourquoi vous allez l\u2019adorer :<\/strong><\/h3>\n<ul data-start=\"172\" data-end=\"544\">\n<li data-start=\"172\" data-end=\"270\">\n<p data-start=\"174\" data-end=\"270\">L\u2019amorti ultra confortable <strong data-start=\"201\" data-end=\"212\">PWRRUN+<\/strong> offre des r\u00e9ceptions en douceur, peu importe la surface<\/p>\n<\/li>\n<li data-start=\"271\" data-end=\"372\">\n<p data-start=\"273\" data-end=\"372\">Les crampons mod\u00e9r\u00e9s de <strong data-start=\"297\" data-end=\"307\">3,5 mm<\/strong> sont parfaits pour passer de la route au trail, et inversement<\/p>\n<\/li>\n<li data-start=\"373\" data-end=\"471\">\n<p data-start=\"375\" data-end=\"471\">La semelle ext\u00e9rieure <strong data-start=\"397\" data-end=\"408\">PWRTRAC<\/strong> garantit une excellente adh\u00e9rence sur tous types de terrains<\/p>\n<\/li>\n<li data-start=\"472\" data-end=\"544\">\n<p data-start=\"474\" data-end=\"544\">L\u2019empeigne en mesh r\u00e9sistant offre une protection adapt\u00e9e aux sentiers<\/p>\n<\/li>\n<\/ul>\n<h3 data-start=\"546\" data-end=\"585\"><strong data-start=\"550\" data-end=\"583\">Caract\u00e9ristiques techniques :<\/strong><\/h3>\n<ul data-start=\"586\" data-end=\"874\">\n<li data-start=\"586\" data-end=\"654\">\n<p data-start=\"588\" data-end=\"654\"><strong data-start=\"588\" data-end=\"605\">Id\u00e9ale pour :<\/strong> randonn\u00e9es quotidiennes \/ balades sur sentiers<\/p>\n<\/li>\n<li data-start=\"655\" data-end=\"692\">\n<p data-start=\"657\" data-end=\"692\"><strong data-start=\"657\" data-end=\"683\">Hauteur des crampons :<\/strong> 3,5 mm<\/p>\n<\/li>\n<li data-start=\"693\" data-end=\"769\">\n<p data-start=\"695\" data-end=\"769\"><strong data-start=\"695\" data-end=\"722\">Drop talon-avant-pied :<\/strong> 8 mm (35 mm au talon \/ 27 mm \u00e0 l\u2019avant-pied)<\/p>\n<\/li>\n<li data-start=\"770\" data-end=\"800\">\n<p data-start=\"772\" data-end=\"800\"><strong data-start=\"772\" data-end=\"783\">Poids :<\/strong> 254 g (8,9 oz)<\/p>\n<\/li>\n<li data-start=\"801\" data-end=\"874\">\n<p data-start=\"803\" data-end=\"874\"><strong data-start=\"803\" data-end=\"819\">Durabilit\u00e9 :<\/strong> Mod\u00e8le <strong data-start=\"827\" data-end=\"836\">v\u00e9gan<\/strong>, contenant des <strong data-start=\"852\" data-end=\"874\">mat\u00e9riaux recycl\u00e9s<\/strong><\/p>\n<\/li>\n<\/ul>\n","protected":false},"excerpt":{"rendered":"<p>Con\u00e7ue sans limites.Elle vous m\u00e8nera partout, que ce soit sur route ou en sentier. Pourquoi vous allez l\u2019adorer : L\u2019amorti ultra confortable PWRRUN+ offre des r\u00e9ceptions en douceur, peu importe la surface Les crampons mod\u00e9r\u00e9s de 3,5 mm sont parfaits pour passer de la route au trail, et inversement La semelle ext\u00e9rieure PWRTRAC garantit une [&hellip;]<\/p>\n","protected":false},"featured_media":3250,"template":"","meta":[],"pwb-brand":[120],"product_brand":[],"product_cat":[39],"product_tag":[],"class_list":{"0":"post-3249","1":"product","2":"type-product","3":"status-publish","4":"has-post-thumbnail","6":"pwb-brand-saucony","7":"product_cat-trail","9":"first","10":"instock","11":"shipping-taxable","12":"purchasable","13":"product-type-simple"},"brands":[{"id":120,"name":"SAUCONY","slug":"saucony"}],"_links":{"self":[{"href":"https:\/\/rrunning.tribalt.agency\/index.php?rest_route=\/wp\/v2\/product\/3249","targetHints":{"allow":["GET"]}}],"collection":[{"href":"https:\/\/rrunning.tribalt.agency\/index.php?rest_route=\/wp\/v2\/product"}],"about":[{"href":"https:\/\/rrunning.tribalt.agency\/index.php?rest_route=\/wp\/v2\/types\/product"}],"wp:featuredmedia":[{"embeddable":true,"href":"https:\/\/rrunning.tribalt.agency\/index.php?rest_route=\/wp\/v2\/media\/3250"}],"wp:attachment":[{"href":"https:\/\/rrunning.tribalt.agency\/index.php?rest_route=%2Fwp%2Fv2%2Fmedia&parent=3249"}],"wp:term":[{"taxonomy":"pwb-brand","embeddable":true,"href":"https:\/\/rrunning.tribalt.agency\/index.php?rest_route=%2Fwp%2Fv2%2Fpwb-brand&post=3249"},{"taxonomy":"product_brand","embeddable":true,"href":"https:\/\/rrunning.tribalt.agency\/index.php?rest_route=%2Fwp%2Fv2%2Fproduct_brand&post=3249"},{"taxonomy":"product_cat","embeddable":true,"href":"https:\/\/rrunning.tribalt.agency\/index.php?rest_route=%2Fwp%2Fv2%2Fproduct_cat&post=3249"},{"taxonomy":"product_tag","embeddable":true,"href":"https:\/\/rrunning.tribalt.agency\/index.php?rest_route=%2Fwp%2Fv2%2Fproduct_tag&post=3249"}],"curies":[{"name":"wp","href":"https:\/\/api.w.org\/{rel}","templated":true}]}}