{"id":3244,"date":"2025-09-02T10:53:08","date_gmt":"2025-09-02T08:53:08","guid":{"rendered":"https:\/\/rrunning.tribalt.agency\/?post_type=product&#038;p=3244"},"modified":"2025-09-02T10:53:23","modified_gmt":"2025-09-02T08:53:23","slug":"femme-xodus-ultra-4","status":"publish","type":"product","link":"https:\/\/rrunning.tribalt.agency\/?product=femme-xodus-ultra-4","title":{"rendered":"Femme Xodus Ultra 4"},"content":{"rendered":"<p data-start=\"49\" data-end=\"425\"><strong data-start=\"49\" data-end=\"211\">Allez plus loin, plus vite et avec plus de confiance gr\u00e2ce \u00e0 la Xodus Ultra 4 \u2014 votre alli\u00e9e incontournable pour la course sur sentier avec un amorti maximal.<\/strong><br data-start=\"211\" data-end=\"214\" \/>Con\u00e7ue pour les aventures longue distance, cette chaussure ultra-amortie offre une adh\u00e9rence in\u00e9gal\u00e9e, une protection sup\u00e9rieure et un confort de niveau sup\u00e9rieur pour vous accompagner kilom\u00e8tre apr\u00e8s kilom\u00e8tre.<\/p>\n<h3 data-start=\"427\" data-end=\"466\"><strong data-start=\"431\" data-end=\"464\">Caract\u00e9ristiques et avantages<\/strong><\/h3>\n<p data-start=\"467\" data-end=\"953\"><strong data-start=\"467\" data-end=\"489\">Confort am\u00e9lior\u00e9 :<\/strong> Avec encore plus d\u2019amorti que jamais, profitez du duo dynamique de la mousse PWRRUN PB moelleuse et r\u00e9active directement sous le pied, entour\u00e9e de PWRRUN pour une protection suppl\u00e9mentaire.<br data-start=\"679\" data-end=\"682\" \/><strong data-start=\"682\" data-end=\"710\">Adh\u00e9rence incomparable :<\/strong> Semelle ext\u00e9rieure Vibram\u00ae MegaGrip couvrant toute la surface pour une traction optimale sur terrains accident\u00e9s.<br data-start=\"824\" data-end=\"827\" \/><strong data-start=\"827\" data-end=\"867\">Durabilit\u00e9 pr\u00eate pour les sentiers :<\/strong> Con\u00e7ue pour r\u00e9sister aux conditions difficiles tout en assurant maintien et s\u00e9curit\u00e9.<\/p>\n","protected":false},"excerpt":{"rendered":"<p>Allez plus loin, plus vite et avec plus de confiance gr\u00e2ce \u00e0 la Xodus Ultra 4 \u2014 votre alli\u00e9e incontournable pour la course sur sentier avec un amorti maximal.Con\u00e7ue pour les aventures longue distance, cette chaussure ultra-amortie offre une adh\u00e9rence in\u00e9gal\u00e9e, une protection sup\u00e9rieure et un confort de niveau sup\u00e9rieur pour vous accompagner kilom\u00e8tre apr\u00e8s [&hellip;]<\/p>\n","protected":false},"featured_media":3245,"template":"","meta":[],"pwb-brand":[120],"product_brand":[],"product_cat":[39],"product_tag":[],"class_list":{"0":"post-3244","1":"product","2":"type-product","3":"status-publish","4":"has-post-thumbnail","6":"pwb-brand-saucony","7":"product_cat-trail","9":"first","10":"instock","11":"shipping-taxable","12":"purchasable","13":"product-type-simple"},"brands":[{"id":120,"name":"SAUCONY","slug":"saucony"}],"_links":{"self":[{"href":"https:\/\/rrunning.tribalt.agency\/index.php?rest_route=\/wp\/v2\/product\/3244","targetHints":{"allow":["GET"]}}],"collection":[{"href":"https:\/\/rrunning.tribalt.agency\/index.php?rest_route=\/wp\/v2\/product"}],"about":[{"href":"https:\/\/rrunning.tribalt.agency\/index.php?rest_route=\/wp\/v2\/types\/product"}],"wp:featuredmedia":[{"embeddable":true,"href":"https:\/\/rrunning.tribalt.agency\/index.php?rest_route=\/wp\/v2\/media\/3245"}],"wp:attachment":[{"href":"https:\/\/rrunning.tribalt.agency\/index.php?rest_route=%2Fwp%2Fv2%2Fmedia&parent=3244"}],"wp:term":[{"taxonomy":"pwb-brand","embeddable":true,"href":"https:\/\/rrunning.tribalt.agency\/index.php?rest_route=%2Fwp%2Fv2%2Fpwb-brand&post=3244"},{"taxonomy":"product_brand","embeddable":true,"href":"https:\/\/rrunning.tribalt.agency\/index.php?rest_route=%2Fwp%2Fv2%2Fproduct_brand&post=3244"},{"taxonomy":"product_cat","embeddable":true,"href":"https:\/\/rrunning.tribalt.agency\/index.php?rest_route=%2Fwp%2Fv2%2Fproduct_cat&post=3244"},{"taxonomy":"product_tag","embeddable":true,"href":"https:\/\/rrunning.tribalt.agency\/index.php?rest_route=%2Fwp%2Fv2%2Fproduct_tag&post=3244"}],"curies":[{"name":"wp","href":"https:\/\/api.w.org\/{rel}","templated":true}]}}