{"id":3239,"date":"2025-09-02T10:48:09","date_gmt":"2025-09-02T08:48:09","guid":{"rendered":"https:\/\/rrunning.tribalt.agency\/?post_type=product&#038;p=3239"},"modified":"2025-09-17T17:07:17","modified_gmt":"2025-09-17T15:07:17","slug":"caldera-8","status":"publish","type":"product","link":"https:\/\/rrunning.tribalt.agency\/?product=caldera-8","title":{"rendered":"Caldera 8"},"content":{"rendered":"<p class=\"m-long-description-text\">Nous avons am\u00e9lior\u00e9 cette chaussure de trail pour femmes en \u00e9coutant les commentaires des runners. La Caldera\u00a08 est dot\u00e9e d\u2019un amorti moelleux pour un confort tout au long de la journ\u00e9e sur les trails, ainsi que d\u2019un chaussant, de mat\u00e9riaux et d\u2019un confort am\u00e9lior\u00e9s.<\/p>\n<h3 class=\"a-type-h6--big m-long-description__label u-spacing-x-small--bottom\">Durabilit\u00e9<\/h3>\n<div class=\"m-long-description__sustainability\">\n<div class=\"m-long-description__sustainability--container\">\n<div class=\"m-long-description__sustainability--value\">52.9 %<\/div>\n<div class=\"m-long-description__sustainability--text\">Mat\u00e9riaux recycl\u00e9s dans la tige<\/div>\n<\/div>\n<\/div>\n<h3 class=\"a-type-h6--big m-long-description__label u-spacing-x-small--bottom\">Parfaite pour\u2026<\/h3>\n<ul class=\"m-long-description__best-for\">\n<li class=\"m-long-description__best-for-item\">\n<div class=\"m-long-description__best-for-text\">Ultra-trail<\/div>\n<\/li>\n<li class=\"m-long-description__best-for-item\">\n<div class=\"m-long-description__best-for-text\">Courses et comp\u00e9titions de trail de plus de 50\u00a0km<\/div>\n<\/li>\n<\/ul>\n<h3 class=\"a-type-h6--big m-long-description__label u-spacing-x-small--bottom\">Caract\u00e9ristiques<\/h3>\n<ul class=\"m-long-description__features\">\n<li class=\"m-long-description__feature\">\n<div class=\"m-long-description__feature-text\">Amorti suppl\u00e9mentaire<\/div>\n<\/li>\n<li class=\"m-long-description__feature\">\n<div class=\"m-long-description__feature-text\">Une foul\u00e9e l\u00e9g\u00e8re et adaptable<\/div>\n<\/li>\n<li class=\"m-long-description__feature\">\n<div class=\"m-long-description__feature-text\">Tige respirante performante<\/div>\n<\/li>\n<\/ul>\n<p>Drop De La Semelle Interm\u00e9diaire : 6mm<br \/>\nPoids : 9,3oz \/ 263,7g<\/p>\n<p>&nbsp;<\/p>\n","protected":false},"excerpt":{"rendered":"<p>Nous avons am\u00e9lior\u00e9 cette chaussure de trail pour femmes en \u00e9coutant les commentaires des runners. La Caldera\u00a08 est dot\u00e9e d\u2019un amorti moelleux pour un confort tout au long de la journ\u00e9e sur les trails, ainsi que d\u2019un chaussant, de mat\u00e9riaux et d\u2019un confort am\u00e9lior\u00e9s. Durabilit\u00e9 52.9 % Mat\u00e9riaux recycl\u00e9s dans la tige Parfaite pour\u2026 Ultra-trail [&hellip;]<\/p>\n","protected":false},"featured_media":3710,"template":"","meta":[],"pwb-brand":[92],"product_brand":[],"product_cat":[36,39],"product_tag":[],"class_list":{"0":"post-3239","1":"product","2":"type-product","3":"status-publish","4":"has-post-thumbnail","6":"pwb-brand-brooks","7":"product_cat-chaussures-femmes","8":"product_cat-trail","10":"first","11":"instock","12":"shipping-taxable","13":"purchasable","14":"product-type-simple"},"brands":[{"id":92,"name":"BROOKS","slug":"brooks"}],"_links":{"self":[{"href":"https:\/\/rrunning.tribalt.agency\/index.php?rest_route=\/wp\/v2\/product\/3239","targetHints":{"allow":["GET"]}}],"collection":[{"href":"https:\/\/rrunning.tribalt.agency\/index.php?rest_route=\/wp\/v2\/product"}],"about":[{"href":"https:\/\/rrunning.tribalt.agency\/index.php?rest_route=\/wp\/v2\/types\/product"}],"wp:featuredmedia":[{"embeddable":true,"href":"https:\/\/rrunning.tribalt.agency\/index.php?rest_route=\/wp\/v2\/media\/3710"}],"wp:attachment":[{"href":"https:\/\/rrunning.tribalt.agency\/index.php?rest_route=%2Fwp%2Fv2%2Fmedia&parent=3239"}],"wp:term":[{"taxonomy":"pwb-brand","embeddable":true,"href":"https:\/\/rrunning.tribalt.agency\/index.php?rest_route=%2Fwp%2Fv2%2Fpwb-brand&post=3239"},{"taxonomy":"product_brand","embeddable":true,"href":"https:\/\/rrunning.tribalt.agency\/index.php?rest_route=%2Fwp%2Fv2%2Fproduct_brand&post=3239"},{"taxonomy":"product_cat","embeddable":true,"href":"https:\/\/rrunning.tribalt.agency\/index.php?rest_route=%2Fwp%2Fv2%2Fproduct_cat&post=3239"},{"taxonomy":"product_tag","embeddable":true,"href":"https:\/\/rrunning.tribalt.agency\/index.php?rest_route=%2Fwp%2Fv2%2Fproduct_tag&post=3239"}],"curies":[{"name":"wp","href":"https:\/\/api.w.org\/{rel}","templated":true}]}}