{"id":3224,"date":"2025-09-02T10:10:39","date_gmt":"2025-09-02T08:10:39","guid":{"rendered":"https:\/\/rrunning.tribalt.agency\/?post_type=product&#038;p=3224"},"modified":"2025-09-02T10:13:08","modified_gmt":"2025-09-02T08:13:08","slug":"challenger-8","status":"publish","type":"product","link":"https:\/\/rrunning.tribalt.agency\/?product=challenger-8","title":{"rendered":"Challenger 8"},"content":{"rendered":"<p>Approuv\u00e9e en ville. Test\u00e9e sur les sentiers. \u00c9labor\u00e9e au croisement du running sur route et du trail, la Challenger\u00a08 offre un amorti tout en douceur et l\u2019adh\u00e9rence dont vous avez besoin pour affronter divers terrains en toute confiance. V\u00e9ritable baroudeuse appr\u00e9ci\u00e9e pour sa foul\u00e9e ultra-amortie sur les graviers, nous lui avons ajout\u00e9 plus de mousse sous le pied et avons am\u00e9lior\u00e9 son ajustement. En plus de sa tige en mesh minimaliste, son bracelet moelleux et son embout en caoutchouc r\u00e9sistant, nous avons repens\u00e9 l\u2019orientation de ses crampons multidirectionnels pour garantir la foul\u00e9e la plus fluide sur tous les terrains.<\/p>\n<p>Poids : 230.00 g<br \/>\nInclinaison talon-orteils : 8.00 mm<\/p>\n","protected":false},"excerpt":{"rendered":"<p>Approuv\u00e9e en ville. Test\u00e9e sur les sentiers. \u00c9labor\u00e9e au croisement du running sur route et du trail, la Challenger\u00a08 offre un amorti tout en douceur et l\u2019adh\u00e9rence dont vous avez besoin pour affronter divers terrains en toute confiance. V\u00e9ritable baroudeuse appr\u00e9ci\u00e9e pour sa foul\u00e9e ultra-amortie sur les graviers, nous lui avons ajout\u00e9 plus de mousse [&hellip;]<\/p>\n","protected":false},"featured_media":3225,"template":"","meta":[],"pwb-brand":[102],"product_brand":[],"product_cat":[39],"product_tag":[],"class_list":{"0":"post-3224","1":"product","2":"type-product","3":"status-publish","4":"has-post-thumbnail","6":"pwb-brand-hoka","7":"product_cat-trail","9":"first","10":"instock","11":"shipping-taxable","12":"purchasable","13":"product-type-simple"},"brands":[{"id":102,"name":"HOKA","slug":"hoka"}],"_links":{"self":[{"href":"https:\/\/rrunning.tribalt.agency\/index.php?rest_route=\/wp\/v2\/product\/3224","targetHints":{"allow":["GET"]}}],"collection":[{"href":"https:\/\/rrunning.tribalt.agency\/index.php?rest_route=\/wp\/v2\/product"}],"about":[{"href":"https:\/\/rrunning.tribalt.agency\/index.php?rest_route=\/wp\/v2\/types\/product"}],"wp:featuredmedia":[{"embeddable":true,"href":"https:\/\/rrunning.tribalt.agency\/index.php?rest_route=\/wp\/v2\/media\/3225"}],"wp:attachment":[{"href":"https:\/\/rrunning.tribalt.agency\/index.php?rest_route=%2Fwp%2Fv2%2Fmedia&parent=3224"}],"wp:term":[{"taxonomy":"pwb-brand","embeddable":true,"href":"https:\/\/rrunning.tribalt.agency\/index.php?rest_route=%2Fwp%2Fv2%2Fpwb-brand&post=3224"},{"taxonomy":"product_brand","embeddable":true,"href":"https:\/\/rrunning.tribalt.agency\/index.php?rest_route=%2Fwp%2Fv2%2Fproduct_brand&post=3224"},{"taxonomy":"product_cat","embeddable":true,"href":"https:\/\/rrunning.tribalt.agency\/index.php?rest_route=%2Fwp%2Fv2%2Fproduct_cat&post=3224"},{"taxonomy":"product_tag","embeddable":true,"href":"https:\/\/rrunning.tribalt.agency\/index.php?rest_route=%2Fwp%2Fv2%2Fproduct_tag&post=3224"}],"curies":[{"name":"wp","href":"https:\/\/api.w.org\/{rel}","templated":true}]}}