{"id":3222,"date":"2025-09-02T10:08:38","date_gmt":"2025-09-02T08:08:38","guid":{"rendered":"https:\/\/rrunning.tribalt.agency\/?post_type=product&#038;p=3222"},"modified":"2025-09-17T17:10:53","modified_gmt":"2025-09-17T15:10:53","slug":"mafate-5","status":"publish","type":"product","link":"https:\/\/rrunning.tribalt.agency\/?product=mafate-5","title":{"rendered":"Mafate 5"},"content":{"rendered":"<p>Amorti moelleux pour les terrains ardus. Summum de la chaussure technique de trail, la Mafate\u00a05 se d\u00e9passe avec encore plus d\u2019amorti et de protection qu'auparavant. Con\u00e7ue pour avaler les kilom\u00e8tres, cette chaussure de trail robuste assure un contr\u00f4le optimal lors des efforts prolong\u00e9s gr\u00e2ce \u00e0 notre technologie Rocker\u00a0Integrity et prot\u00e8ge des d\u00e9bris du sentier gr\u00e2ce \u00e0 une gu\u00eatre de cheville facultative. Dot\u00e9e d\u2019une mousse douce qui rebondit sous le pied et d\u2019une mousse qui absorbe les chocs pr\u00e8s de la semelle, la Mafate\u00a05 adh\u00e8re fermement au sol gr\u00e2ce \u00e0 ses crampons agressifs Traction\u00a0Lug en Vibram\u00ae\u00a0Megagrip. En un mot\u00a0: tout-terrain.<\/p>\n<p>&nbsp;<\/p>\n<div class=\"row pb-4 align-items-center\">\n<div class=\"col-3 col-md-4\">Poids : 286.00\u00a0<sup class=\"pl-1\">g<\/sup><\/div>\n<\/div>\n<div class=\"row pb-4 align-items-center\">\n<div class=\"col-3 col-md-4\">Inclinaison talon-orteils :\u00a08.00\u00a0<sup class=\"pl-1\">mm<\/sup><\/div>\n<\/div>\n","protected":false},"excerpt":{"rendered":"<p>Amorti moelleux pour les terrains ardus. Summum de la chaussure technique de trail, la Mafate\u00a05 se d\u00e9passe avec encore plus d\u2019amorti et de protection qu'auparavant. Con\u00e7ue pour avaler les kilom\u00e8tres, cette chaussure de trail robuste assure un contr\u00f4le optimal lors des efforts prolong\u00e9s gr\u00e2ce \u00e0 notre technologie Rocker\u00a0Integrity et prot\u00e8ge des d\u00e9bris du sentier gr\u00e2ce [&hellip;]<\/p>\n","protected":false},"featured_media":3711,"template":"","meta":[],"pwb-brand":[102],"product_brand":[],"product_cat":[39],"product_tag":[],"class_list":{"0":"post-3222","1":"product","2":"type-product","3":"status-publish","4":"has-post-thumbnail","6":"pwb-brand-hoka","7":"product_cat-trail","9":"first","10":"instock","11":"shipping-taxable","12":"purchasable","13":"product-type-simple"},"brands":[{"id":102,"name":"HOKA","slug":"hoka"}],"_links":{"self":[{"href":"https:\/\/rrunning.tribalt.agency\/index.php?rest_route=\/wp\/v2\/product\/3222","targetHints":{"allow":["GET"]}}],"collection":[{"href":"https:\/\/rrunning.tribalt.agency\/index.php?rest_route=\/wp\/v2\/product"}],"about":[{"href":"https:\/\/rrunning.tribalt.agency\/index.php?rest_route=\/wp\/v2\/types\/product"}],"wp:featuredmedia":[{"embeddable":true,"href":"https:\/\/rrunning.tribalt.agency\/index.php?rest_route=\/wp\/v2\/media\/3711"}],"wp:attachment":[{"href":"https:\/\/rrunning.tribalt.agency\/index.php?rest_route=%2Fwp%2Fv2%2Fmedia&parent=3222"}],"wp:term":[{"taxonomy":"pwb-brand","embeddable":true,"href":"https:\/\/rrunning.tribalt.agency\/index.php?rest_route=%2Fwp%2Fv2%2Fpwb-brand&post=3222"},{"taxonomy":"product_brand","embeddable":true,"href":"https:\/\/rrunning.tribalt.agency\/index.php?rest_route=%2Fwp%2Fv2%2Fproduct_brand&post=3222"},{"taxonomy":"product_cat","embeddable":true,"href":"https:\/\/rrunning.tribalt.agency\/index.php?rest_route=%2Fwp%2Fv2%2Fproduct_cat&post=3222"},{"taxonomy":"product_tag","embeddable":true,"href":"https:\/\/rrunning.tribalt.agency\/index.php?rest_route=%2Fwp%2Fv2%2Fproduct_tag&post=3222"}],"curies":[{"name":"wp","href":"https:\/\/api.w.org\/{rel}","templated":true}]}}