{"id":3217,"date":"2025-09-02T10:02:31","date_gmt":"2025-09-02T08:02:31","guid":{"rendered":"https:\/\/rrunning.tribalt.agency\/?post_type=product&#038;p=3217"},"modified":"2025-09-02T10:05:16","modified_gmt":"2025-09-02T08:05:16","slug":"atomo-star","status":"publish","type":"product","link":"https:\/\/rrunning.tribalt.agency\/?product=atomo-star","title":{"rendered":"ATOMO STAR"},"content":{"rendered":"<p>L\u2019<strong>Atomo Star<\/strong>\u00a0est la derni\u00e8re avanc\u00e9e du projet Atomo\u00a0: le running Diadora Made in Italy.<\/p>\n<p>Combinaison optimale de l\u00e9g\u00e8ret\u00e9, d\u2019amorti et de retour d\u2019\u00e9nergie, cette<strong>\u00a0super trainer\u00a0<\/strong>est une chaussure de course parfaitement \u00e9quilibr\u00e9e. Le mod\u00e8le\u00a0<strong>Atomo Star<\/strong>\u00a0\u00e9l\u00e8ve les\u00a0<strong>entra\u00eenements quotidiens<\/strong>\u00a0et les\u00a0<strong>courses de longue distance<\/strong>\u00a0\u00e0 un nouveau niveau de conscience physique.<\/p>\n<p>Caract\u00e9ristiques\u00a0:<\/p>\n<ul>\n<li>Poids de 275 grammes (pointure 9 UK)<\/li>\n<li>Technologie Anima N2<\/li>\n<li>Drop bas de 6 mm<\/li>\n<\/ul>\n<p><strong>Poids minimum, rendement maximum<\/strong>. Avec un poids de seulement 275 grammes, l\u2019Atomo Star est plus durable et l\u00e9g\u00e8re gr\u00e2ce \u00e0 notre compos\u00e9\u00a0<strong>ANIMA N2<\/strong>, qui\u00a0<strong>augmente la capacit\u00e9 de rebond de 40\u00a0%<\/strong>. La semelle interm\u00e9diaire, actualis\u00e9e en termes d\u2019\u00e9paisseur et de design, renforce la sensation d\u2019absorption des chocs, tandis que la doublure du col garde le pied ferme. Une foul\u00e9e apr\u00e8s l\u2019autre, chaque jour.<\/p>\n","protected":false},"excerpt":{"rendered":"<p>L\u2019Atomo Star\u00a0est la derni\u00e8re avanc\u00e9e du projet Atomo\u00a0: le running Diadora Made in Italy. Combinaison optimale de l\u00e9g\u00e8ret\u00e9, d\u2019amorti et de retour d\u2019\u00e9nergie, cette\u00a0super trainer\u00a0est une chaussure de course parfaitement \u00e9quilibr\u00e9e. Le mod\u00e8le\u00a0Atomo Star\u00a0\u00e9l\u00e8ve les\u00a0entra\u00eenements quotidiens\u00a0et les\u00a0courses de longue distance\u00a0\u00e0 un nouveau niveau de conscience physique. Caract\u00e9ristiques\u00a0: Poids de 275 grammes (pointure 9 UK) Technologie [&hellip;]<\/p>\n","protected":false},"featured_media":3218,"template":"","meta":[],"pwb-brand":[160],"product_brand":[],"product_cat":[38],"product_tag":[],"class_list":{"0":"post-3217","1":"product","2":"type-product","3":"status-publish","4":"has-post-thumbnail","6":"pwb-brand-diadora","7":"product_cat-route","9":"first","10":"instock","11":"shipping-taxable","12":"purchasable","13":"product-type-simple"},"brands":[{"id":160,"name":"DIADORA","slug":"diadora"}],"_links":{"self":[{"href":"https:\/\/rrunning.tribalt.agency\/index.php?rest_route=\/wp\/v2\/product\/3217","targetHints":{"allow":["GET"]}}],"collection":[{"href":"https:\/\/rrunning.tribalt.agency\/index.php?rest_route=\/wp\/v2\/product"}],"about":[{"href":"https:\/\/rrunning.tribalt.agency\/index.php?rest_route=\/wp\/v2\/types\/product"}],"wp:featuredmedia":[{"embeddable":true,"href":"https:\/\/rrunning.tribalt.agency\/index.php?rest_route=\/wp\/v2\/media\/3218"}],"wp:attachment":[{"href":"https:\/\/rrunning.tribalt.agency\/index.php?rest_route=%2Fwp%2Fv2%2Fmedia&parent=3217"}],"wp:term":[{"taxonomy":"pwb-brand","embeddable":true,"href":"https:\/\/rrunning.tribalt.agency\/index.php?rest_route=%2Fwp%2Fv2%2Fpwb-brand&post=3217"},{"taxonomy":"product_brand","embeddable":true,"href":"https:\/\/rrunning.tribalt.agency\/index.php?rest_route=%2Fwp%2Fv2%2Fproduct_brand&post=3217"},{"taxonomy":"product_cat","embeddable":true,"href":"https:\/\/rrunning.tribalt.agency\/index.php?rest_route=%2Fwp%2Fv2%2Fproduct_cat&post=3217"},{"taxonomy":"product_tag","embeddable":true,"href":"https:\/\/rrunning.tribalt.agency\/index.php?rest_route=%2Fwp%2Fv2%2Fproduct_tag&post=3217"}],"curies":[{"name":"wp","href":"https:\/\/api.w.org\/{rel}","templated":true}]}}