{"id":3212,"date":"2025-09-02T10:01:31","date_gmt":"2025-09-02T08:01:31","guid":{"rendered":"https:\/\/rrunning.tribalt.agency\/?post_type=product&#038;p=3212"},"modified":"2025-09-02T10:02:14","modified_gmt":"2025-09-02T08:02:14","slug":"mythos-blushield-volo-5-w","status":"publish","type":"product","link":"https:\/\/rrunning.tribalt.agency\/?product=mythos-blushield-volo-5-w","title":{"rendered":"MYTHOS BLUSHIELD VOLO 5"},"content":{"rendered":"<p>Stable, l\u00e9g\u00e8re et protectrice, la Volo allie deux technologies Diadora pour une exp\u00e9rience de course exceptionnelle. La technologie\u00a0<strong>Anima<\/strong>\u00a0offre une chaussure<strong>\u00a0plus r\u00e9active<\/strong>, sans renoncer \u00e0 la l\u00e9g\u00e8ret\u00e9, tandis que la technologie\u00a0<strong>Blushield<\/strong>\u00a0agit sur l\u2019asym\u00e9trie du pied, am\u00e9liorant l\u2019efficacit\u00e9 et la stabilit\u00e9 de vos pas.<\/p>\n<p>La nouvelle\u00a0<strong>Mythos Blushield Volo 5<\/strong>\u00a0vous apporte encore plus\u00a0:<\/p>\n<ul>\n<li>un confort accru, gr\u00e2ce \u00e0 un mesh plus l\u00e9ger<\/li>\n<li>plus de stabilit\u00e9 et d\u2019absorption des chocs, gr\u00e2ce au nouveau design asym\u00e9trique de la semelle interm\u00e9diaire<\/li>\n<li>Drop de 9 mm<\/li>\n<\/ul>\n<p>La Volo est le choix id\u00e9al pour les<strong>\u00a0footings rapides sur les courtes distances<\/strong>\u00a0ou pour les\u00a0<strong>entra\u00eenements longs de faible intensit\u00e9<\/strong>. Avec la semelle Duratech 5000 anti-usure dans la zone du talon, vous pourrez parcourir d\u2019innombrables kilom\u00e8tres.<\/p>\n","protected":false},"excerpt":{"rendered":"<p>Stable, l\u00e9g\u00e8re et protectrice, la Volo allie deux technologies Diadora pour une exp\u00e9rience de course exceptionnelle. La technologie\u00a0Anima\u00a0offre une chaussure\u00a0plus r\u00e9active, sans renoncer \u00e0 la l\u00e9g\u00e8ret\u00e9, tandis que la technologie\u00a0Blushield\u00a0agit sur l\u2019asym\u00e9trie du pied, am\u00e9liorant l\u2019efficacit\u00e9 et la stabilit\u00e9 de vos pas. La nouvelle\u00a0Mythos Blushield Volo 5\u00a0vous apporte encore plus\u00a0: un confort accru, gr\u00e2ce \u00e0 [&hellip;]<\/p>\n","protected":false},"featured_media":3213,"template":"","meta":[],"pwb-brand":[160],"product_brand":[],"product_cat":[38],"product_tag":[],"class_list":{"0":"post-3212","1":"product","2":"type-product","3":"status-publish","4":"has-post-thumbnail","6":"pwb-brand-diadora","7":"product_cat-route","9":"first","10":"instock","11":"shipping-taxable","12":"purchasable","13":"product-type-simple"},"brands":[{"id":160,"name":"DIADORA","slug":"diadora"}],"_links":{"self":[{"href":"https:\/\/rrunning.tribalt.agency\/index.php?rest_route=\/wp\/v2\/product\/3212","targetHints":{"allow":["GET"]}}],"collection":[{"href":"https:\/\/rrunning.tribalt.agency\/index.php?rest_route=\/wp\/v2\/product"}],"about":[{"href":"https:\/\/rrunning.tribalt.agency\/index.php?rest_route=\/wp\/v2\/types\/product"}],"wp:featuredmedia":[{"embeddable":true,"href":"https:\/\/rrunning.tribalt.agency\/index.php?rest_route=\/wp\/v2\/media\/3213"}],"wp:attachment":[{"href":"https:\/\/rrunning.tribalt.agency\/index.php?rest_route=%2Fwp%2Fv2%2Fmedia&parent=3212"}],"wp:term":[{"taxonomy":"pwb-brand","embeddable":true,"href":"https:\/\/rrunning.tribalt.agency\/index.php?rest_route=%2Fwp%2Fv2%2Fpwb-brand&post=3212"},{"taxonomy":"product_brand","embeddable":true,"href":"https:\/\/rrunning.tribalt.agency\/index.php?rest_route=%2Fwp%2Fv2%2Fproduct_brand&post=3212"},{"taxonomy":"product_cat","embeddable":true,"href":"https:\/\/rrunning.tribalt.agency\/index.php?rest_route=%2Fwp%2Fv2%2Fproduct_cat&post=3212"},{"taxonomy":"product_tag","embeddable":true,"href":"https:\/\/rrunning.tribalt.agency\/index.php?rest_route=%2Fwp%2Fv2%2Fproduct_tag&post=3212"}],"curies":[{"name":"wp","href":"https:\/\/api.w.org\/{rel}","templated":true}]}}