{"id":3207,"date":"2025-09-02T09:56:56","date_gmt":"2025-09-02T07:56:56","guid":{"rendered":"https:\/\/rrunning.tribalt.agency\/?post_type=product&#038;p=3207"},"modified":"2025-09-17T17:04:33","modified_gmt":"2025-09-17T15:04:33","slug":"rocket-x-3","status":"publish","type":"product","link":"https:\/\/rrunning.tribalt.agency\/?product=rocket-x-3","title":{"rendered":"Rocket X 3"},"content":{"rendered":"<p>Propulsion qui repousse les limites pour les adeptes de records personnels. Con\u00e7ue pour atteindre votre record personnel, la Rocket X 3 est une super chaussure en fibre de carbone qui ne l\u00e9sine pas sur le maintien. Tout en conservant la m\u00eame mousse r\u00e9active et performante que le mod\u00e8le pr\u00e9c\u00e9dent, nous avons retravaill\u00e9 notre plaque en fibre de carbone en y ajoutant de nouvelles ailettes et utilis\u00e9 une semelle ext\u00e9rieure en caoutchouc adh\u00e9rent pour que vous puissiez avancer avec assurance quelle que soit la m\u00e9t\u00e9o. Elle pr\u00e9sente une tige en mesh technique monocouche pour une meilleure respirabilit\u00e9 et un bracelet cousu et retourn\u00e9 pour \u00e9viter les ampoules, et nous avons supprim\u00e9 le soufflet pour faciliter l\u2019enfilage..<\/p>\n<div class=\"row pb-4 align-items-center\">\n<div class=\"col-3 col-md-4\">Poids :\u00a0227.00\u00a0<sup class=\"pl-1\">g<\/sup><\/div>\n<\/div>\n<div class=\"row pb-4 align-items-center\">\n<div class=\"col-3 col-md-4\">Inclinaison talon-orteils :\u00a07.00\u00a0<sup class=\"pl-1\">mm<\/sup><\/div>\n<\/div>\n","protected":false},"excerpt":{"rendered":"<p>Propulsion qui repousse les limites pour les adeptes de records personnels. Con\u00e7ue pour atteindre votre record personnel, la Rocket X 3 est une super chaussure en fibre de carbone qui ne l\u00e9sine pas sur le maintien. Tout en conservant la m\u00eame mousse r\u00e9active et performante que le mod\u00e8le pr\u00e9c\u00e9dent, nous avons retravaill\u00e9 notre plaque en [&hellip;]<\/p>\n","protected":false},"featured_media":3709,"template":"","meta":[],"pwb-brand":[102],"product_brand":[],"product_cat":[38],"product_tag":[],"class_list":{"0":"post-3207","1":"product","2":"type-product","3":"status-publish","4":"has-post-thumbnail","6":"pwb-brand-hoka","7":"product_cat-route","9":"first","10":"instock","11":"shipping-taxable","12":"purchasable","13":"product-type-simple"},"brands":[{"id":102,"name":"HOKA","slug":"hoka"}],"_links":{"self":[{"href":"https:\/\/rrunning.tribalt.agency\/index.php?rest_route=\/wp\/v2\/product\/3207","targetHints":{"allow":["GET"]}}],"collection":[{"href":"https:\/\/rrunning.tribalt.agency\/index.php?rest_route=\/wp\/v2\/product"}],"about":[{"href":"https:\/\/rrunning.tribalt.agency\/index.php?rest_route=\/wp\/v2\/types\/product"}],"wp:featuredmedia":[{"embeddable":true,"href":"https:\/\/rrunning.tribalt.agency\/index.php?rest_route=\/wp\/v2\/media\/3709"}],"wp:attachment":[{"href":"https:\/\/rrunning.tribalt.agency\/index.php?rest_route=%2Fwp%2Fv2%2Fmedia&parent=3207"}],"wp:term":[{"taxonomy":"pwb-brand","embeddable":true,"href":"https:\/\/rrunning.tribalt.agency\/index.php?rest_route=%2Fwp%2Fv2%2Fpwb-brand&post=3207"},{"taxonomy":"product_brand","embeddable":true,"href":"https:\/\/rrunning.tribalt.agency\/index.php?rest_route=%2Fwp%2Fv2%2Fproduct_brand&post=3207"},{"taxonomy":"product_cat","embeddable":true,"href":"https:\/\/rrunning.tribalt.agency\/index.php?rest_route=%2Fwp%2Fv2%2Fproduct_cat&post=3207"},{"taxonomy":"product_tag","embeddable":true,"href":"https:\/\/rrunning.tribalt.agency\/index.php?rest_route=%2Fwp%2Fv2%2Fproduct_tag&post=3207"}],"curies":[{"name":"wp","href":"https:\/\/api.w.org\/{rel}","templated":true}]}}