{"id":3201,"date":"2025-09-02T09:49:04","date_gmt":"2025-09-02T07:49:04","guid":{"rendered":"https:\/\/rrunning.tribalt.agency\/?post_type=product&#038;p=3201"},"modified":"2025-09-02T09:53:25","modified_gmt":"2025-09-02T07:53:25","slug":"glycerin-max","status":"publish","type":"product","link":"https:\/\/rrunning.tribalt.agency\/?product=glycerin-max","title":{"rendered":"Glycerin Max"},"content":{"rendered":"<h2 class=\"a-type-h2 \">Douce et dynamique. La nouvelle d\u00e9finition du running.<\/h2>\n<p>Con\u00e7ue pour : Route<br \/>\nDrop De La Semelle Interm\u00e9diaire : 6mm<br \/>\nPoids : 9,5oz \/ 269,3g<br \/>\nRessenti de Foul\u00e9e : Chaussant confortable<\/p>\n<p>D\u00e9couvrez un contact au sol particuli\u00e8rement souple et une propulsion des orteils relativement puissante.<\/p>\n","protected":false},"excerpt":{"rendered":"<p>Douce et dynamique. La nouvelle d\u00e9finition du running. Con\u00e7ue pour : Route Drop De La Semelle Interm\u00e9diaire : 6mm Poids : 9,5oz \/ 269,3g Ressenti de Foul\u00e9e : Chaussant confortable D\u00e9couvrez un contact au sol particuli\u00e8rement souple et une propulsion des orteils relativement puissante.<\/p>\n","protected":false},"featured_media":3202,"template":"","meta":[],"pwb-brand":[92],"product_brand":[],"product_cat":[38],"product_tag":[],"class_list":{"0":"post-3201","1":"product","2":"type-product","3":"status-publish","4":"has-post-thumbnail","6":"pwb-brand-brooks","7":"product_cat-route","9":"first","10":"instock","11":"shipping-taxable","12":"purchasable","13":"product-type-simple"},"brands":[{"id":92,"name":"BROOKS","slug":"brooks"}],"_links":{"self":[{"href":"https:\/\/rrunning.tribalt.agency\/index.php?rest_route=\/wp\/v2\/product\/3201","targetHints":{"allow":["GET"]}}],"collection":[{"href":"https:\/\/rrunning.tribalt.agency\/index.php?rest_route=\/wp\/v2\/product"}],"about":[{"href":"https:\/\/rrunning.tribalt.agency\/index.php?rest_route=\/wp\/v2\/types\/product"}],"wp:featuredmedia":[{"embeddable":true,"href":"https:\/\/rrunning.tribalt.agency\/index.php?rest_route=\/wp\/v2\/media\/3202"}],"wp:attachment":[{"href":"https:\/\/rrunning.tribalt.agency\/index.php?rest_route=%2Fwp%2Fv2%2Fmedia&parent=3201"}],"wp:term":[{"taxonomy":"pwb-brand","embeddable":true,"href":"https:\/\/rrunning.tribalt.agency\/index.php?rest_route=%2Fwp%2Fv2%2Fpwb-brand&post=3201"},{"taxonomy":"product_brand","embeddable":true,"href":"https:\/\/rrunning.tribalt.agency\/index.php?rest_route=%2Fwp%2Fv2%2Fproduct_brand&post=3201"},{"taxonomy":"product_cat","embeddable":true,"href":"https:\/\/rrunning.tribalt.agency\/index.php?rest_route=%2Fwp%2Fv2%2Fproduct_cat&post=3201"},{"taxonomy":"product_tag","embeddable":true,"href":"https:\/\/rrunning.tribalt.agency\/index.php?rest_route=%2Fwp%2Fv2%2Fproduct_tag&post=3201"}],"curies":[{"name":"wp","href":"https:\/\/api.w.org\/{rel}","templated":true}]}}