{"id":3186,"date":"2025-09-02T09:37:49","date_gmt":"2025-09-02T07:37:49","guid":{"rendered":"https:\/\/rrunning.tribalt.agency\/?post_type=product&#038;p=3186"},"modified":"2025-09-02T09:40:28","modified_gmt":"2025-09-02T07:40:28","slug":"femme-triumph-23","status":"publish","type":"product","link":"https:\/\/rrunning.tribalt.agency\/?product=femme-triumph-23","title":{"rendered":"Femme Triumph 23"},"content":{"rendered":"<div class=\"highlight\"><strong>Un meilleur amorti<\/strong><\/div>\n<div class=\"highlight\">La mousse PWRRUN PB plus douce et plus l\u00e9g\u00e8re pr\u00e9sente un amorti accru pour des courses plus longues et plus confortables.<\/div>\n<div><\/div>\n<div class=\"highlight\"><strong>Une coupe respirante<\/strong><\/div>\n<div class=\"highlight\">La mesh technique ultra l\u00e9g\u00e8re pr\u00e9serve la fra\u00eecheur garantissant un excellent confort du pied en toute occasion.<\/div>\n<div><\/div>\n<div class=\"highlight\"><strong>Des transitions plus souples, tout en douceur<\/strong><\/div>\n<div class=\"highlight\">Le design de la semelle ext\u00e9rieure a \u00e9t\u00e9 revisit\u00e9 pour vous offrir une plus grande fluidit\u00e9 de mouvement et une foul\u00e9e plus naturelle.<\/div>\n<div><\/div>\n<div>\n<dl class=\"specs\">\n<dt class=\"spec-name\">Drop:\u00a010mm (37\/27mm)<\/dt>\n<\/dl>\n<\/div>\n","protected":false},"excerpt":{"rendered":"<p>Un meilleur amorti La mousse PWRRUN PB plus douce et plus l\u00e9g\u00e8re pr\u00e9sente un amorti accru pour des courses plus longues et plus confortables. Une coupe respirante La mesh technique ultra l\u00e9g\u00e8re pr\u00e9serve la fra\u00eecheur garantissant un excellent confort du pied en toute occasion. Des transitions plus souples, tout en douceur Le design de la [&hellip;]<\/p>\n","protected":false},"featured_media":3187,"template":"","meta":[],"pwb-brand":[120],"product_brand":[],"product_cat":[38],"product_tag":[],"class_list":{"0":"post-3186","1":"product","2":"type-product","3":"status-publish","4":"has-post-thumbnail","6":"pwb-brand-saucony","7":"product_cat-route","9":"first","10":"instock","11":"shipping-taxable","12":"purchasable","13":"product-type-simple"},"brands":[{"id":120,"name":"SAUCONY","slug":"saucony"}],"_links":{"self":[{"href":"https:\/\/rrunning.tribalt.agency\/index.php?rest_route=\/wp\/v2\/product\/3186","targetHints":{"allow":["GET"]}}],"collection":[{"href":"https:\/\/rrunning.tribalt.agency\/index.php?rest_route=\/wp\/v2\/product"}],"about":[{"href":"https:\/\/rrunning.tribalt.agency\/index.php?rest_route=\/wp\/v2\/types\/product"}],"wp:featuredmedia":[{"embeddable":true,"href":"https:\/\/rrunning.tribalt.agency\/index.php?rest_route=\/wp\/v2\/media\/3187"}],"wp:attachment":[{"href":"https:\/\/rrunning.tribalt.agency\/index.php?rest_route=%2Fwp%2Fv2%2Fmedia&parent=3186"}],"wp:term":[{"taxonomy":"pwb-brand","embeddable":true,"href":"https:\/\/rrunning.tribalt.agency\/index.php?rest_route=%2Fwp%2Fv2%2Fpwb-brand&post=3186"},{"taxonomy":"product_brand","embeddable":true,"href":"https:\/\/rrunning.tribalt.agency\/index.php?rest_route=%2Fwp%2Fv2%2Fproduct_brand&post=3186"},{"taxonomy":"product_cat","embeddable":true,"href":"https:\/\/rrunning.tribalt.agency\/index.php?rest_route=%2Fwp%2Fv2%2Fproduct_cat&post=3186"},{"taxonomy":"product_tag","embeddable":true,"href":"https:\/\/rrunning.tribalt.agency\/index.php?rest_route=%2Fwp%2Fv2%2Fproduct_tag&post=3186"}],"curies":[{"name":"wp","href":"https:\/\/api.w.org\/{rel}","templated":true}]}}