{"id":3180,"date":"2025-09-02T09:31:24","date_gmt":"2025-09-02T07:31:24","guid":{"rendered":"https:\/\/rrunning.tribalt.agency\/?post_type=product&#038;p=3180"},"modified":"2025-09-02T09:34:32","modified_gmt":"2025-09-02T07:34:32","slug":"wave-rider-29-2","status":"publish","type":"product","link":"https:\/\/rrunning.tribalt.agency\/?product=wave-rider-29-2","title":{"rendered":"WAVE RIDER 29"},"content":{"rendered":"<p>Cette chaussure est un excellent choix pour tous, des d\u00e9butants aux amateurs de marathon qui appr\u00e9cient un amorti mod\u00e9r\u00e9. L'int\u00e9gration de la technologie NITROGEN INFUSED MIZUNO ENERZY NXT \u00e9l\u00e8ve la souplesse et le rendement \u00e9nerg\u00e9tique de cette chaussure \u00e0 un niveau sup\u00e9rieur. Elle vous aide \u00e0 passer en douceur du contact avec le sol \u00e0 la pouss\u00e9e. La structure MIZUNO WAVE fonctionne en harmonie pour favoriser la propulsion vers l'avant et un transfert de poids fluide. 1) MIZUNO ENERZY NXT Le NITROGEN INFUSED MIZUNO ENERZY NXT est utilis\u00e9 dans toute la partie sup\u00e9rieure et inf\u00e9rieure de la semelle interm\u00e9diaire pour une souplesse et un rendement \u00e9nerg\u00e9tique \u00e9lev\u00e9s. 2)MIZUNO WAVE En plus d'offrir amorti et stabilit\u00e9, la WAVE PLATE favorise la propulsion vers l'avant et un transfert de poids en douceur. Pour les coureurs quotidiens qui pr\u00e9f\u00e8rent un amorti mod\u00e9r\u00e9. Pour tous, des coureurs d\u00e9butants aux coureurs qui s'entra\u00eenent pour le marathon et qui ont besoin de chaussures pour le jogging.<\/p>\n<p><span class=\"spec-label\">Poids (g) :<\/span>\u00a0265g<\/p>\n<p><span class=\"spec-label\">Drop (mm) :<\/span>\u00a010.0<\/p>\n","protected":false},"excerpt":{"rendered":"<p>Cette chaussure est un excellent choix pour tous, des d\u00e9butants aux amateurs de marathon qui appr\u00e9cient un amorti mod\u00e9r\u00e9. L'int\u00e9gration de la technologie NITROGEN INFUSED MIZUNO ENERZY NXT \u00e9l\u00e8ve la souplesse et le rendement \u00e9nerg\u00e9tique de cette chaussure \u00e0 un niveau sup\u00e9rieur. Elle vous aide \u00e0 passer en douceur du contact avec le sol \u00e0 [&hellip;]<\/p>\n","protected":false},"featured_media":3185,"template":"","meta":[],"pwb-brand":[17],"product_brand":[],"product_cat":[38],"product_tag":[],"class_list":{"0":"post-3180","1":"product","2":"type-product","3":"status-publish","4":"has-post-thumbnail","6":"pwb-brand-mizuno","7":"product_cat-route","9":"first","10":"instock","11":"shipping-taxable","12":"purchasable","13":"product-type-simple"},"brands":[{"id":17,"name":"MIZUNO","slug":"mizuno"}],"_links":{"self":[{"href":"https:\/\/rrunning.tribalt.agency\/index.php?rest_route=\/wp\/v2\/product\/3180","targetHints":{"allow":["GET"]}}],"collection":[{"href":"https:\/\/rrunning.tribalt.agency\/index.php?rest_route=\/wp\/v2\/product"}],"about":[{"href":"https:\/\/rrunning.tribalt.agency\/index.php?rest_route=\/wp\/v2\/types\/product"}],"wp:featuredmedia":[{"embeddable":true,"href":"https:\/\/rrunning.tribalt.agency\/index.php?rest_route=\/wp\/v2\/media\/3185"}],"wp:attachment":[{"href":"https:\/\/rrunning.tribalt.agency\/index.php?rest_route=%2Fwp%2Fv2%2Fmedia&parent=3180"}],"wp:term":[{"taxonomy":"pwb-brand","embeddable":true,"href":"https:\/\/rrunning.tribalt.agency\/index.php?rest_route=%2Fwp%2Fv2%2Fpwb-brand&post=3180"},{"taxonomy":"product_brand","embeddable":true,"href":"https:\/\/rrunning.tribalt.agency\/index.php?rest_route=%2Fwp%2Fv2%2Fproduct_brand&post=3180"},{"taxonomy":"product_cat","embeddable":true,"href":"https:\/\/rrunning.tribalt.agency\/index.php?rest_route=%2Fwp%2Fv2%2Fproduct_cat&post=3180"},{"taxonomy":"product_tag","embeddable":true,"href":"https:\/\/rrunning.tribalt.agency\/index.php?rest_route=%2Fwp%2Fv2%2Fproduct_tag&post=3180"}],"curies":[{"name":"wp","href":"https:\/\/api.w.org\/{rel}","templated":true}]}}