{"id":3160,"date":"2025-07-01T16:34:18","date_gmt":"2025-07-01T14:34:18","guid":{"rendered":"https:\/\/rrunning.tribalt.agency\/?post_type=product&#038;p=3160"},"modified":"2025-09-02T10:10:45","modified_gmt":"2025-09-02T08:10:45","slug":"wave-rider-tt-3","status":"publish","type":"product","link":"https:\/\/rrunning.tribalt.agency\/?product=wave-rider-tt-3","title":{"rendered":"WAVE RIDER TT 3"},"content":{"rendered":"<p data-start=\"61\" data-end=\"245\"><strong data-start=\"61\" data-end=\"116\">Courez hors des sentiers battus en toute confiance.<\/strong><br data-start=\"116\" data-end=\"119\" \/>Cette chaussure a \u00e9t\u00e9 pens\u00e9e pour les passionn\u00e9s de trail et de course hors-route, alliant confort, dynamisme et durabilit\u00e9.<\/p>\n<ul data-start=\"247\" data-end=\"1237\">\n<li data-start=\"247\" data-end=\"513\">\n<p data-start=\"249\" data-end=\"513\"><strong data-start=\"249\" data-end=\"270\">MIZUNO ENERZY NXT<\/strong><br data-start=\"270\" data-end=\"273\" \/>Le coin du talon, fabriqu\u00e9 \u00e0 partir d\u2019un mat\u00e9riau nouvelle g\u00e9n\u00e9ration respectueux de l\u2019environnement, offre une douceur exceptionnelle, un excellent retour d\u2019\u00e9nergie et une l\u00e9g\u00e8ret\u00e9 optimale, l\u00e0 o\u00f9 le talon entre en contact avec le sol.<\/p>\n<\/li>\n<li data-start=\"515\" data-end=\"683\">\n<p data-start=\"517\" data-end=\"683\"><strong data-start=\"517\" data-end=\"539\">MIZUNO ENERZY FOAM<\/strong><br data-start=\"539\" data-end=\"542\" \/>Int\u00e9gr\u00e9 dans la partie sup\u00e9rieure de la semelle interm\u00e9diaire, ce mat\u00e9riau garantit un amorti remarquable et un retour d\u2019\u00e9nergie optimal.<\/p>\n<\/li>\n<li data-start=\"685\" data-end=\"839\">\n<p data-start=\"687\" data-end=\"839\"><strong data-start=\"687\" data-end=\"708\">MIZUNO WAVE PLATE<\/strong><br data-start=\"708\" data-end=\"711\" \/>Con\u00e7ue pour associer amorti et stabilit\u00e9, elle favorise la propulsion vers l\u2019avant et assure une transition fluide du poids.<\/p>\n<\/li>\n<li data-start=\"841\" data-end=\"1087\">\n<p data-start=\"843\" data-end=\"1087\"><strong data-start=\"843\" data-end=\"852\">Wgrip<\/strong><br data-start=\"852\" data-end=\"855\" \/>Un caoutchouc sp\u00e9cialement d\u00e9velopp\u00e9 pour offrir une adh\u00e9rence sup\u00e9rieure sur sols secs comme mouill\u00e9s. Le motif de la semelle est optimis\u00e9 pour les terrains non goudronn\u00e9s, assurant une accroche et une traction exceptionnelles.<\/p>\n<\/li>\n<li data-start=\"1089\" data-end=\"1237\">\n<p data-start=\"1091\" data-end=\"1237\"><strong data-start=\"1091\" data-end=\"1098\">X10<\/strong><br data-start=\"1098\" data-end=\"1101\" \/>Un caoutchouc carbone ultra-r\u00e9sistant plac\u00e9 au niveau du talon afin de limiter l\u2019usure et prolonger la dur\u00e9e de vie de la chaussure.<\/p>\n<\/li>\n<\/ul>\n<p><span class=\"spec-label\">Poids (g) :<\/span>\u00a0255g<\/p>\n<p><span class=\"spec-label\">Drop (mm) :<\/span>\u00a012.0<\/p>\n","protected":false},"excerpt":{"rendered":"<p>Courez hors des sentiers battus en toute confiance.Cette chaussure a \u00e9t\u00e9 pens\u00e9e pour les passionn\u00e9s de trail et de course hors-route, alliant confort, dynamisme et durabilit\u00e9. MIZUNO ENERZY NXTLe coin du talon, fabriqu\u00e9 \u00e0 partir d\u2019un mat\u00e9riau nouvelle g\u00e9n\u00e9ration respectueux de l\u2019environnement, offre une douceur exceptionnelle, un excellent retour d\u2019\u00e9nergie et une l\u00e9g\u00e8ret\u00e9 optimale, l\u00e0 [&hellip;]<\/p>\n","protected":false},"featured_media":3161,"template":"","meta":[],"pwb-brand":[17],"product_brand":[],"product_cat":[36,22,39],"product_tag":[],"class_list":{"0":"post-3160","1":"product","2":"type-product","3":"status-publish","4":"has-post-thumbnail","6":"pwb-brand-mizuno","7":"product_cat-chaussures-femmes","8":"product_cat-running","9":"product_cat-trail","11":"first","12":"instock","13":"shipping-taxable","14":"purchasable","15":"product-type-simple"},"brands":[{"id":17,"name":"MIZUNO","slug":"mizuno"}],"_links":{"self":[{"href":"https:\/\/rrunning.tribalt.agency\/index.php?rest_route=\/wp\/v2\/product\/3160","targetHints":{"allow":["GET"]}}],"collection":[{"href":"https:\/\/rrunning.tribalt.agency\/index.php?rest_route=\/wp\/v2\/product"}],"about":[{"href":"https:\/\/rrunning.tribalt.agency\/index.php?rest_route=\/wp\/v2\/types\/product"}],"wp:featuredmedia":[{"embeddable":true,"href":"https:\/\/rrunning.tribalt.agency\/index.php?rest_route=\/wp\/v2\/media\/3161"}],"wp:attachment":[{"href":"https:\/\/rrunning.tribalt.agency\/index.php?rest_route=%2Fwp%2Fv2%2Fmedia&parent=3160"}],"wp:term":[{"taxonomy":"pwb-brand","embeddable":true,"href":"https:\/\/rrunning.tribalt.agency\/index.php?rest_route=%2Fwp%2Fv2%2Fpwb-brand&post=3160"},{"taxonomy":"product_brand","embeddable":true,"href":"https:\/\/rrunning.tribalt.agency\/index.php?rest_route=%2Fwp%2Fv2%2Fproduct_brand&post=3160"},{"taxonomy":"product_cat","embeddable":true,"href":"https:\/\/rrunning.tribalt.agency\/index.php?rest_route=%2Fwp%2Fv2%2Fproduct_cat&post=3160"},{"taxonomy":"product_tag","embeddable":true,"href":"https:\/\/rrunning.tribalt.agency\/index.php?rest_route=%2Fwp%2Fv2%2Fproduct_tag&post=3160"}],"curies":[{"name":"wp","href":"https:\/\/api.w.org\/{rel}","templated":true}]}}