{"id":3117,"date":"2025-08-29T10:21:08","date_gmt":"2025-08-29T08:21:08","guid":{"rendered":"https:\/\/rrunning.tribalt.agency\/?post_type=product&#038;p=3117"},"modified":"2025-09-02T10:39:52","modified_gmt":"2025-09-02T08:39:52","slug":"performance-ss-tshirt-fluo","status":"publish","type":"product","link":"https:\/\/rrunning.tribalt.agency\/?product=performance-ss-tshirt-fluo","title":{"rendered":"PERFORMANCE SS TSHIRT FLUO"},"content":{"rendered":"<p>T-shirt technique polyvalent sans coutures, doux et thermor\u00e9gulant avec ventilation int\u00e9gr\u00e9e, id\u00e9al pour l\u2019entra\u00eenement comme pour la comp\u00e9tition.<\/p>\n","protected":false},"excerpt":{"rendered":"<p>T-shirt technique polyvalent sans coutures, doux et thermor\u00e9gulant avec ventilation int\u00e9gr\u00e9e, id\u00e9al pour l\u2019entra\u00eenement comme pour la comp\u00e9tition.<\/p>\n","protected":false},"featured_media":3119,"template":"","meta":[],"pwb-brand":[97],"product_brand":[],"product_cat":[55],"product_tag":[],"class_list":{"0":"post-3117","1":"product","2":"type-product","3":"status-publish","4":"has-post-thumbnail","6":"pwb-brand-compressport","7":"product_cat-haut-textile-homme","9":"first","10":"instock","11":"sale","12":"shipping-taxable","13":"purchasable","14":"product-type-simple"},"brands":[{"id":97,"name":"COMPRESSPORT","slug":"compressport"}],"_links":{"self":[{"href":"https:\/\/rrunning.tribalt.agency\/index.php?rest_route=\/wp\/v2\/product\/3117","targetHints":{"allow":["GET"]}}],"collection":[{"href":"https:\/\/rrunning.tribalt.agency\/index.php?rest_route=\/wp\/v2\/product"}],"about":[{"href":"https:\/\/rrunning.tribalt.agency\/index.php?rest_route=\/wp\/v2\/types\/product"}],"wp:featuredmedia":[{"embeddable":true,"href":"https:\/\/rrunning.tribalt.agency\/index.php?rest_route=\/wp\/v2\/media\/3119"}],"wp:attachment":[{"href":"https:\/\/rrunning.tribalt.agency\/index.php?rest_route=%2Fwp%2Fv2%2Fmedia&parent=3117"}],"wp:term":[{"taxonomy":"pwb-brand","embeddable":true,"href":"https:\/\/rrunning.tribalt.agency\/index.php?rest_route=%2Fwp%2Fv2%2Fpwb-brand&post=3117"},{"taxonomy":"product_brand","embeddable":true,"href":"https:\/\/rrunning.tribalt.agency\/index.php?rest_route=%2Fwp%2Fv2%2Fproduct_brand&post=3117"},{"taxonomy":"product_cat","embeddable":true,"href":"https:\/\/rrunning.tribalt.agency\/index.php?rest_route=%2Fwp%2Fv2%2Fproduct_cat&post=3117"},{"taxonomy":"product_tag","embeddable":true,"href":"https:\/\/rrunning.tribalt.agency\/index.php?rest_route=%2Fwp%2Fv2%2Fproduct_tag&post=3117"}],"curies":[{"name":"wp","href":"https:\/\/api.w.org\/{rel}","templated":true}]}}