{"id":3113,"date":"2025-08-29T10:16:30","date_gmt":"2025-08-29T08:16:30","guid":{"rendered":"https:\/\/rrunning.tribalt.agency\/?post_type=product&#038;p=3113"},"modified":"2025-08-29T10:17:45","modified_gmt":"2025-08-29T08:17:45","slug":"pro-racing-socks-v4-0-run-high","status":"publish","type":"product","link":"https:\/\/rrunning.tribalt.agency\/?product=pro-racing-socks-v4-0-run-high","title":{"rendered":"PRO RACING SOCKS V4.0 RUN HIGH"},"content":{"rendered":"<p>Chaussettes de course \u00e0 pied performantes de nouvelle g\u00e9n\u00e9ration offrant un confort sup\u00e9rieur, une pr\u00e9vention des ampoules et une ventilation optimale sur toutes vos courses.<\/p>\n","protected":false},"excerpt":{"rendered":"<p>Chaussettes de course \u00e0 pied performantes de nouvelle g\u00e9n\u00e9ration offrant un confort sup\u00e9rieur, une pr\u00e9vention des ampoules et une ventilation optimale sur toutes vos courses.<\/p>\n","protected":false},"featured_media":3114,"template":"","meta":[],"pwb-brand":[97],"product_brand":[],"product_cat":[28],"product_tag":[],"class_list":{"0":"post-3113","1":"product","2":"type-product","3":"status-publish","4":"has-post-thumbnail","6":"pwb-brand-compressport","7":"product_cat-chaussettes","9":"first","10":"instock","11":"shipping-taxable","12":"purchasable","13":"product-type-simple"},"brands":[{"id":97,"name":"COMPRESSPORT","slug":"compressport"}],"_links":{"self":[{"href":"https:\/\/rrunning.tribalt.agency\/index.php?rest_route=\/wp\/v2\/product\/3113","targetHints":{"allow":["GET"]}}],"collection":[{"href":"https:\/\/rrunning.tribalt.agency\/index.php?rest_route=\/wp\/v2\/product"}],"about":[{"href":"https:\/\/rrunning.tribalt.agency\/index.php?rest_route=\/wp\/v2\/types\/product"}],"wp:featuredmedia":[{"embeddable":true,"href":"https:\/\/rrunning.tribalt.agency\/index.php?rest_route=\/wp\/v2\/media\/3114"}],"wp:attachment":[{"href":"https:\/\/rrunning.tribalt.agency\/index.php?rest_route=%2Fwp%2Fv2%2Fmedia&parent=3113"}],"wp:term":[{"taxonomy":"pwb-brand","embeddable":true,"href":"https:\/\/rrunning.tribalt.agency\/index.php?rest_route=%2Fwp%2Fv2%2Fpwb-brand&post=3113"},{"taxonomy":"product_brand","embeddable":true,"href":"https:\/\/rrunning.tribalt.agency\/index.php?rest_route=%2Fwp%2Fv2%2Fproduct_brand&post=3113"},{"taxonomy":"product_cat","embeddable":true,"href":"https:\/\/rrunning.tribalt.agency\/index.php?rest_route=%2Fwp%2Fv2%2Fproduct_cat&post=3113"},{"taxonomy":"product_tag","embeddable":true,"href":"https:\/\/rrunning.tribalt.agency\/index.php?rest_route=%2Fwp%2Fv2%2Fproduct_tag&post=3113"}],"curies":[{"name":"wp","href":"https:\/\/api.w.org\/{rel}","templated":true}]}}