{"id":3101,"date":"2025-08-29T09:41:14","date_gmt":"2025-08-29T07:41:14","guid":{"rendered":"https:\/\/rrunning.tribalt.agency\/?post_type=product&#038;p=3101"},"modified":"2025-08-29T09:44:34","modified_gmt":"2025-08-29T07:44:34","slug":"wave-skyrise-6-3","status":"publish","type":"product","link":"https:\/\/rrunning.tribalt.agency\/?product=wave-skyrise-6-3","title":{"rendered":"WAVE SKYRISE 6"},"content":{"rendered":"<p>Am\u00e9liorez vos s\u00e9ances quotidiennes de running avec cette chaussure r\u00e9volutionnaire, offrant une sensation de flottement gr\u00e2ce \u00e0 la technologie Mizuno. La mati\u00e8re l\u00e9g\u00e8re MIZUNO ENERZY NXT dans la semelle interm\u00e9diaire sup\u00e9rieure et la mati\u00e8re MIZUNO ENERZY dans la semelle interm\u00e9diaire inf\u00e9rieure s'associent pour offrir une souplesse, un retour d'\u00e9nergie et un amorti d'exception. La technologie MIZUNO WAVE am\u00e9liore la stabilit\u00e9 sans perdre la sensation de flottement, tandis que notre technologie Smooth Stretch Woven maintient d\u00e9licatement votre pied dans la bonne position.<\/p>\n<p><span class=\"spec-label\">Poids (g) :<\/span> 220g<\/p>\n<p><span class=\"spec-label\">Drop (mm) :<\/span>\u00a08.0<\/p>\n","protected":false},"excerpt":{"rendered":"<p>Am\u00e9liorez vos s\u00e9ances quotidiennes de running avec cette chaussure r\u00e9volutionnaire, offrant une sensation de flottement gr\u00e2ce \u00e0 la technologie Mizuno. La mati\u00e8re l\u00e9g\u00e8re MIZUNO ENERZY NXT dans la semelle interm\u00e9diaire sup\u00e9rieure et la mati\u00e8re MIZUNO ENERZY dans la semelle interm\u00e9diaire inf\u00e9rieure s'associent pour offrir une souplesse, un retour d'\u00e9nergie et un amorti d'exception. La technologie [&hellip;]<\/p>\n","protected":false},"featured_media":3103,"template":"","meta":[],"pwb-brand":[17],"product_brand":[],"product_cat":[36,38],"product_tag":[],"class_list":{"0":"post-3101","1":"product","2":"type-product","3":"status-publish","4":"has-post-thumbnail","6":"pwb-brand-mizuno","7":"product_cat-chaussures-femmes","8":"product_cat-route","10":"first","11":"instock","12":"shipping-taxable","13":"purchasable","14":"product-type-simple"},"brands":[{"id":17,"name":"MIZUNO","slug":"mizuno"}],"_links":{"self":[{"href":"https:\/\/rrunning.tribalt.agency\/index.php?rest_route=\/wp\/v2\/product\/3101","targetHints":{"allow":["GET"]}}],"collection":[{"href":"https:\/\/rrunning.tribalt.agency\/index.php?rest_route=\/wp\/v2\/product"}],"about":[{"href":"https:\/\/rrunning.tribalt.agency\/index.php?rest_route=\/wp\/v2\/types\/product"}],"wp:featuredmedia":[{"embeddable":true,"href":"https:\/\/rrunning.tribalt.agency\/index.php?rest_route=\/wp\/v2\/media\/3103"}],"wp:attachment":[{"href":"https:\/\/rrunning.tribalt.agency\/index.php?rest_route=%2Fwp%2Fv2%2Fmedia&parent=3101"}],"wp:term":[{"taxonomy":"pwb-brand","embeddable":true,"href":"https:\/\/rrunning.tribalt.agency\/index.php?rest_route=%2Fwp%2Fv2%2Fpwb-brand&post=3101"},{"taxonomy":"product_brand","embeddable":true,"href":"https:\/\/rrunning.tribalt.agency\/index.php?rest_route=%2Fwp%2Fv2%2Fproduct_brand&post=3101"},{"taxonomy":"product_cat","embeddable":true,"href":"https:\/\/rrunning.tribalt.agency\/index.php?rest_route=%2Fwp%2Fv2%2Fproduct_cat&post=3101"},{"taxonomy":"product_tag","embeddable":true,"href":"https:\/\/rrunning.tribalt.agency\/index.php?rest_route=%2Fwp%2Fv2%2Fproduct_tag&post=3101"}],"curies":[{"name":"wp","href":"https:\/\/api.w.org\/{rel}","templated":true}]}}