{"id":3093,"date":"2025-08-29T09:28:36","date_gmt":"2025-08-29T07:28:36","guid":{"rendered":"https:\/\/rrunning.tribalt.agency\/?post_type=product&#038;p=3093"},"modified":"2025-08-29T09:34:20","modified_gmt":"2025-08-29T07:34:20","slug":"wave-sky-9","status":"publish","type":"product","link":"https:\/\/rrunning.tribalt.agency\/?product=wave-sky-9","title":{"rendered":"WAVE SKY 9"},"content":{"rendered":"<p>Cette chaussure a \u00e9t\u00e9 con\u00e7ue et am\u00e9lior\u00e9e pour les coureurs qui aiment l'amorti et qui ont l'impression de flotter. La semelle interm\u00e9diaire a \u00e9t\u00e9 am\u00e9lior\u00e9e avec la MIZUNO ENERZY NXT INFUS\u00c9E DE NITROG\u00c8NE pour un amorti et un retour d'\u00e9nergie encore meilleurs. De plus, la FOAM WAVE am\u00e9liore la stabilit\u00e9 de la chaussure sans sacrifier la souplesse, et le Smooth Stretch Woven enveloppe le pied d'un confort respirant. \u30fbMIZUNO ENERZY NXT : Cette chaussure est \u00e9quip\u00e9e de MIZUNO ENERZY NXT pour plus de souplesse et un rendement \u00e9nerg\u00e9tique \u00e9lev\u00e9. La MIZUNO ENERZY NXT INFUS\u00c9E DE NITROG\u00c8NE est utilis\u00e9e pour la partie sup\u00e9rieure de la semelle interm\u00e9diaire. \u30fbMIZUNO WAVE : FOAM WAVE am\u00e9liore la stabilit\u00e9 pendant la course sans l\u00e9siner sur la souplesse. \u30fbSmooth Stretch Woven : Offre une coupe douce et enveloppante qui s'\u00e9tire progressivement \u00e0 l'horizontale sans s'\u00e9tirer \u00e0 la verticale. La technique de tissage am\u00e9lior\u00e9e renforce la respirabilit\u00e9 sur l'ensemble du cou-de-pied pour encore plus de confort.<\/p>\n<p><span class=\"spec-label\">Poids (g) :<\/span>\u00a0290g<\/p>\n<p><span class=\"spec-label\">Drop (mm) :<\/span>\u00a06.0<\/p>\n","protected":false},"excerpt":{"rendered":"<p>Cette chaussure a \u00e9t\u00e9 con\u00e7ue et am\u00e9lior\u00e9e pour les coureurs qui aiment l'amorti et qui ont l'impression de flotter. La semelle interm\u00e9diaire a \u00e9t\u00e9 am\u00e9lior\u00e9e avec la MIZUNO ENERZY NXT INFUS\u00c9E DE NITROG\u00c8NE pour un amorti et un retour d'\u00e9nergie encore meilleurs. De plus, la FOAM WAVE am\u00e9liore la stabilit\u00e9 de la chaussure sans sacrifier [&hellip;]<\/p>\n","protected":false},"featured_media":3096,"template":"","meta":[],"pwb-brand":[17],"product_brand":[],"product_cat":[40,42],"product_tag":[],"class_list":{"0":"post-3093","1":"product","2":"type-product","3":"status-publish","4":"has-post-thumbnail","6":"pwb-brand-mizuno","7":"product_cat-chaussures-hommes","8":"product_cat-route-chaussures-hommes","10":"first","11":"instock","12":"shipping-taxable","13":"purchasable","14":"product-type-simple"},"brands":[{"id":17,"name":"MIZUNO","slug":"mizuno"}],"_links":{"self":[{"href":"https:\/\/rrunning.tribalt.agency\/index.php?rest_route=\/wp\/v2\/product\/3093","targetHints":{"allow":["GET"]}}],"collection":[{"href":"https:\/\/rrunning.tribalt.agency\/index.php?rest_route=\/wp\/v2\/product"}],"about":[{"href":"https:\/\/rrunning.tribalt.agency\/index.php?rest_route=\/wp\/v2\/types\/product"}],"wp:featuredmedia":[{"embeddable":true,"href":"https:\/\/rrunning.tribalt.agency\/index.php?rest_route=\/wp\/v2\/media\/3096"}],"wp:attachment":[{"href":"https:\/\/rrunning.tribalt.agency\/index.php?rest_route=%2Fwp%2Fv2%2Fmedia&parent=3093"}],"wp:term":[{"taxonomy":"pwb-brand","embeddable":true,"href":"https:\/\/rrunning.tribalt.agency\/index.php?rest_route=%2Fwp%2Fv2%2Fpwb-brand&post=3093"},{"taxonomy":"product_brand","embeddable":true,"href":"https:\/\/rrunning.tribalt.agency\/index.php?rest_route=%2Fwp%2Fv2%2Fproduct_brand&post=3093"},{"taxonomy":"product_cat","embeddable":true,"href":"https:\/\/rrunning.tribalt.agency\/index.php?rest_route=%2Fwp%2Fv2%2Fproduct_cat&post=3093"},{"taxonomy":"product_tag","embeddable":true,"href":"https:\/\/rrunning.tribalt.agency\/index.php?rest_route=%2Fwp%2Fv2%2Fproduct_tag&post=3093"}],"curies":[{"name":"wp","href":"https:\/\/api.w.org\/{rel}","templated":true}]}}