{"id":3088,"date":"2025-08-29T09:27:15","date_gmt":"2025-08-29T07:27:15","guid":{"rendered":"https:\/\/rrunning.tribalt.agency\/?post_type=product&#038;p=3088"},"modified":"2025-08-29T09:29:15","modified_gmt":"2025-08-29T07:29:15","slug":"wave-rider-29","status":"publish","type":"product","link":"https:\/\/rrunning.tribalt.agency\/?product=wave-rider-29","title":{"rendered":"WAVE RIDER 29"},"content":{"rendered":"<p>Cette chaussure est un excellent choix pour tous, des d\u00e9butants aux fans de marathon qui aiment un amorti mod\u00e9r\u00e9. L'incorporation de la MIZUNO ENERZY NXT INFUS\u00c9E DE NITROG\u00c8NE permet \u00e0 cette chaussure d'atteindre un niveau sup\u00e9rieur de souplesse et d'\u00e9nergie. Elle vous aide \u00e0 passer en douceur du contact avec le sol \u00e0 la pouss\u00e9e. La structure MIZUNO WAVE fonctionne de concert pour favoriser la propulsion vers l'avant et le transfert de poids en douceur.<\/p>\n<p>\u30fbMIZUNO ENERZY NXT : La MIZUNO ENERZY NXT INFUS\u00c9E DE NITROG\u00c8NE est utilis\u00e9e sur le dessus et le dessous de la semelle interm\u00e9diaire pour une grande souplesse et un rendement \u00e9nerg\u00e9tique \u00e9lev\u00e9.<\/p>\n<p>\u30fbMIZUNO WAVE : En plus d'offrir amorti et stabilit\u00e9, la WAVE PLATE favorise la propulsion vers l'avant et le transfert de poids en douceur.<\/p>\n<p><span class=\"spec-label\">Poids (g) :<\/span>\u00a0265g<\/p>\n<p><span class=\"spec-label\">Drop (mm) :<\/span>\u00a010.0<\/p>\n","protected":false},"excerpt":{"rendered":"<p>Cette chaussure est un excellent choix pour tous, des d\u00e9butants aux fans de marathon qui aiment un amorti mod\u00e9r\u00e9. L'incorporation de la MIZUNO ENERZY NXT INFUS\u00c9E DE NITROG\u00c8NE permet \u00e0 cette chaussure d'atteindre un niveau sup\u00e9rieur de souplesse et d'\u00e9nergie. Elle vous aide \u00e0 passer en douceur du contact avec le sol \u00e0 la pouss\u00e9e. [&hellip;]<\/p>\n","protected":false},"featured_media":3089,"template":"","meta":[],"pwb-brand":[17],"product_brand":[],"product_cat":[40,42],"product_tag":[],"class_list":{"0":"post-3088","1":"product","2":"type-product","3":"status-publish","4":"has-post-thumbnail","6":"pwb-brand-mizuno","7":"product_cat-chaussures-hommes","8":"product_cat-route-chaussures-hommes","10":"first","11":"instock","12":"shipping-taxable","13":"purchasable","14":"product-type-simple"},"brands":[{"id":17,"name":"MIZUNO","slug":"mizuno"}],"_links":{"self":[{"href":"https:\/\/rrunning.tribalt.agency\/index.php?rest_route=\/wp\/v2\/product\/3088","targetHints":{"allow":["GET"]}}],"collection":[{"href":"https:\/\/rrunning.tribalt.agency\/index.php?rest_route=\/wp\/v2\/product"}],"about":[{"href":"https:\/\/rrunning.tribalt.agency\/index.php?rest_route=\/wp\/v2\/types\/product"}],"wp:featuredmedia":[{"embeddable":true,"href":"https:\/\/rrunning.tribalt.agency\/index.php?rest_route=\/wp\/v2\/media\/3089"}],"wp:attachment":[{"href":"https:\/\/rrunning.tribalt.agency\/index.php?rest_route=%2Fwp%2Fv2%2Fmedia&parent=3088"}],"wp:term":[{"taxonomy":"pwb-brand","embeddable":true,"href":"https:\/\/rrunning.tribalt.agency\/index.php?rest_route=%2Fwp%2Fv2%2Fpwb-brand&post=3088"},{"taxonomy":"product_brand","embeddable":true,"href":"https:\/\/rrunning.tribalt.agency\/index.php?rest_route=%2Fwp%2Fv2%2Fproduct_brand&post=3088"},{"taxonomy":"product_cat","embeddable":true,"href":"https:\/\/rrunning.tribalt.agency\/index.php?rest_route=%2Fwp%2Fv2%2Fproduct_cat&post=3088"},{"taxonomy":"product_tag","embeddable":true,"href":"https:\/\/rrunning.tribalt.agency\/index.php?rest_route=%2Fwp%2Fv2%2Fproduct_tag&post=3088"}],"curies":[{"name":"wp","href":"https:\/\/api.w.org\/{rel}","templated":true}]}}