{"id":3083,"date":"2025-08-29T09:13:45","date_gmt":"2025-08-29T07:13:45","guid":{"rendered":"https:\/\/rrunning.tribalt.agency\/?post_type=product&#038;p=3083"},"modified":"2025-08-29T09:17:03","modified_gmt":"2025-08-29T07:17:03","slug":"mach-x-2","status":"publish","type":"product","link":"https:\/\/rrunning.tribalt.agency\/?product=mach-x-2","title":{"rendered":"MACH X 2"},"content":{"rendered":"<p><strong>La partenaire id\u00e9ale pour prendre de la vitesse.<\/strong><\/p>\n<p>Encore plus audacieuse qu\u2019avant, la Mach\u00a0X\u00a02 promet des entra\u00eenements de vitesse chauds et intenses. Inspir\u00e9s par la g\u00e9om\u00e9trie pens\u00e9e pour la course de la Cielo\u00a0X1, nous avons associ\u00e9 une semelle interm\u00e9diaire recouverte de PEBA ultrar\u00e9siliente, am\u00e9lior\u00e9 le profil de semelle incurv\u00e9 pour une pointe plus agressive et \u00e9tendu le design de la plaque Pebax\u00ae pour plus de soutien et de propulsion. Avec sa tige tiss\u00e9e et ultrarespirante qui offre un bon maintien et son bracelet encore plus \u00e9pur\u00e9, cette chaussure pens\u00e9e pour la vitesse apporte l\u00e9g\u00e8ret\u00e9, d\u00e9contraction et rapidit\u00e9 pour vous emmener encore plus loin.<\/p>\n<div class=\"row pb-4 align-items-center\">\n<div class=\"col-3 col-md-4\">Poids :\u00a0221.00\u00a0<sup class=\"pl-1\">g<\/sup><\/div>\n<\/div>\n<div class=\"row pb-4 align-items-center\">\n<div class=\"col-3 col-md-4\">Inclinaison talon-orteils :\u00a05.00\u00a0<sup class=\"pl-1\">mm<\/sup><\/div>\n<\/div>\n","protected":false},"excerpt":{"rendered":"<p>La partenaire id\u00e9ale pour prendre de la vitesse. Encore plus audacieuse qu\u2019avant, la Mach\u00a0X\u00a02 promet des entra\u00eenements de vitesse chauds et intenses. Inspir\u00e9s par la g\u00e9om\u00e9trie pens\u00e9e pour la course de la Cielo\u00a0X1, nous avons associ\u00e9 une semelle interm\u00e9diaire recouverte de PEBA ultrar\u00e9siliente, am\u00e9lior\u00e9 le profil de semelle incurv\u00e9 pour une pointe plus agressive et [&hellip;]<\/p>\n","protected":false},"featured_media":3084,"template":"","meta":[],"pwb-brand":[102],"product_brand":[],"product_cat":[36,38],"product_tag":[],"class_list":{"0":"post-3083","1":"product","2":"type-product","3":"status-publish","4":"has-post-thumbnail","6":"pwb-brand-hoka","7":"product_cat-chaussures-femmes","8":"product_cat-route","10":"first","11":"instock","12":"shipping-taxable","13":"purchasable","14":"product-type-simple"},"brands":[{"id":102,"name":"HOKA","slug":"hoka"}],"_links":{"self":[{"href":"https:\/\/rrunning.tribalt.agency\/index.php?rest_route=\/wp\/v2\/product\/3083","targetHints":{"allow":["GET"]}}],"collection":[{"href":"https:\/\/rrunning.tribalt.agency\/index.php?rest_route=\/wp\/v2\/product"}],"about":[{"href":"https:\/\/rrunning.tribalt.agency\/index.php?rest_route=\/wp\/v2\/types\/product"}],"wp:featuredmedia":[{"embeddable":true,"href":"https:\/\/rrunning.tribalt.agency\/index.php?rest_route=\/wp\/v2\/media\/3084"}],"wp:attachment":[{"href":"https:\/\/rrunning.tribalt.agency\/index.php?rest_route=%2Fwp%2Fv2%2Fmedia&parent=3083"}],"wp:term":[{"taxonomy":"pwb-brand","embeddable":true,"href":"https:\/\/rrunning.tribalt.agency\/index.php?rest_route=%2Fwp%2Fv2%2Fpwb-brand&post=3083"},{"taxonomy":"product_brand","embeddable":true,"href":"https:\/\/rrunning.tribalt.agency\/index.php?rest_route=%2Fwp%2Fv2%2Fproduct_brand&post=3083"},{"taxonomy":"product_cat","embeddable":true,"href":"https:\/\/rrunning.tribalt.agency\/index.php?rest_route=%2Fwp%2Fv2%2Fproduct_cat&post=3083"},{"taxonomy":"product_tag","embeddable":true,"href":"https:\/\/rrunning.tribalt.agency\/index.php?rest_route=%2Fwp%2Fv2%2Fproduct_tag&post=3083"}],"curies":[{"name":"wp","href":"https:\/\/api.w.org\/{rel}","templated":true}]}}