{"id":3078,"date":"2025-09-03T09:08:53","date_gmt":"2025-09-03T07:08:53","guid":{"rendered":"https:\/\/rrunning.tribalt.agency\/?post_type=product&#038;p=3078"},"modified":"2025-09-17T17:01:45","modified_gmt":"2025-09-17T15:01:45","slug":"clifton-10-3","status":"publish","type":"product","link":"https:\/\/rrunning.tribalt.agency\/?product=clifton-10-3","title":{"rendered":"CLIFTON 10"},"content":{"rendered":"<p>L\u00e9g\u00e8ret\u00e9 et moelleux pour courir au quotidien. Chaussure de running fiable pens\u00e9e pour vos kilom\u00e8tres journaliers, la Clifton est notre mod\u00e8le avec amorti phare depuis 10\u00a0ans. Ouvrant la voie \u00e0 une nouvelle \u00e8re en mati\u00e8re de performance tout en moelleux, cette version revisit\u00e9e offre une exp\u00e9rience sous le pied redynamis\u00e9e avec 3\u00a0mm suppl\u00e9mentaires de drop du talon aux orteils et un amorti renforc\u00e9 sous le talon pour plus de confort. Sans se d\u00e9faire de l\u2019amorti ultral\u00e9ger qui a fait la r\u00e9putation de la Clifton, cette nouvelle version propose un ajustement affin\u00e9, avec une tige en jacquard respirant et une double boucle de la\u00e7age pour minimiser le d\u00e9placement de la languette.<\/p>\n<p>Amorti l\u00e9ger<br \/>\nDrop talon-orteils de 8 mm<br \/>\nTige respirante<br \/>\nProfil de semelle incurv\u00e9 MetaRocker\u2122 fluide<\/p>\n","protected":false},"excerpt":{"rendered":"<p>L\u00e9g\u00e8ret\u00e9 et moelleux pour courir au quotidien. Chaussure de running fiable pens\u00e9e pour vos kilom\u00e8tres journaliers, la Clifton est notre mod\u00e8le avec amorti phare depuis 10\u00a0ans. Ouvrant la voie \u00e0 une nouvelle \u00e8re en mati\u00e8re de performance tout en moelleux, cette version revisit\u00e9e offre une exp\u00e9rience sous le pied redynamis\u00e9e avec 3\u00a0mm suppl\u00e9mentaires de drop [&hellip;]<\/p>\n","protected":false},"featured_media":3705,"template":"","meta":[],"pwb-brand":[102],"product_brand":[],"product_cat":[36,38],"product_tag":[],"class_list":{"0":"post-3078","1":"product","2":"type-product","3":"status-publish","4":"has-post-thumbnail","6":"pwb-brand-hoka","7":"product_cat-chaussures-femmes","8":"product_cat-route","10":"first","11":"instock","12":"shipping-taxable","13":"purchasable","14":"product-type-simple"},"brands":[{"id":102,"name":"HOKA","slug":"hoka"}],"_links":{"self":[{"href":"https:\/\/rrunning.tribalt.agency\/index.php?rest_route=\/wp\/v2\/product\/3078","targetHints":{"allow":["GET"]}}],"collection":[{"href":"https:\/\/rrunning.tribalt.agency\/index.php?rest_route=\/wp\/v2\/product"}],"about":[{"href":"https:\/\/rrunning.tribalt.agency\/index.php?rest_route=\/wp\/v2\/types\/product"}],"wp:featuredmedia":[{"embeddable":true,"href":"https:\/\/rrunning.tribalt.agency\/index.php?rest_route=\/wp\/v2\/media\/3705"}],"wp:attachment":[{"href":"https:\/\/rrunning.tribalt.agency\/index.php?rest_route=%2Fwp%2Fv2%2Fmedia&parent=3078"}],"wp:term":[{"taxonomy":"pwb-brand","embeddable":true,"href":"https:\/\/rrunning.tribalt.agency\/index.php?rest_route=%2Fwp%2Fv2%2Fpwb-brand&post=3078"},{"taxonomy":"product_brand","embeddable":true,"href":"https:\/\/rrunning.tribalt.agency\/index.php?rest_route=%2Fwp%2Fv2%2Fproduct_brand&post=3078"},{"taxonomy":"product_cat","embeddable":true,"href":"https:\/\/rrunning.tribalt.agency\/index.php?rest_route=%2Fwp%2Fv2%2Fproduct_cat&post=3078"},{"taxonomy":"product_tag","embeddable":true,"href":"https:\/\/rrunning.tribalt.agency\/index.php?rest_route=%2Fwp%2Fv2%2Fproduct_tag&post=3078"}],"curies":[{"name":"wp","href":"https:\/\/api.w.org\/{rel}","templated":true}]}}