{"id":3048,"date":"2025-08-28T17:36:03","date_gmt":"2025-08-28T15:36:03","guid":{"rendered":"https:\/\/rrunning.tribalt.agency\/?post_type=product&#038;p=3048"},"modified":"2025-08-28T17:42:37","modified_gmt":"2025-08-28T15:42:37","slug":"cloudsurfer-2-2","status":"publish","type":"product","link":"https:\/\/rrunning.tribalt.agency\/?product=cloudsurfer-2-2","title":{"rendered":"CLOUDSURFER 2"},"content":{"rendered":"<h2 class=\"_title_8gsmh_59\">Caract\u00e9ristiques<\/h2>\n<ul class=\"_usps_8gsmh_77\">\n<li class=\"\">\n<p class=\"_usp_8gsmh_77\">Poids : 225g<\/p>\n<\/li>\n<li class=\"\">\n<p class=\"_usp_8gsmh_77\">Une empeigne en mesh respirante pour une a\u00e9ration confortable<\/p>\n<\/li>\n<li class=\"\">\n<p class=\"_usp_8gsmh_77\">Languette repens\u00e9e pour plus de confort<\/p>\n<\/li>\n<li class=\"\">\n<p class=\"_usp_8gsmh_77\">\u0152illets et rev\u00eatement brod\u00e9s avec du fil recycl\u00e9<\/p>\n<\/li>\n<li class=\"\">\n<p class=\"_usp_8gsmh_77\">Amorti CloudTec\u00a0Phase\u2122 pour des foul\u00e9es plus fluides<\/p>\n<\/li>\n<li class=\"\">\n<p class=\"_usp_8gsmh_77\">Semelle interm\u00e9diaire \u00e0 super-mousse Helion\u2122 pour le confort<\/p>\n<\/li>\n<li class=\"\">\n<p class=\"_usp_8gsmh_77\">Semelle ext\u00e9rieure optimis\u00e9e par ordinateur et nouveau motif<\/p>\n<\/li>\n<li>Drop : 9mm<\/li>\n<\/ul>\n<h2 class=\"_imageTitle_x2jp6_90\">Performances ultimes<\/h2>\n<p class=\"_description_x2jp6_113\">Une semelle interm\u00e9diaire optimis\u00e9e gr\u00e2ce \u00e0 la technologie FEA (Finite Element Analysis) pour une chaussure l\u00e9g\u00e8re et durable, avec des transitions talon-orteil fluides.<\/p>\n<h2 class=\"_imageTitle_x2jp6_90\">Une semelle plus durable<\/h2>\n<p class=\"_description_x2jp6_113\">Gr\u00e2ce \u00e0 l\u2019AEF, nous avons con\u00e7u une semelle ext\u00e9rieure plus solide au rembourrage plus \u00e9pais et aux cavit\u00e9s plus petites. Pens\u00e9e pour durer, cette nouvelle construction offre des foul\u00e9es encore plus agr\u00e9ables.<\/p>\n<h2 class=\"_imageTitle_x2jp6_90\">Respirabilit\u00e9 XXL<\/h2>\n<p class=\"_description_x2jp6_113\">L\u2019empeigne a \u00e9t\u00e9 repens\u00e9e en mesh pour toujours plus de respirabilit\u00e9.<\/p>\n","protected":false},"excerpt":{"rendered":"<p>Caract\u00e9ristiques Poids : 225g Une empeigne en mesh respirante pour une a\u00e9ration confortable Languette repens\u00e9e pour plus de confort \u0152illets et rev\u00eatement brod\u00e9s avec du fil recycl\u00e9 Amorti CloudTec\u00a0Phase\u2122 pour des foul\u00e9es plus fluides Semelle interm\u00e9diaire \u00e0 super-mousse Helion\u2122 pour le confort Semelle ext\u00e9rieure optimis\u00e9e par ordinateur et nouveau motif Drop : 9mm Performances ultimes [&hellip;]<\/p>\n","protected":false},"featured_media":3049,"template":"","meta":[],"pwb-brand":[113],"product_brand":[],"product_cat":[36,38],"product_tag":[],"class_list":{"0":"post-3048","1":"product","2":"type-product","3":"status-publish","4":"has-post-thumbnail","6":"pwb-brand-on-running","7":"product_cat-chaussures-femmes","8":"product_cat-route","10":"first","11":"instock","12":"shipping-taxable","13":"purchasable","14":"product-type-simple"},"brands":[{"id":113,"name":"ON RUNNING","slug":"on-running"}],"_links":{"self":[{"href":"https:\/\/rrunning.tribalt.agency\/index.php?rest_route=\/wp\/v2\/product\/3048","targetHints":{"allow":["GET"]}}],"collection":[{"href":"https:\/\/rrunning.tribalt.agency\/index.php?rest_route=\/wp\/v2\/product"}],"about":[{"href":"https:\/\/rrunning.tribalt.agency\/index.php?rest_route=\/wp\/v2\/types\/product"}],"wp:featuredmedia":[{"embeddable":true,"href":"https:\/\/rrunning.tribalt.agency\/index.php?rest_route=\/wp\/v2\/media\/3049"}],"wp:attachment":[{"href":"https:\/\/rrunning.tribalt.agency\/index.php?rest_route=%2Fwp%2Fv2%2Fmedia&parent=3048"}],"wp:term":[{"taxonomy":"pwb-brand","embeddable":true,"href":"https:\/\/rrunning.tribalt.agency\/index.php?rest_route=%2Fwp%2Fv2%2Fpwb-brand&post=3048"},{"taxonomy":"product_brand","embeddable":true,"href":"https:\/\/rrunning.tribalt.agency\/index.php?rest_route=%2Fwp%2Fv2%2Fproduct_brand&post=3048"},{"taxonomy":"product_cat","embeddable":true,"href":"https:\/\/rrunning.tribalt.agency\/index.php?rest_route=%2Fwp%2Fv2%2Fproduct_cat&post=3048"},{"taxonomy":"product_tag","embeddable":true,"href":"https:\/\/rrunning.tribalt.agency\/index.php?rest_route=%2Fwp%2Fv2%2Fproduct_tag&post=3048"}],"curies":[{"name":"wp","href":"https:\/\/api.w.org\/{rel}","templated":true}]}}