{"id":3042,"date":"2025-08-28T17:28:31","date_gmt":"2025-08-28T15:28:31","guid":{"rendered":"https:\/\/rrunning.tribalt.agency\/?post_type=product&#038;p=3042"},"modified":"2025-08-28T17:35:05","modified_gmt":"2025-08-28T15:35:05","slug":"cloudsurfer-next-5","status":"publish","type":"product","link":"https:\/\/rrunning.tribalt.agency\/?product=cloudsurfer-next-5","title":{"rendered":"CLOUDSURFER NEXT"},"content":{"rendered":"<h2 class=\"_title_8gsmh_59\">Caract\u00e9ristiques<\/h2>\n<ul class=\"_usps_8gsmh_77\">\n<li class=\"\">\n<p class=\"_usp_8gsmh_77\">Poids : 225g<\/p>\n<\/li>\n<li class=\"\">\n<p class=\"_usp_8gsmh_77\">Semelle interm\u00e9diaire Helion\u2122 pour le rebond et la r\u00e9activit\u00e9<\/p>\n<\/li>\n<li class=\"\">\n<p class=\"_usp_8gsmh_77\">Amorti CloudTec Phase\u2122 pour des transitions fluides du talon aux orteils<\/p>\n<\/li>\n<li class=\"\">\n<p class=\"_usp_8gsmh_77\">Empeigne tiss\u00e9e plus l\u00e9g\u00e8re inspir\u00e9e de nos mod\u00e8les de comp\u00e9tition<\/p>\n<\/li>\n<li class=\"\">\n<p class=\"_usp_8gsmh_77\">Bascule agile \u00e0 l\u2019avant-pied\u00a0: plus de propulsion aux orteils<\/p>\n<\/li>\n<li class=\"\">\n<p class=\"_usp_8gsmh_77\">Enfilage facile adapt\u00e9 \u00e0 un grand nombre de pieds<\/p>\n<\/li>\n<li class=\"\">\n<p class=\"_usp_8gsmh_77\">Semelle ext\u00e9rieure avec grips en caoutchouc adh\u00e9rents<\/p>\n<\/li>\n<li class=\"\">\n<p class=\"_usp_8gsmh_77\">Foul\u00e9es dynamiques et r\u00e9duction de l\u2019effort<\/p>\n<\/li>\n<li class=\"\">\n<p class=\"_usp_8gsmh_77\">Silhouette inspir\u00e9e de nos chaussures de comp\u00e9tition<\/p>\n<\/li>\n<li>Drop\u00a0 6mm<\/li>\n<\/ul>\n<h2 class=\"_imageTitle_x2jp6_90\">Douceur et dynamisme<\/h2>\n<p class=\"_description_x2jp6_113\">Au contact du sol, la semelle interm\u00e9diaire CloudTec Phase\u2122 s\u2019affaisse en s\u00e9quence pour un roulement doux du talon aux orteils. Au d\u00e9collage, la super-mousse Helion\u2122 au rebond ultime vous propulse vers l\u2019avant \u00e0 chaque foul\u00e9e. R\u00e9sultat\u00a0? Du dynamisme et moins d\u2019efforts.<\/p>\n<h2 class=\"_imageTitle_x2jp6_90\">Aller de l\u2019avant<\/h2>\n<p class=\"_description_x2jp6_113\">La Cloudsurfer Next pr\u00e9sente une bascule \u00e0 l\u2019avant-pied repens\u00e9e pour plus de puissance. Con\u00e7ue pour courir au quotidien, elle offre l\u00e9g\u00e8ret\u00e9, amorti et r\u00e9activit\u00e9. Sans oublier la vitesse. Et avec l\u2019amorti Cloudsurfer pour des foul\u00e9es ultra-fluides, courir vite n\u2019a jamais \u00e9t\u00e9 aussi facile.<\/p>\n<h2 class=\"_imageTitle_x2jp6_90\">Aussi rapide qu\u2019elle en a l\u2019air.<\/h2>\n<p class=\"_description_x2jp6_113\">Inspir\u00e9e par nos mod\u00e8les de comp\u00e9tition, l\u2019empeigne de la Cloudsurfer Next est ultra-l\u00e9g\u00e8re et respirante. Con\u00e7ue en mesh tiss\u00e9, elle enveloppe le pied avec douceur et maintien. N\u2019ayez pas peur de la vitesse\u00a0: les pads en caoutchouc sur la semelle ext\u00e9rieure offrent un maximum d\u2019adh\u00e9rence sur route.<\/p>\n<p>&nbsp;<\/p>\n","protected":false},"excerpt":{"rendered":"<p>Caract\u00e9ristiques Poids : 225g Semelle interm\u00e9diaire Helion\u2122 pour le rebond et la r\u00e9activit\u00e9 Amorti CloudTec Phase\u2122 pour des transitions fluides du talon aux orteils Empeigne tiss\u00e9e plus l\u00e9g\u00e8re inspir\u00e9e de nos mod\u00e8les de comp\u00e9tition Bascule agile \u00e0 l\u2019avant-pied\u00a0: plus de propulsion aux orteils Enfilage facile adapt\u00e9 \u00e0 un grand nombre de pieds Semelle ext\u00e9rieure avec [&hellip;]<\/p>\n","protected":false},"featured_media":3043,"template":"","meta":[],"pwb-brand":[113],"product_brand":[],"product_cat":[36,38],"product_tag":[],"class_list":{"0":"post-3042","1":"product","2":"type-product","3":"status-publish","4":"has-post-thumbnail","6":"pwb-brand-on-running","7":"product_cat-chaussures-femmes","8":"product_cat-route","10":"first","11":"instock","12":"shipping-taxable","13":"purchasable","14":"product-type-simple"},"brands":[{"id":113,"name":"ON RUNNING","slug":"on-running"}],"_links":{"self":[{"href":"https:\/\/rrunning.tribalt.agency\/index.php?rest_route=\/wp\/v2\/product\/3042","targetHints":{"allow":["GET"]}}],"collection":[{"href":"https:\/\/rrunning.tribalt.agency\/index.php?rest_route=\/wp\/v2\/product"}],"about":[{"href":"https:\/\/rrunning.tribalt.agency\/index.php?rest_route=\/wp\/v2\/types\/product"}],"wp:featuredmedia":[{"embeddable":true,"href":"https:\/\/rrunning.tribalt.agency\/index.php?rest_route=\/wp\/v2\/media\/3043"}],"wp:attachment":[{"href":"https:\/\/rrunning.tribalt.agency\/index.php?rest_route=%2Fwp%2Fv2%2Fmedia&parent=3042"}],"wp:term":[{"taxonomy":"pwb-brand","embeddable":true,"href":"https:\/\/rrunning.tribalt.agency\/index.php?rest_route=%2Fwp%2Fv2%2Fpwb-brand&post=3042"},{"taxonomy":"product_brand","embeddable":true,"href":"https:\/\/rrunning.tribalt.agency\/index.php?rest_route=%2Fwp%2Fv2%2Fproduct_brand&post=3042"},{"taxonomy":"product_cat","embeddable":true,"href":"https:\/\/rrunning.tribalt.agency\/index.php?rest_route=%2Fwp%2Fv2%2Fproduct_cat&post=3042"},{"taxonomy":"product_tag","embeddable":true,"href":"https:\/\/rrunning.tribalt.agency\/index.php?rest_route=%2Fwp%2Fv2%2Fproduct_tag&post=3042"}],"curies":[{"name":"wp","href":"https:\/\/api.w.org\/{rel}","templated":true}]}}