{"id":3038,"date":"2025-08-28T17:21:04","date_gmt":"2025-08-28T15:21:04","guid":{"rendered":"https:\/\/rrunning.tribalt.agency\/?post_type=product&#038;p=3038"},"modified":"2025-08-28T17:26:41","modified_gmt":"2025-08-28T15:26:41","slug":"cloudsurfer-next-copie-2","status":"publish","type":"product","link":"https:\/\/rrunning.tribalt.agency\/?product=cloudsurfer-next-copie-2","title":{"rendered":"CLOUD 6"},"content":{"rendered":"<h2 class=\"_title_8gsmh_59\">Caract\u00e9ristiques<\/h2>\n<ul class=\"_usps_8gsmh_77\">\n<li class=\"\">\n<p class=\"_usp_8gsmh_77\">Poids : 267g<\/p>\n<\/li>\n<li class=\"\">\n<p class=\"_usp_8gsmh_77\">La mousse Zero-Gravity CloudTec\u00ae offre un meilleur amorti<\/p>\n<\/li>\n<li class=\"\">\n<p class=\"_usp_8gsmh_77\">Speedboard\u00ae pour plus de maintien et de performance au quotidien<\/p>\n<\/li>\n<li class=\"\">\n<p class=\"_usp_8gsmh_77\">Nouvelle doublure pour un enfilage facilit\u00e9<\/p>\n<\/li>\n<li class=\"\">\n<p class=\"_usp_8gsmh_77\">Ouverture plus large pour une coupe plus inclusive<\/p>\n<\/li>\n<li class=\"\">\n<p class=\"_usp_8gsmh_77\">Structure et forme am\u00e9lior\u00e9es<\/p>\n<\/li>\n<li>Drop : 8mm<\/li>\n<\/ul>\n<h2 class=\"_imageTitle_x2jp6_90\">Une g\u00e9om\u00e9trie am\u00e9lior\u00e9e<\/h2>\n<p class=\"_description_x2jp6_113\">M\u00eame look embl\u00e9matique. Des sensations d\u00e9cupl\u00e9es. Forme et structure\u00a0: la g\u00e9om\u00e9trie de la Cloud\u00a06 a \u00e9t\u00e9 revisit\u00e9e pour vous offrir plus de confort, d\u2019amorti et de stabilit\u00e9.<\/p>\n<h2 class=\"_imageTitle_x2jp6_90\">Mat\u00e9riaux innovants<\/h2>\n<p class=\"_description_x2jp6_113\">La semelle interm\u00e9diaire a \u00e9t\u00e9 pens\u00e9e en mousse bio-attribu\u00e9e Zero-Gravity con\u00e7ue \u00e0 base de mat\u00e9riaux renouvelables certifi\u00e9s ISCC+, d\u00e9riv\u00e9s d\u2019huiles de cuisson recycl\u00e9es.<\/p>\n<h2 class=\"_imageTitle_x2jp6_90\">Le confort \u00e0 chaque pas<\/h2>\n<p class=\"_description_x2jp6_113\">Une ouverture plus large et une nouvelle doublure offrent un enfilage facilit\u00e9 tandis que la structure am\u00e9lior\u00e9e au talon renforce le maintien. Avec une g\u00e9om\u00e9trie remise \u00e0 jour, pour un confort incomparable du matin au soir. La chaussure polyvalente qui vous suit partout.<\/p>\n","protected":false},"excerpt":{"rendered":"<p>Caract\u00e9ristiques Poids : 267g La mousse Zero-Gravity CloudTec\u00ae offre un meilleur amorti Speedboard\u00ae pour plus de maintien et de performance au quotidien Nouvelle doublure pour un enfilage facilit\u00e9 Ouverture plus large pour une coupe plus inclusive Structure et forme am\u00e9lior\u00e9es Drop : 8mm Une g\u00e9om\u00e9trie am\u00e9lior\u00e9e M\u00eame look embl\u00e9matique. Des sensations d\u00e9cupl\u00e9es. Forme et structure\u00a0: [&hellip;]<\/p>\n","protected":false},"featured_media":3039,"template":"","meta":[],"pwb-brand":[113],"product_brand":[],"product_cat":[40,42],"product_tag":[],"class_list":{"0":"post-3038","1":"product","2":"type-product","3":"status-publish","4":"has-post-thumbnail","6":"pwb-brand-on-running","7":"product_cat-chaussures-hommes","8":"product_cat-route-chaussures-hommes","10":"first","11":"instock","12":"shipping-taxable","13":"purchasable","14":"product-type-simple"},"brands":[{"id":113,"name":"ON RUNNING","slug":"on-running"}],"_links":{"self":[{"href":"https:\/\/rrunning.tribalt.agency\/index.php?rest_route=\/wp\/v2\/product\/3038","targetHints":{"allow":["GET"]}}],"collection":[{"href":"https:\/\/rrunning.tribalt.agency\/index.php?rest_route=\/wp\/v2\/product"}],"about":[{"href":"https:\/\/rrunning.tribalt.agency\/index.php?rest_route=\/wp\/v2\/types\/product"}],"wp:featuredmedia":[{"embeddable":true,"href":"https:\/\/rrunning.tribalt.agency\/index.php?rest_route=\/wp\/v2\/media\/3039"}],"wp:attachment":[{"href":"https:\/\/rrunning.tribalt.agency\/index.php?rest_route=%2Fwp%2Fv2%2Fmedia&parent=3038"}],"wp:term":[{"taxonomy":"pwb-brand","embeddable":true,"href":"https:\/\/rrunning.tribalt.agency\/index.php?rest_route=%2Fwp%2Fv2%2Fpwb-brand&post=3038"},{"taxonomy":"product_brand","embeddable":true,"href":"https:\/\/rrunning.tribalt.agency\/index.php?rest_route=%2Fwp%2Fv2%2Fproduct_brand&post=3038"},{"taxonomy":"product_cat","embeddable":true,"href":"https:\/\/rrunning.tribalt.agency\/index.php?rest_route=%2Fwp%2Fv2%2Fproduct_cat&post=3038"},{"taxonomy":"product_tag","embeddable":true,"href":"https:\/\/rrunning.tribalt.agency\/index.php?rest_route=%2Fwp%2Fv2%2Fproduct_tag&post=3038"}],"curies":[{"name":"wp","href":"https:\/\/api.w.org\/{rel}","templated":true}]}}