{"id":3018,"date":"2025-08-27T17:11:23","date_gmt":"2025-08-27T15:11:23","guid":{"rendered":"https:\/\/rrunning.tribalt.agency\/?post_type=product&#038;p=3018"},"modified":"2025-08-27T17:16:59","modified_gmt":"2025-08-27T15:16:59","slug":"wave-mujin-11","status":"publish","type":"product","link":"https:\/\/rrunning.tribalt.agency\/?product=wave-mujin-11","title":{"rendered":"WAVE MUJIN 11"},"content":{"rendered":"<p>D\u00e9couvrez de nouveaux sentiers avec cette chaussure qui offre un soutien \u00e9quilibr\u00e9, avec un amorti am\u00e9lior\u00e9 et une nouvelle structure de la\u00e7age. La MIZUNO ENERZY NXT sur la partie sup\u00e9rieure de la semelle interm\u00e9diaire am\u00e9liore l'amorti et le retour d'\u00e9nergie de la chaussure. La MIZUNO WAVE am\u00e9liore la stabilit\u00e9 sans sacrifier l'amorti. Le design du lacet autour de la partie m\u00e9diane du pied aide \u00e0 maintenir le pied fermement en place. \u30fbMIZUNO ENERZY NXT : MIZUNO ENERZY NXT dans la semelle interm\u00e9diaire sup\u00e9rieure pour un meilleur amorti et un retour d'\u00e9nergie. \u30fbMIZUNO WAVE (FOAM) : La Mizuno Wave, dot\u00e9e d'une structure ondul\u00e9e avec de l'EVA \u00e0 deux niveaux de duret\u00e9, am\u00e9liore la stabilit\u00e9 sans sacrifier l'amorti. Elle est ins\u00e9r\u00e9e sur toute la longueur de la chaussure. \u30fbConstruction du lacet : Le tissu imbriqu\u00e9 avec les lacets autour du milieu du pied maintient le pied fermement en place. \u30fbVibram Megagrip : Compos\u00e9 haute performance. Il offre une adh\u00e9rence exceptionnelle, en particulier sur les terrains humides et irr\u00e9guliers.<\/p>\n<p><span class=\"spec-label\">Poids (g) :<\/span>\u00a0340g<\/p>\n<p><span class=\"spec-label\">Stack (mm) :<\/span>\u00a08.0<\/p>\n","protected":false},"excerpt":{"rendered":"<p>D\u00e9couvrez de nouveaux sentiers avec cette chaussure qui offre un soutien \u00e9quilibr\u00e9, avec un amorti am\u00e9lior\u00e9 et une nouvelle structure de la\u00e7age. La MIZUNO ENERZY NXT sur la partie sup\u00e9rieure de la semelle interm\u00e9diaire am\u00e9liore l'amorti et le retour d'\u00e9nergie de la chaussure. La MIZUNO WAVE am\u00e9liore la stabilit\u00e9 sans sacrifier l'amorti. Le design du [&hellip;]<\/p>\n","protected":false},"featured_media":3019,"template":"","meta":[],"pwb-brand":[17],"product_brand":[],"product_cat":[40,43],"product_tag":[],"class_list":{"0":"post-3018","1":"product","2":"type-product","3":"status-publish","4":"has-post-thumbnail","6":"pwb-brand-mizuno","7":"product_cat-chaussures-hommes","8":"product_cat-trail-chaussures-hommes","10":"first","11":"instock","12":"shipping-taxable","13":"purchasable","14":"product-type-simple"},"brands":[{"id":17,"name":"MIZUNO","slug":"mizuno"}],"_links":{"self":[{"href":"https:\/\/rrunning.tribalt.agency\/index.php?rest_route=\/wp\/v2\/product\/3018","targetHints":{"allow":["GET"]}}],"collection":[{"href":"https:\/\/rrunning.tribalt.agency\/index.php?rest_route=\/wp\/v2\/product"}],"about":[{"href":"https:\/\/rrunning.tribalt.agency\/index.php?rest_route=\/wp\/v2\/types\/product"}],"wp:featuredmedia":[{"embeddable":true,"href":"https:\/\/rrunning.tribalt.agency\/index.php?rest_route=\/wp\/v2\/media\/3019"}],"wp:attachment":[{"href":"https:\/\/rrunning.tribalt.agency\/index.php?rest_route=%2Fwp%2Fv2%2Fmedia&parent=3018"}],"wp:term":[{"taxonomy":"pwb-brand","embeddable":true,"href":"https:\/\/rrunning.tribalt.agency\/index.php?rest_route=%2Fwp%2Fv2%2Fpwb-brand&post=3018"},{"taxonomy":"product_brand","embeddable":true,"href":"https:\/\/rrunning.tribalt.agency\/index.php?rest_route=%2Fwp%2Fv2%2Fproduct_brand&post=3018"},{"taxonomy":"product_cat","embeddable":true,"href":"https:\/\/rrunning.tribalt.agency\/index.php?rest_route=%2Fwp%2Fv2%2Fproduct_cat&post=3018"},{"taxonomy":"product_tag","embeddable":true,"href":"https:\/\/rrunning.tribalt.agency\/index.php?rest_route=%2Fwp%2Fv2%2Fproduct_tag&post=3018"}],"curies":[{"name":"wp","href":"https:\/\/api.w.org\/{rel}","templated":true}]}}