{"id":2999,"date":"2025-08-27T16:47:24","date_gmt":"2025-08-27T14:47:24","guid":{"rendered":"https:\/\/rrunning.tribalt.agency\/?post_type=product&#038;p=2999"},"modified":"2025-08-27T16:50:10","modified_gmt":"2025-08-27T14:50:10","slug":"neo-zen-2","status":"publish","type":"product","link":"https:\/\/rrunning.tribalt.agency\/?product=neo-zen-2","title":{"rendered":"NEO ZEN"},"content":{"rendered":"<p>Les coureurs exp\u00e9riment\u00e9s qui poss\u00e8dent de nombreuses paires de chaussures pour leurs s\u00e9ances habituelles vont adorer ce mod\u00e8le, optimis\u00e9 pour offrir une sensation de course naturelle. La technologie SMOOTH SPEED ASSIST a \u00e9t\u00e9 d\u00e9velopp\u00e9e pour les chaussures de course pour vous aider \u00e0 courir de la fa\u00e7on la plus efficace qui soit. La MIZUNO ENERZY NXT (VERSION ENRICHIE EN AZOTE) est la mati\u00e8re innovante de Mizuno, qui offre une souplesse et un retour d'\u00e9nergie d'exception, le tout avec l\u00e9g\u00e8ret\u00e9.<\/p>\n<p><span class=\"spec-label\">Poids (g) :<\/span>\u00a0235g<\/p>\n<p><span class=\"spec-label\">Stack (mm) :<\/span>\u00a06.0<\/p>\n","protected":false},"excerpt":{"rendered":"<p>Les coureurs exp\u00e9riment\u00e9s qui poss\u00e8dent de nombreuses paires de chaussures pour leurs s\u00e9ances habituelles vont adorer ce mod\u00e8le, optimis\u00e9 pour offrir une sensation de course naturelle. La technologie SMOOTH SPEED ASSIST a \u00e9t\u00e9 d\u00e9velopp\u00e9e pour les chaussures de course pour vous aider \u00e0 courir de la fa\u00e7on la plus efficace qui soit. La MIZUNO ENERZY [&hellip;]<\/p>\n","protected":false},"featured_media":3000,"template":"","meta":[],"pwb-brand":[17],"product_brand":[],"product_cat":[40,42],"product_tag":[],"class_list":{"0":"post-2999","1":"product","2":"type-product","3":"status-publish","4":"has-post-thumbnail","6":"pwb-brand-mizuno","7":"product_cat-chaussures-hommes","8":"product_cat-route-chaussures-hommes","10":"first","11":"instock","12":"shipping-taxable","13":"purchasable","14":"product-type-simple"},"brands":[{"id":17,"name":"MIZUNO","slug":"mizuno"}],"_links":{"self":[{"href":"https:\/\/rrunning.tribalt.agency\/index.php?rest_route=\/wp\/v2\/product\/2999","targetHints":{"allow":["GET"]}}],"collection":[{"href":"https:\/\/rrunning.tribalt.agency\/index.php?rest_route=\/wp\/v2\/product"}],"about":[{"href":"https:\/\/rrunning.tribalt.agency\/index.php?rest_route=\/wp\/v2\/types\/product"}],"wp:featuredmedia":[{"embeddable":true,"href":"https:\/\/rrunning.tribalt.agency\/index.php?rest_route=\/wp\/v2\/media\/3000"}],"wp:attachment":[{"href":"https:\/\/rrunning.tribalt.agency\/index.php?rest_route=%2Fwp%2Fv2%2Fmedia&parent=2999"}],"wp:term":[{"taxonomy":"pwb-brand","embeddable":true,"href":"https:\/\/rrunning.tribalt.agency\/index.php?rest_route=%2Fwp%2Fv2%2Fpwb-brand&post=2999"},{"taxonomy":"product_brand","embeddable":true,"href":"https:\/\/rrunning.tribalt.agency\/index.php?rest_route=%2Fwp%2Fv2%2Fproduct_brand&post=2999"},{"taxonomy":"product_cat","embeddable":true,"href":"https:\/\/rrunning.tribalt.agency\/index.php?rest_route=%2Fwp%2Fv2%2Fproduct_cat&post=2999"},{"taxonomy":"product_tag","embeddable":true,"href":"https:\/\/rrunning.tribalt.agency\/index.php?rest_route=%2Fwp%2Fv2%2Fproduct_tag&post=2999"}],"curies":[{"name":"wp","href":"https:\/\/api.w.org\/{rel}","templated":true}]}}