{"id":2996,"date":"2025-08-27T16:38:36","date_gmt":"2025-08-27T14:38:36","guid":{"rendered":"https:\/\/rrunning.tribalt.agency\/?post_type=product&#038;p=2996"},"modified":"2025-08-27T16:43:43","modified_gmt":"2025-08-27T14:43:43","slug":"neo-vista-2","status":"publish","type":"product","link":"https:\/\/rrunning.tribalt.agency\/?product=neo-vista-2","title":{"rendered":"NEO VISTA 2"},"content":{"rendered":"<p>\u00c9levez votre niveau d'entra\u00eenement avec ces chaussures con\u00e7ues pour les coureurs \u00e0 la recherche de super-entra\u00eenements haute performance. Profitez de courses sans effort gr\u00e2ce \u00e0 la technologie Smooth Speed Assist, sp\u00e9cialement d\u00e9velopp\u00e9e pour les chaussures de course afin d'aider les coureurs \u00e0 atteindre une forme parfaite avec moins de fatigue. La semelle interm\u00e9diaire sup\u00e9rieure MIZUNO ENERZY NXT INFUS\u00c9E DE NITROG\u00c8NE am\u00e9liore l'amorti et le retour d'\u00e9nergie, tandis que la semelle interm\u00e9diaire inf\u00e9rieure MIZUNO ENERZY NXT \u00e0 base d'EVA renforce la stabilit\u00e9. \u30fbMIZUNO ENERZY NXT : MIZUNO ENERZY NXT INFUS\u00c9E DE NITROG\u00c8NE dans la semelle interm\u00e9diaire sup\u00e9rieure offre un amorti souple et un rendement \u00e9nerg\u00e9tique \u00e9lev\u00e9. Il travaille avec le MIZUNO ENERZY NXT \u00e0 base d'EVA dans la semelle interm\u00e9diaire inf\u00e9rieure pour plus de stabilit\u00e9. \u30fbSmooth Speed Assist : Ce mod\u00e8le d'entra\u00eenement quotidien utilise des caract\u00e9ristiques d\u00e9velopp\u00e9es pour les chaussures de course. Il aide \u00e0 atteindre une forme de course efficace pendant les courses r\u00e9guli\u00e8res et l'entra\u00eenement. Il vous aide \u00e0 vous entra\u00eener avec moins d'efforts. \u30fbMIZUNO WAVE : En plus d'offrir amorti et stabilit\u00e9, la WAVE PLATE favorise la propulsion vers l'avant et le transfert de poids en douceur.<\/p>\n<p><span class=\"spec-label\">Poids (g) :<\/span>\u00a0265g<\/p>\n<p><span class=\"spec-label\">Stack (mm) :<\/span>\u00a08.0<\/p>\n","protected":false},"excerpt":{"rendered":"<p>\u00c9levez votre niveau d'entra\u00eenement avec ces chaussures con\u00e7ues pour les coureurs \u00e0 la recherche de super-entra\u00eenements haute performance. Profitez de courses sans effort gr\u00e2ce \u00e0 la technologie Smooth Speed Assist, sp\u00e9cialement d\u00e9velopp\u00e9e pour les chaussures de course afin d'aider les coureurs \u00e0 atteindre une forme parfaite avec moins de fatigue. La semelle interm\u00e9diaire sup\u00e9rieure MIZUNO [&hellip;]<\/p>\n","protected":false},"featured_media":2997,"template":"","meta":[],"pwb-brand":[17],"product_brand":[],"product_cat":[40,42],"product_tag":[],"class_list":{"0":"post-2996","1":"product","2":"type-product","3":"status-publish","4":"has-post-thumbnail","6":"pwb-brand-mizuno","7":"product_cat-chaussures-hommes","8":"product_cat-route-chaussures-hommes","10":"first","11":"instock","12":"shipping-taxable","13":"purchasable","14":"product-type-simple"},"brands":[{"id":17,"name":"MIZUNO","slug":"mizuno"}],"_links":{"self":[{"href":"https:\/\/rrunning.tribalt.agency\/index.php?rest_route=\/wp\/v2\/product\/2996","targetHints":{"allow":["GET"]}}],"collection":[{"href":"https:\/\/rrunning.tribalt.agency\/index.php?rest_route=\/wp\/v2\/product"}],"about":[{"href":"https:\/\/rrunning.tribalt.agency\/index.php?rest_route=\/wp\/v2\/types\/product"}],"wp:featuredmedia":[{"embeddable":true,"href":"https:\/\/rrunning.tribalt.agency\/index.php?rest_route=\/wp\/v2\/media\/2997"}],"wp:attachment":[{"href":"https:\/\/rrunning.tribalt.agency\/index.php?rest_route=%2Fwp%2Fv2%2Fmedia&parent=2996"}],"wp:term":[{"taxonomy":"pwb-brand","embeddable":true,"href":"https:\/\/rrunning.tribalt.agency\/index.php?rest_route=%2Fwp%2Fv2%2Fpwb-brand&post=2996"},{"taxonomy":"product_brand","embeddable":true,"href":"https:\/\/rrunning.tribalt.agency\/index.php?rest_route=%2Fwp%2Fv2%2Fproduct_brand&post=2996"},{"taxonomy":"product_cat","embeddable":true,"href":"https:\/\/rrunning.tribalt.agency\/index.php?rest_route=%2Fwp%2Fv2%2Fproduct_cat&post=2996"},{"taxonomy":"product_tag","embeddable":true,"href":"https:\/\/rrunning.tribalt.agency\/index.php?rest_route=%2Fwp%2Fv2%2Fproduct_tag&post=2996"}],"curies":[{"name":"wp","href":"https:\/\/api.w.org\/{rel}","templated":true}]}}