{"id":2957,"date":"2025-07-27T11:20:31","date_gmt":"2025-07-27T09:20:31","guid":{"rendered":"https:\/\/rrunning.tribalt.agency\/?post_type=product&#038;p=2957"},"modified":"2025-08-28T18:08:58","modified_gmt":"2025-08-28T16:08:58","slug":"glycerin-gts-22-4","status":"publish","type":"product","link":"https:\/\/rrunning.tribalt.agency\/?product=glycerin-gts-22-4","title":{"rendered":"GLYCERIN GTS 22"},"content":{"rendered":"<p>Couleur : black\/atomizer\/blazing orange<\/p>\n<p>Cette chaussure de course pour homme allie un amorti moelleux \u00e0 un soutien fiable. Elle est dot\u00e9e de la semelle interm\u00e9diaire DNA Tuned, notre amorti avec nitro-injection pour des contacts au sol en douceur et des propulsions \u00e9nergiques. Le syst\u00e8me de soutien GuideRails(TM) t\u2019aide \u00e0 garder une foul\u00e9e confortable.<\/p>\n<h3 class=\"a-type-h6--big m-long-description__label u-spacing-x-small--bottom\">Parfaite pour\u2026<\/h3>\n<ul class=\"m-long-description__best-for\">\n<li class=\"m-long-description__best-for-item\">\n<div class=\"m-long-description__best-for-text\">Un amorti optimis\u00e9<\/div>\n<\/li>\n<li class=\"m-long-description__best-for-item\">\n<div class=\"m-long-description__best-for-text\">Des transitions stables en douceur<\/div>\n<\/li>\n<li class=\"m-long-description__best-for-item\">\n<div class=\"m-long-description__best-for-text\">Running sur route<\/div>\n<\/li>\n<li class=\"m-long-description__best-for-item\">\n<div class=\"m-long-description__best-for-text\">Go-To Support<\/div>\n<\/li>\n<\/ul>\n<h3 class=\"a-type-h6--big m-long-description__label u-spacing-x-small--bottom\">Caract\u00e9ristiques<\/h3>\n<ul class=\"m-long-description__features\">\n<li class=\"m-long-description__feature\">\n<div class=\"m-long-description__feature-text\">Un amorti optimis\u00e9<\/div>\n<\/li>\n<li class=\"m-long-description__feature\">\n<div class=\"m-long-description__feature-text\">Chaussant accommodant<\/div>\n<\/li>\n<li class=\"m-long-description__feature\">\n<div class=\"m-long-description__feature-text\">Syst\u00e8me de soutien int\u00e9gral GuideRails(TM)<\/div>\n<\/li>\n<\/ul>\n<p>Con\u00e7ue pour : Route<br \/>\nDrop De La Semelle Interm\u00e9diaire : 10mm<br \/>\nPoids : 10,7oz \/ 303,3g<br \/>\nRessenti de Foul\u00e9e : Chaussant confortable<\/p>\n<p>D\u00e9couvrez un contact au sol particuli\u00e8rement souple et une propulsion des orteils relativement puissante.<\/p>\n","protected":false},"excerpt":{"rendered":"<p>Couleur : black\/atomizer\/blazing orange Cette chaussure de course pour homme allie un amorti moelleux \u00e0 un soutien fiable. Elle est dot\u00e9e de la semelle interm\u00e9diaire DNA Tuned, notre amorti avec nitro-injection pour des contacts au sol en douceur et des propulsions \u00e9nergiques. Le syst\u00e8me de soutien GuideRails(TM) t\u2019aide \u00e0 garder une foul\u00e9e confortable. Parfaite pour\u2026 [&hellip;]<\/p>\n","protected":false},"featured_media":2958,"template":"","meta":[],"pwb-brand":[92],"product_brand":[],"product_cat":[40,42],"product_tag":[],"class_list":{"0":"post-2957","1":"product","2":"type-product","3":"status-publish","4":"has-post-thumbnail","6":"pwb-brand-brooks","7":"product_cat-chaussures-hommes","8":"product_cat-route-chaussures-hommes","10":"first","11":"instock","12":"shipping-taxable","13":"purchasable","14":"product-type-simple"},"brands":[{"id":92,"name":"BROOKS","slug":"brooks"}],"_links":{"self":[{"href":"https:\/\/rrunning.tribalt.agency\/index.php?rest_route=\/wp\/v2\/product\/2957","targetHints":{"allow":["GET"]}}],"collection":[{"href":"https:\/\/rrunning.tribalt.agency\/index.php?rest_route=\/wp\/v2\/product"}],"about":[{"href":"https:\/\/rrunning.tribalt.agency\/index.php?rest_route=\/wp\/v2\/types\/product"}],"wp:featuredmedia":[{"embeddable":true,"href":"https:\/\/rrunning.tribalt.agency\/index.php?rest_route=\/wp\/v2\/media\/2958"}],"wp:attachment":[{"href":"https:\/\/rrunning.tribalt.agency\/index.php?rest_route=%2Fwp%2Fv2%2Fmedia&parent=2957"}],"wp:term":[{"taxonomy":"pwb-brand","embeddable":true,"href":"https:\/\/rrunning.tribalt.agency\/index.php?rest_route=%2Fwp%2Fv2%2Fpwb-brand&post=2957"},{"taxonomy":"product_brand","embeddable":true,"href":"https:\/\/rrunning.tribalt.agency\/index.php?rest_route=%2Fwp%2Fv2%2Fproduct_brand&post=2957"},{"taxonomy":"product_cat","embeddable":true,"href":"https:\/\/rrunning.tribalt.agency\/index.php?rest_route=%2Fwp%2Fv2%2Fproduct_cat&post=2957"},{"taxonomy":"product_tag","embeddable":true,"href":"https:\/\/rrunning.tribalt.agency\/index.php?rest_route=%2Fwp%2Fv2%2Fproduct_tag&post=2957"}],"curies":[{"name":"wp","href":"https:\/\/api.w.org\/{rel}","templated":true}]}}