{"id":2956,"date":"2025-08-27T11:16:10","date_gmt":"2025-08-27T09:16:10","guid":{"rendered":"https:\/\/rrunning.tribalt.agency\/?post_type=product&#038;p=2956"},"modified":"2025-08-27T11:17:16","modified_gmt":"2025-08-27T09:17:16","slug":"hyperion-max-3-2","status":"publish","type":"product","link":"https:\/\/rrunning.tribalt.agency\/?product=hyperion-max-3-2","title":{"rendered":"HYPERION MAX 3"},"content":{"rendered":"<section id=\"PRODUCT_SIMPLE_DESCRIPTION\" class=\"ng-star-inserted active\">\n<div class=\"container py-8 ng-star-inserted\">\n<div class=\"row justify-content-center ng-star-inserted\">\n<div class=\"col-12 col-lg-8\">\n<div>\n<p>L<strong>'HYPERION MAX 3 W\u00a0<\/strong>de\u00a0<strong>Brooks<\/strong>\u00a0est une\u00a0<strong>chaussure de course<\/strong> pour hommes qui aime la vitesse et l'endurance.<\/p>\n<p><strong>L\u00e9ger et r\u00e9actif<\/strong>, ce mod\u00e8le poss\u00e8de une\u00a0<strong>semelle interm\u00e9diaire DNA Gold avec PEBA<\/strong>\u00a0qui apporte\u00a0<strong>plus de propulsion et de r\u00e9activit\u00e9<\/strong>. Il est ainsi con\u00e7u pour s'adapter au rythme de la sportive afin de lui permettre de courir plus fort et plus longtemps. Cette chaussure a aussi la capacit\u00e9 d'<strong>absorber les impacts<\/strong>\u00a0pendant une s\u00e9ance d'entra\u00eenement intense et facilite ainsi la r\u00e9cup\u00e9ration.<\/p>\n<p>Enfin, sa\u00a0<strong>tige l\u00e9g\u00e8re<\/strong>\u00a0enveloppe agr\u00e9ablement le pied et le laisse respirer.<\/p>\n<\/div>\n<\/div>\n<\/div>\n<\/div>\n<\/section>\n<section id=\"PRODUCT_FEATURES\" class=\"ng-star-inserted\">\n<div class=\"container py-8 ng-star-inserted\">\n<div class=\"row justify-content-center ng-star-inserted\">\n<div class=\"col-12 col-lg-8\">\n<div class=\"mb-7\">\n<div class=\"font-weight-bold\">D\u00e9tails<\/div>\n<h2 class=\"heading-noskin lh-0-8\"><span class=\"text-uppercase text-gray-900 fs-13px ng-star-inserted\"><span class=\"font-weight-bold\">HYPERION MAX 3<\/span>\u00a0<span class=\"text-lowercase font-weight-normal undefined\">COCONUT\/FIERY CORAL\/ATOMIZER<\/span><\/span><\/h2>\n<\/div>\n<div class=\"mb-8 ng-star-inserted\">\n<div class=\"product-details d-flex flex-column gy-3 ng-star-inserted\">\n<ul>\n<li>Drop : 6 mm<\/li>\n<li>Tige en mesh l\u00e9ger et respirant<\/li>\n<li>Semelle interm\u00e9diaire DNA Gold 100% PEBA : offre plus de propulsion et de r\u00e9activit\u00e9 \u00e0 chaque foul\u00e9e<\/li>\n<li>Semelle ext\u00e9rieure en caoutchouc<\/li>\n<\/ul>\n<\/div>\n<\/div>\n<\/div>\n<\/div>\n<\/div>\n<\/section>\n","protected":false},"excerpt":{"rendered":"<p>L'HYPERION MAX 3 W\u00a0de\u00a0Brooks\u00a0est une\u00a0chaussure de course pour hommes qui aime la vitesse et l'endurance. L\u00e9ger et r\u00e9actif, ce mod\u00e8le poss\u00e8de une\u00a0semelle interm\u00e9diaire DNA Gold avec PEBA\u00a0qui apporte\u00a0plus de propulsion et de r\u00e9activit\u00e9. Il est ainsi con\u00e7u pour s'adapter au rythme de la sportive afin de lui permettre de courir plus fort et plus longtemps. [&hellip;]<\/p>\n","protected":false},"featured_media":2939,"template":"","meta":[],"pwb-brand":[92],"product_brand":[],"product_cat":[40,42],"product_tag":[],"class_list":{"0":"post-2956","1":"product","2":"type-product","3":"status-publish","4":"has-post-thumbnail","6":"pwb-brand-brooks","7":"product_cat-chaussures-hommes","8":"product_cat-route-chaussures-hommes","10":"first","11":"instock","12":"featured","13":"shipping-taxable","14":"purchasable","15":"product-type-simple"},"brands":[{"id":92,"name":"BROOKS","slug":"brooks"}],"_links":{"self":[{"href":"https:\/\/rrunning.tribalt.agency\/index.php?rest_route=\/wp\/v2\/product\/2956","targetHints":{"allow":["GET"]}}],"collection":[{"href":"https:\/\/rrunning.tribalt.agency\/index.php?rest_route=\/wp\/v2\/product"}],"about":[{"href":"https:\/\/rrunning.tribalt.agency\/index.php?rest_route=\/wp\/v2\/types\/product"}],"wp:featuredmedia":[{"embeddable":true,"href":"https:\/\/rrunning.tribalt.agency\/index.php?rest_route=\/wp\/v2\/media\/2939"}],"wp:attachment":[{"href":"https:\/\/rrunning.tribalt.agency\/index.php?rest_route=%2Fwp%2Fv2%2Fmedia&parent=2956"}],"wp:term":[{"taxonomy":"pwb-brand","embeddable":true,"href":"https:\/\/rrunning.tribalt.agency\/index.php?rest_route=%2Fwp%2Fv2%2Fpwb-brand&post=2956"},{"taxonomy":"product_brand","embeddable":true,"href":"https:\/\/rrunning.tribalt.agency\/index.php?rest_route=%2Fwp%2Fv2%2Fproduct_brand&post=2956"},{"taxonomy":"product_cat","embeddable":true,"href":"https:\/\/rrunning.tribalt.agency\/index.php?rest_route=%2Fwp%2Fv2%2Fproduct_cat&post=2956"},{"taxonomy":"product_tag","embeddable":true,"href":"https:\/\/rrunning.tribalt.agency\/index.php?rest_route=%2Fwp%2Fv2%2Fproduct_tag&post=2956"}],"curies":[{"name":"wp","href":"https:\/\/api.w.org\/{rel}","templated":true}]}}