{"id":2949,"date":"2025-08-27T11:00:15","date_gmt":"2025-08-27T09:00:15","guid":{"rendered":"https:\/\/rrunning.tribalt.agency\/?post_type=product&#038;p=2949"},"modified":"2025-08-27T11:06:20","modified_gmt":"2025-08-27T09:06:20","slug":"cascadia-19-2","status":"publish","type":"product","link":"https:\/\/rrunning.tribalt.agency\/?product=cascadia-19-2","title":{"rendered":"CASCADIA 19"},"content":{"rendered":"<p>Couleur : sunny lime\/black\/magenta<\/p>\n<p class=\"m-long-description-text\">Pr\u00eate pour toutes les aventures, la Cascadia\u00a019 pour femme offre la douceur, l\u2019adaptabilit\u00e9 et la stabilit\u00e9 dont tu as besoin pour parcourir les sentiers difficiles en toute confiance.<\/p>\n<h3 class=\"a-type-h6--big m-long-description__label u-spacing-x-small--bottom\">Durabilit\u00e9<\/h3>\n<div class=\"m-long-description__sustainability\">\n<div class=\"m-long-description__sustainability--container\">\n<div class=\"m-long-description__sustainability--value\">69.6 %<\/div>\n<div class=\"m-long-description__sustainability--text\">Mat\u00e9riaux recycl\u00e9s dans la tige<\/div>\n<\/div>\n<div class=\"m-long-description__sustainability--container\">\n<p class=\"t-subtitle t-subtitle--medium t-subtitle--highlight\">Ce produit est certifi\u00e9 CarbonNeutral\u00ae.<\/p>\n<\/div>\n<\/div>\n<h3 class=\"a-type-h6--big m-long-description__label u-spacing-x-small--bottom\">Caract\u00e9ristiques<\/h3>\n<ul class=\"m-long-description__features\">\n<li class=\"m-long-description__feature\">\n<div class=\"m-long-description__feature-text\">Foul\u00e9e adaptable<\/div>\n<\/li>\n<li class=\"m-long-description__feature\">\n<div class=\"m-long-description__feature-text\">Convient \u00e0 tout type de terrain<\/div>\n<\/li>\n<li class=\"m-long-description__feature\">\n<div class=\"m-long-description__feature-text\">Traction sur surfaces s\u00e8ches\/mouill\u00e9es<\/div>\n<\/li>\n<\/ul>\n<p>Con\u00e7ue pour : Trail<br \/>\nDrop De La Semelle Interm\u00e9diaire : 6mm<br \/>\nPoids : 9,8oz \/ 277,8g<br \/>\nRessenti de Foul\u00e9e : \u00c9quilibr\u00e9<\/p>\n<p>Un m\u00e9lange d\u2019amorti souple et dynamique qui offre une sensation de douceur \u00e0 chaque pas.<\/p>\n","protected":false},"excerpt":{"rendered":"<p>Couleur : sunny lime\/black\/magenta Pr\u00eate pour toutes les aventures, la Cascadia\u00a019 pour femme offre la douceur, l\u2019adaptabilit\u00e9 et la stabilit\u00e9 dont tu as besoin pour parcourir les sentiers difficiles en toute confiance. Durabilit\u00e9 69.6 % Mat\u00e9riaux recycl\u00e9s dans la tige Ce produit est certifi\u00e9 CarbonNeutral\u00ae. Caract\u00e9ristiques Foul\u00e9e adaptable Convient \u00e0 tout type de terrain Traction [&hellip;]<\/p>\n","protected":false},"featured_media":2950,"template":"","meta":[],"pwb-brand":[92],"product_brand":[],"product_cat":[36,39],"product_tag":[],"class_list":{"0":"post-2949","1":"product","2":"type-product","3":"status-publish","4":"has-post-thumbnail","6":"pwb-brand-brooks","7":"product_cat-chaussures-femmes","8":"product_cat-trail","10":"first","11":"instock","12":"featured","13":"shipping-taxable","14":"purchasable","15":"product-type-simple"},"brands":[{"id":92,"name":"BROOKS","slug":"brooks"}],"_links":{"self":[{"href":"https:\/\/rrunning.tribalt.agency\/index.php?rest_route=\/wp\/v2\/product\/2949","targetHints":{"allow":["GET"]}}],"collection":[{"href":"https:\/\/rrunning.tribalt.agency\/index.php?rest_route=\/wp\/v2\/product"}],"about":[{"href":"https:\/\/rrunning.tribalt.agency\/index.php?rest_route=\/wp\/v2\/types\/product"}],"wp:featuredmedia":[{"embeddable":true,"href":"https:\/\/rrunning.tribalt.agency\/index.php?rest_route=\/wp\/v2\/media\/2950"}],"wp:attachment":[{"href":"https:\/\/rrunning.tribalt.agency\/index.php?rest_route=%2Fwp%2Fv2%2Fmedia&parent=2949"}],"wp:term":[{"taxonomy":"pwb-brand","embeddable":true,"href":"https:\/\/rrunning.tribalt.agency\/index.php?rest_route=%2Fwp%2Fv2%2Fpwb-brand&post=2949"},{"taxonomy":"product_brand","embeddable":true,"href":"https:\/\/rrunning.tribalt.agency\/index.php?rest_route=%2Fwp%2Fv2%2Fproduct_brand&post=2949"},{"taxonomy":"product_cat","embeddable":true,"href":"https:\/\/rrunning.tribalt.agency\/index.php?rest_route=%2Fwp%2Fv2%2Fproduct_cat&post=2949"},{"taxonomy":"product_tag","embeddable":true,"href":"https:\/\/rrunning.tribalt.agency\/index.php?rest_route=%2Fwp%2Fv2%2Fproduct_tag&post=2949"}],"curies":[{"name":"wp","href":"https:\/\/api.w.org\/{rel}","templated":true}]}}