{"id":2929,"date":"2025-08-27T10:33:55","date_gmt":"2025-08-27T08:33:55","guid":{"rendered":"https:\/\/rrunning.tribalt.agency\/?post_type=product&#038;p=2929"},"modified":"2025-08-27T10:51:40","modified_gmt":"2025-08-27T08:51:40","slug":"hyperion-3-2","status":"publish","type":"product","link":"https:\/\/rrunning.tribalt.agency\/?product=hyperion-3-2","title":{"rendered":"HYPERION 3"},"content":{"rendered":"<p>L\u2019Hyperion 3 est dot\u00e9e d\u2019un amorti ultrar\u00e9actif, d\u2019une tige en mesh respirant et de mat\u00e9riaux l\u00e9gers pour des performances polyvalentes, notamment pour les runs rapides et les entra\u00eenements.<\/p>\n<p>Couleur : white\/pink clay\/atomizer<\/p>\n<p>Con\u00e7ue pour : Route<br \/>\nDrop De La Semelle Interm\u00e9diaire : 8mm<br \/>\nPoids : 8,2oz \/ 232,5g<br \/>\nRessenti de Foul\u00e9e : R\u00e9activit\u00e9<\/p>\n<p>Un amorti l\u00e9ger et dynamique qui vous propulse vers l\u2019avant.<\/p>\n","protected":false},"excerpt":{"rendered":"<p>L\u2019Hyperion 3 est dot\u00e9e d\u2019un amorti ultrar\u00e9actif, d\u2019une tige en mesh respirant et de mat\u00e9riaux l\u00e9gers pour des performances polyvalentes, notamment pour les runs rapides et les entra\u00eenements. Couleur : white\/pink clay\/atomizer Con\u00e7ue pour : Route Drop De La Semelle Interm\u00e9diaire : 8mm Poids : 8,2oz \/ 232,5g Ressenti de Foul\u00e9e : R\u00e9activit\u00e9 Un amorti [&hellip;]<\/p>\n","protected":false},"featured_media":2933,"template":"","meta":[],"pwb-brand":[92],"product_brand":[],"product_cat":[36,38],"product_tag":[],"class_list":{"0":"post-2929","1":"product","2":"type-product","3":"status-publish","4":"has-post-thumbnail","6":"pwb-brand-brooks","7":"product_cat-chaussures-femmes","8":"product_cat-route","10":"first","11":"instock","12":"featured","13":"shipping-taxable","14":"purchasable","15":"product-type-simple"},"brands":[{"id":92,"name":"BROOKS","slug":"brooks"}],"_links":{"self":[{"href":"https:\/\/rrunning.tribalt.agency\/index.php?rest_route=\/wp\/v2\/product\/2929","targetHints":{"allow":["GET"]}}],"collection":[{"href":"https:\/\/rrunning.tribalt.agency\/index.php?rest_route=\/wp\/v2\/product"}],"about":[{"href":"https:\/\/rrunning.tribalt.agency\/index.php?rest_route=\/wp\/v2\/types\/product"}],"wp:featuredmedia":[{"embeddable":true,"href":"https:\/\/rrunning.tribalt.agency\/index.php?rest_route=\/wp\/v2\/media\/2933"}],"wp:attachment":[{"href":"https:\/\/rrunning.tribalt.agency\/index.php?rest_route=%2Fwp%2Fv2%2Fmedia&parent=2929"}],"wp:term":[{"taxonomy":"pwb-brand","embeddable":true,"href":"https:\/\/rrunning.tribalt.agency\/index.php?rest_route=%2Fwp%2Fv2%2Fpwb-brand&post=2929"},{"taxonomy":"product_brand","embeddable":true,"href":"https:\/\/rrunning.tribalt.agency\/index.php?rest_route=%2Fwp%2Fv2%2Fproduct_brand&post=2929"},{"taxonomy":"product_cat","embeddable":true,"href":"https:\/\/rrunning.tribalt.agency\/index.php?rest_route=%2Fwp%2Fv2%2Fproduct_cat&post=2929"},{"taxonomy":"product_tag","embeddable":true,"href":"https:\/\/rrunning.tribalt.agency\/index.php?rest_route=%2Fwp%2Fv2%2Fproduct_tag&post=2929"}],"curies":[{"name":"wp","href":"https:\/\/api.w.org\/{rel}","templated":true}]}}