{"id":2922,"date":"2025-08-27T10:12:58","date_gmt":"2025-08-27T08:12:58","guid":{"rendered":"https:\/\/rrunning.tribalt.agency\/?post_type=product&#038;p=2922"},"modified":"2025-08-27T10:18:07","modified_gmt":"2025-08-27T08:18:07","slug":"adizero-boston-13-w","status":"publish","type":"product","link":"https:\/\/rrunning.tribalt.agency\/?product=adizero-boston-13-w","title":{"rendered":"ADIZERO BOSTON 13 W"},"content":{"rendered":"<p>Couleur : fusble\/zermet\/blebr<\/p>\n<p><strong data-start=\"1131\" data-end=\"1147\">Drop : 6 mm<\/strong><\/p>\n<h3 class=\"description_subtitle__5h3_L\">Une chaussure de running l\u00e9g\u00e8re cr\u00e9\u00e9e pour l'entra\u00eenement \u00e0 la vitesse et la pr\u00e9paration aux courses.<\/h3>\n<p class=\"description_margin__cBW26\">Repousse tes limites avec la l\u00e9g\u00e8ret\u00e9 et la relance dynamique de la chaussure de running adidas Adizero Boston\u00a013. Con\u00e7ue pour les entra\u00eenements intenses avant le jour\u00a0J, acc\u00e9l\u00e8re le rythme avec le confort d\u2019une tige en mesh respirant et un maintien parfait au niveau m\u00e9dio-pied. La semelle interm\u00e9diaire Lightstrike et Lightstrike Pro avec ENERGYRODS offre un retour d'\u00e9nergie dynamique \u00e0 chaque kilom\u00e8tre. Une semelle ext\u00e9rieure Lighttraxion offre une traction tout-terrain. Le caoutchouc Continental\u2122 au niveau de l\u2019avant-pied assure une adh\u00e9rence antid\u00e9rapante.<\/p>\n<div class=\"technologies-section_technologies-content-name__t8XiI\" data-testid=\"technology-name\"><strong>LIGHTSTRIKE<\/strong><\/div>\n<div class=\"technologies-section_technologies-content-title__JtIsW\" data-testid=\"technology-title\">L'amorti adidas Lightstrike ultra l\u00e9ger assure une vitesse ultime.<\/div>\n<div data-testid=\"technology-name\"><\/div>\n<div class=\"technologies-section_technologies-content-name__t8XiI\" data-testid=\"technology-name\"><strong>LIGHTSTRIKE PRO<\/strong><\/div>\n<p class=\"technologies-section_technologies-content-subtitle__slqN2\" data-testid=\"technology-summary\">La technologie adidas Lightstrike Pro offre un amorti ultra l\u00e9ger et un retour d'\u00e9nergie infini pour une vitesse exceptionnelle.<\/p>\n","protected":false},"excerpt":{"rendered":"<p>Couleur : fusble\/zermet\/blebr Drop : 6 mm Une chaussure de running l\u00e9g\u00e8re cr\u00e9\u00e9e pour l'entra\u00eenement \u00e0 la vitesse et la pr\u00e9paration aux courses. Repousse tes limites avec la l\u00e9g\u00e8ret\u00e9 et la relance dynamique de la chaussure de running adidas Adizero Boston\u00a013. Con\u00e7ue pour les entra\u00eenements intenses avant le jour\u00a0J, acc\u00e9l\u00e8re le rythme avec le confort [&hellip;]<\/p>\n","protected":false},"featured_media":2923,"template":"","meta":[],"pwb-brand":[149],"product_brand":[],"product_cat":[36,38],"product_tag":[],"class_list":{"0":"post-2922","1":"product","2":"type-product","3":"status-publish","4":"has-post-thumbnail","6":"pwb-brand-adidas","7":"product_cat-chaussures-femmes","8":"product_cat-route","10":"first","11":"instock","12":"shipping-taxable","13":"purchasable","14":"product-type-simple"},"brands":[{"id":149,"name":"ADIDAS","slug":"adidas"}],"_links":{"self":[{"href":"https:\/\/rrunning.tribalt.agency\/index.php?rest_route=\/wp\/v2\/product\/2922","targetHints":{"allow":["GET"]}}],"collection":[{"href":"https:\/\/rrunning.tribalt.agency\/index.php?rest_route=\/wp\/v2\/product"}],"about":[{"href":"https:\/\/rrunning.tribalt.agency\/index.php?rest_route=\/wp\/v2\/types\/product"}],"wp:featuredmedia":[{"embeddable":true,"href":"https:\/\/rrunning.tribalt.agency\/index.php?rest_route=\/wp\/v2\/media\/2923"}],"wp:attachment":[{"href":"https:\/\/rrunning.tribalt.agency\/index.php?rest_route=%2Fwp%2Fv2%2Fmedia&parent=2922"}],"wp:term":[{"taxonomy":"pwb-brand","embeddable":true,"href":"https:\/\/rrunning.tribalt.agency\/index.php?rest_route=%2Fwp%2Fv2%2Fpwb-brand&post=2922"},{"taxonomy":"product_brand","embeddable":true,"href":"https:\/\/rrunning.tribalt.agency\/index.php?rest_route=%2Fwp%2Fv2%2Fproduct_brand&post=2922"},{"taxonomy":"product_cat","embeddable":true,"href":"https:\/\/rrunning.tribalt.agency\/index.php?rest_route=%2Fwp%2Fv2%2Fproduct_cat&post=2922"},{"taxonomy":"product_tag","embeddable":true,"href":"https:\/\/rrunning.tribalt.agency\/index.php?rest_route=%2Fwp%2Fv2%2Fproduct_tag&post=2922"}],"curies":[{"name":"wp","href":"https:\/\/api.w.org\/{rel}","templated":true}]}}